{"id":64087,"date":"2024-05-05T17:06:21","date_gmt":"2024-05-05T14:06:21","guid":{"rendered":"https:\/\/nautical.store\/toode\/zoe-shorts\/"},"modified":"2026-03-30T11:12:28","modified_gmt":"2026-03-30T08:12:28","slug":"zoe-shorts","status":"publish","type":"product","link":"https:\/\/nautical.store\/fi\/tuote\/zoe-shorts\/","title":{"rendered":"Zoe Shorts"},"content":{"rendered":"<p>Mukavat kes\u00e4shortsit.<\/p>\n<ul>\n<li>Nappi ja vetoketju<\/li>\n<li>Vy\u00f6t\u00e4r\u00f6nauha s\u00e4\u00e4t\u00f6\u00e4 varten<\/li>\n<li>Taskut: 2 taskua edess\u00e4, 2 taskua takana<\/li>\n<\/ul>\n","protected":false},"excerpt":{"rendered":"<p>Mukavat kes\u00e4shortsit. Nappi ja vetoketju Vy\u00f6t\u00e4r\u00f6nauha s\u00e4\u00e4t\u00f6\u00e4 varten Taskut: 2 taskua edess\u00e4, 2 taskua takana<\/p>\n","protected":false},"featured_media":62083,"template":"","meta":{"_acf_changed":false},"pwb-brand":[959],"product_brand":[],"product_cat":[877,640,827],"product_tag":[],"woo-feed-brand":[],"class_list":{"0":"post-64087","1":"product","2":"type-product","3":"status-publish","4":"has-post-thumbnail","6":"pwb-brand-para-mi-fi","7":"product_cat-edullinen-hinta-naiset","8":"product_cat-housut-fi","9":"product_cat-naiset","11":"first","12":"instock","13":"sale","14":"taxable","15":"shipping-taxable","16":"purchasable","17":"product-type-variable","18":"wvs-archive-product-wrapper"},"acf":[],"brands":[{"id":959,"name":"Para Mi","slug":"para-mi-fi"}],"_links":{"self":[{"href":"https:\/\/nautical.store\/fi\/wp-json\/wp\/v2\/product\/64087","targetHints":{"allow":["GET"]}}],"collection":[{"href":"https:\/\/nautical.store\/fi\/wp-json\/wp\/v2\/product"}],"about":[{"href":"https:\/\/nautical.store\/fi\/wp-json\/wp\/v2\/types\/product"}],"wp:featuredmedia":[{"embeddable":true,"href":"https:\/\/nautical.store\/fi\/wp-json\/wp\/v2\/media\/62083"}],"wp:attachment":[{"href":"https:\/\/nautical.store\/fi\/wp-json\/wp\/v2\/media?parent=64087"}],"wp:term":[{"taxonomy":"pwb-brand","embeddable":true,"href":"https:\/\/nautical.store\/fi\/wp-json\/wp\/v2\/pwb-brand?post=64087"},{"taxonomy":"product_brand","embeddable":true,"href":"https:\/\/nautical.store\/fi\/wp-json\/wp\/v2\/product_brand?post=64087"},{"taxonomy":"product_cat","embeddable":true,"href":"https:\/\/nautical.store\/fi\/wp-json\/wp\/v2\/product_cat?post=64087"},{"taxonomy":"product_tag","embeddable":true,"href":"https:\/\/nautical.store\/fi\/wp-json\/wp\/v2\/product_tag?post=64087"},{"taxonomy":"woo-feed-brand","embeddable":true,"href":"https:\/\/nautical.store\/fi\/wp-json\/wp\/v2\/woo-feed-brand?post=64087"}],"curies":[{"name":"wp","href":"https:\/\/api.w.org\/{rel}","templated":true}]}}