{"id":64099,"date":"2024-04-16T16:12:05","date_gmt":"2024-04-16T13:12:05","guid":{"rendered":"https:\/\/nautical.store\/toode\/capri-casual-cotton\/"},"modified":"2026-03-30T10:21:02","modified_gmt":"2026-03-30T07:21:02","slug":"capri-casual-cotton","status":"publish","type":"product","link":"https:\/\/nautical.store\/fi\/tuote\/capri-casual-cotton\/","title":{"rendered":"Capri Casual Cotton"},"content":{"rendered":"<p>V\u00e4rikk\u00e4\u00e4t, 3\/4\u2011pituiset housut. Lahkeissa on halkiot. Kiinnitys on vetoketjulla ja napilla. Taskut: edess\u00e4 kaksi taskua ja takana kaksi taskua.<\/p>\n","protected":false},"excerpt":{"rendered":"<p>V\u00e4rikk\u00e4\u00e4t, 3\/4\u2011pituiset housut. Lahkeissa on halkiot. Kiinnitys on vetoketjulla ja napilla. Taskut: edess\u00e4 kaksi taskua ja takana kaksi taskua.<\/p>\n","protected":false},"featured_media":62044,"template":"","meta":{"_acf_changed":false},"pwb-brand":[959],"product_brand":[],"product_cat":[877,640,827],"product_tag":[],"woo-feed-brand":[],"class_list":{"0":"post-64099","1":"product","2":"type-product","3":"status-publish","4":"has-post-thumbnail","6":"pwb-brand-para-mi-fi","7":"product_cat-edullinen-hinta-naiset","8":"product_cat-housut-fi","9":"product_cat-naiset","11":"first","12":"instock","13":"sale","14":"taxable","15":"shipping-taxable","16":"purchasable","17":"product-type-variable","18":"wvs-archive-product-wrapper"},"acf":[],"brands":[{"id":959,"name":"Para Mi","slug":"para-mi-fi"}],"_links":{"self":[{"href":"https:\/\/nautical.store\/fi\/wp-json\/wp\/v2\/product\/64099","targetHints":{"allow":["GET"]}}],"collection":[{"href":"https:\/\/nautical.store\/fi\/wp-json\/wp\/v2\/product"}],"about":[{"href":"https:\/\/nautical.store\/fi\/wp-json\/wp\/v2\/types\/product"}],"wp:featuredmedia":[{"embeddable":true,"href":"https:\/\/nautical.store\/fi\/wp-json\/wp\/v2\/media\/62044"}],"wp:attachment":[{"href":"https:\/\/nautical.store\/fi\/wp-json\/wp\/v2\/media?parent=64099"}],"wp:term":[{"taxonomy":"pwb-brand","embeddable":true,"href":"https:\/\/nautical.store\/fi\/wp-json\/wp\/v2\/pwb-brand?post=64099"},{"taxonomy":"product_brand","embeddable":true,"href":"https:\/\/nautical.store\/fi\/wp-json\/wp\/v2\/product_brand?post=64099"},{"taxonomy":"product_cat","embeddable":true,"href":"https:\/\/nautical.store\/fi\/wp-json\/wp\/v2\/product_cat?post=64099"},{"taxonomy":"product_tag","embeddable":true,"href":"https:\/\/nautical.store\/fi\/wp-json\/wp\/v2\/product_tag?post=64099"},{"taxonomy":"woo-feed-brand","embeddable":true,"href":"https:\/\/nautical.store\/fi\/wp-json\/wp\/v2\/woo-feed-brand?post=64099"}],"curies":[{"name":"wp","href":"https:\/\/api.w.org\/{rel}","templated":true}]}}