{"id":64105,"date":"2024-04-16T14:06:07","date_gmt":"2024-04-16T11:06:07","guid":{"rendered":"https:\/\/nautical.store\/toode\/mira-shorts\/"},"modified":"2026-03-30T11:17:28","modified_gmt":"2026-03-30T08:17:28","slug":"mira-shorts","status":"publish","type":"product","link":"https:\/\/nautical.store\/fi\/tuote\/mira-shorts\/","title":{"rendered":"Mira Shorts"},"content":{"rendered":"<p>Mira Short on levein Para Mi -malli, jossa on korkea vy\u00f6t\u00e4r\u00f6 ja leve\u00e4 lahje.<\/p>\n<ul>\n<li>Korkealaatuista pellavaa, polyesteri\u00e4, viskoosia ja elastaania<\/li>\n<li>Joustava vy\u00f6t\u00e4r\u00f6, jossa kiristysnauha<\/li>\n<li>Kaksi sivutaskua<\/li>\n<li>Raidallinen kuvio antaa housuille tyylikk\u00e4\u00e4n ilmeen<\/li>\n<li>Koko 42 pituus 51 cm<\/li>\n<\/ul>\n","protected":false},"excerpt":{"rendered":"<p>Mira Short on levein Para Mi -malli, jossa on korkea vy\u00f6t\u00e4r\u00f6 ja leve\u00e4 lahje. Korkealaatuista pellavaa, polyesteri\u00e4, viskoosia ja elastaania Joustava vy\u00f6t\u00e4r\u00f6, jossa kiristysnauha Kaksi sivutaskua Raidallinen kuvio antaa housuille tyylikk\u00e4\u00e4n ilmeen Koko 42 pituus 51 cm<\/p>\n","protected":false},"featured_media":62059,"template":"","meta":{"_acf_changed":false},"pwb-brand":[959],"product_brand":[],"product_cat":[877,640,827],"product_tag":[],"woo-feed-brand":[],"class_list":{"0":"post-64105","1":"product","2":"type-product","3":"status-publish","4":"has-post-thumbnail","6":"pwb-brand-para-mi-fi","7":"product_cat-edullinen-hinta-naiset","8":"product_cat-housut-fi","9":"product_cat-naiset","11":"first","12":"instock","13":"sale","14":"taxable","15":"shipping-taxable","16":"purchasable","17":"product-type-variable","18":"wvs-archive-product-wrapper"},"acf":[],"brands":[{"id":959,"name":"Para Mi","slug":"para-mi-fi"}],"_links":{"self":[{"href":"https:\/\/nautical.store\/fi\/wp-json\/wp\/v2\/product\/64105","targetHints":{"allow":["GET"]}}],"collection":[{"href":"https:\/\/nautical.store\/fi\/wp-json\/wp\/v2\/product"}],"about":[{"href":"https:\/\/nautical.store\/fi\/wp-json\/wp\/v2\/types\/product"}],"wp:featuredmedia":[{"embeddable":true,"href":"https:\/\/nautical.store\/fi\/wp-json\/wp\/v2\/media\/62059"}],"wp:attachment":[{"href":"https:\/\/nautical.store\/fi\/wp-json\/wp\/v2\/media?parent=64105"}],"wp:term":[{"taxonomy":"pwb-brand","embeddable":true,"href":"https:\/\/nautical.store\/fi\/wp-json\/wp\/v2\/pwb-brand?post=64105"},{"taxonomy":"product_brand","embeddable":true,"href":"https:\/\/nautical.store\/fi\/wp-json\/wp\/v2\/product_brand?post=64105"},{"taxonomy":"product_cat","embeddable":true,"href":"https:\/\/nautical.store\/fi\/wp-json\/wp\/v2\/product_cat?post=64105"},{"taxonomy":"product_tag","embeddable":true,"href":"https:\/\/nautical.store\/fi\/wp-json\/wp\/v2\/product_tag?post=64105"},{"taxonomy":"woo-feed-brand","embeddable":true,"href":"https:\/\/nautical.store\/fi\/wp-json\/wp\/v2\/woo-feed-brand?post=64105"}],"curies":[{"name":"wp","href":"https:\/\/api.w.org\/{rel}","templated":true}]}}