{"id":64142,"date":"2024-04-15T12:18:29","date_gmt":"2024-04-15T09:18:29","guid":{"rendered":"https:\/\/nautical.store\/toode\/ocean-wonder-mekko\/"},"modified":"2025-05-19T22:11:33","modified_gmt":"2025-05-19T19:11:33","slug":"ocean-wonder-mekko","status":"publish","type":"product","link":"https:\/\/nautical.store\/fi\/tuote\/ocean-wonder-mekko\/","title":{"rendered":"Ocean Wonder Mekko"},"content":{"rendered":"<p>Hihaton V-p\u00e4\u00e4ntie kes\u00e4mekko, jossa on kevyt vuori.<\/p>\n<ul>\n<li>Materiaali: 96% polyesteri\u00e4, 4% elastaania<\/li>\n<li>A-leikkaus<\/li>\n<li>Koko 36 Mekon kokonaispituus 98 cm<\/li>\n<\/ul>\n","protected":false},"excerpt":{"rendered":"<p>Hihaton V-p\u00e4\u00e4ntie kes\u00e4mekko, jossa on kevyt vuori. Materiaali: 96% polyesteri\u00e4, 4% elastaania A-leikkaus Koko 36 Mekon kokonaispituus 98 cm<\/p>\n","protected":false},"featured_media":64303,"template":"","meta":{"_acf_changed":false},"pwb-brand":[1640],"product_brand":[],"product_cat":[2183],"product_tag":[],"woo-feed-brand":[],"class_list":{"0":"post-64142","1":"product","2":"type-product","3":"status-publish","4":"has-post-thumbnail","6":"pwb-brand-esqualo-fi","7":"product_cat-outlet-fi","9":"first","10":"instock","11":"sale","12":"taxable","13":"shipping-taxable","14":"purchasable","15":"product-type-variable","16":"wvs-archive-product-wrapper"},"acf":[],"brands":[{"id":1640,"name":"EsQualo","slug":"esqualo-fi"}],"_links":{"self":[{"href":"https:\/\/nautical.store\/fi\/wp-json\/wp\/v2\/product\/64142","targetHints":{"allow":["GET"]}}],"collection":[{"href":"https:\/\/nautical.store\/fi\/wp-json\/wp\/v2\/product"}],"about":[{"href":"https:\/\/nautical.store\/fi\/wp-json\/wp\/v2\/types\/product"}],"wp:featuredmedia":[{"embeddable":true,"href":"https:\/\/nautical.store\/fi\/wp-json\/wp\/v2\/media\/64303"}],"wp:attachment":[{"href":"https:\/\/nautical.store\/fi\/wp-json\/wp\/v2\/media?parent=64142"}],"wp:term":[{"taxonomy":"pwb-brand","embeddable":true,"href":"https:\/\/nautical.store\/fi\/wp-json\/wp\/v2\/pwb-brand?post=64142"},{"taxonomy":"product_brand","embeddable":true,"href":"https:\/\/nautical.store\/fi\/wp-json\/wp\/v2\/product_brand?post=64142"},{"taxonomy":"product_cat","embeddable":true,"href":"https:\/\/nautical.store\/fi\/wp-json\/wp\/v2\/product_cat?post=64142"},{"taxonomy":"product_tag","embeddable":true,"href":"https:\/\/nautical.store\/fi\/wp-json\/wp\/v2\/product_tag?post=64142"},{"taxonomy":"woo-feed-brand","embeddable":true,"href":"https:\/\/nautical.store\/fi\/wp-json\/wp\/v2\/woo-feed-brand?post=64142"}],"curies":[{"name":"wp","href":"https:\/\/api.w.org\/{rel}","templated":true}]}}