{"id":64155,"date":"2024-05-02T13:16:24","date_gmt":"2024-05-02T10:16:24","guid":{"rendered":"https:\/\/nautical.store\/toode\/mekko\/"},"modified":"2025-06-30T12:00:39","modified_gmt":"2025-06-30T09:00:39","slug":"mekko","status":"publish","type":"product","link":"https:\/\/nautical.store\/fi\/tuote\/mekko\/","title":{"rendered":"Esqualo kietaisumekko"},"content":{"rendered":"<p><!--StartFragment --><\/p>\n<p>Pitk\u00e4 kietaisumekko vy\u00f6ll\u00e4 \u2013 eritt\u00e4in mukava ja pehme\u00e4 p\u00e4\u00e4ll\u00e4.<\/p>\n<ul>\n<li>Lyhyet hihat<\/li>\n<li>Py\u00f6re\u00e4 p\u00e4\u00e4ntie<\/li>\n<li>Edess\u00e4 kietaisuleikkaus<\/li>\n<li>Koko M: pituus noin 125 cm<\/li>\n<li>Mallin pituus 173 cm, k\u00e4ytt\u00e4\u00e4 kokoa S<\/li>\n<\/ul>\n<p><!--EndFragment --><\/p>\n","protected":false},"excerpt":{"rendered":"<p>Pitk\u00e4 kietaisumekko vy\u00f6ll\u00e4 \u2013 eritt\u00e4in mukava ja pehme\u00e4 p\u00e4\u00e4ll\u00e4. Lyhyet hihat Py\u00f6re\u00e4 p\u00e4\u00e4ntie Edess\u00e4 kietaisuleikkaus Koko M: pituus noin 125 cm Mallin pituus 173 cm, k\u00e4ytt\u00e4\u00e4 kokoa S<\/p>\n","protected":false},"featured_media":62480,"template":"","meta":{"_acf_changed":false},"pwb-brand":[1640],"product_brand":[],"product_cat":[877,593,827],"product_tag":[],"woo-feed-brand":[],"class_list":{"0":"post-64155","1":"product","2":"type-product","3":"status-publish","4":"has-post-thumbnail","6":"pwb-brand-esqualo-fi","7":"product_cat-edullinen-hinta-naiset","8":"product_cat-mekot","9":"product_cat-naiset","11":"first","12":"instock","13":"sale","14":"taxable","15":"shipping-taxable","16":"purchasable","17":"product-type-variable","18":"wvs-archive-product-wrapper"},"acf":[],"brands":[{"id":1640,"name":"EsQualo","slug":"esqualo-fi"}],"_links":{"self":[{"href":"https:\/\/nautical.store\/fi\/wp-json\/wp\/v2\/product\/64155","targetHints":{"allow":["GET"]}}],"collection":[{"href":"https:\/\/nautical.store\/fi\/wp-json\/wp\/v2\/product"}],"about":[{"href":"https:\/\/nautical.store\/fi\/wp-json\/wp\/v2\/types\/product"}],"wp:featuredmedia":[{"embeddable":true,"href":"https:\/\/nautical.store\/fi\/wp-json\/wp\/v2\/media\/62480"}],"wp:attachment":[{"href":"https:\/\/nautical.store\/fi\/wp-json\/wp\/v2\/media?parent=64155"}],"wp:term":[{"taxonomy":"pwb-brand","embeddable":true,"href":"https:\/\/nautical.store\/fi\/wp-json\/wp\/v2\/pwb-brand?post=64155"},{"taxonomy":"product_brand","embeddable":true,"href":"https:\/\/nautical.store\/fi\/wp-json\/wp\/v2\/product_brand?post=64155"},{"taxonomy":"product_cat","embeddable":true,"href":"https:\/\/nautical.store\/fi\/wp-json\/wp\/v2\/product_cat?post=64155"},{"taxonomy":"product_tag","embeddable":true,"href":"https:\/\/nautical.store\/fi\/wp-json\/wp\/v2\/product_tag?post=64155"},{"taxonomy":"woo-feed-brand","embeddable":true,"href":"https:\/\/nautical.store\/fi\/wp-json\/wp\/v2\/woo-feed-brand?post=64155"}],"curies":[{"name":"wp","href":"https:\/\/api.w.org\/{rel}","templated":true}]}}