{"id":64166,"date":"2024-04-12T16:02:34","date_gmt":"2024-04-12T13:02:34","guid":{"rendered":"https:\/\/nautical.store\/toode\/zigzag-mekko\/"},"modified":"2025-05-19T22:33:29","modified_gmt":"2025-05-19T19:33:29","slug":"zigzag-mekko","status":"publish","type":"product","link":"https:\/\/nautical.store\/fi\/tuote\/zigzag-mekko\/","title":{"rendered":"ZigZag Mekko"},"content":{"rendered":"<p>Siksak-kuvioinen kes\u00e4inen lyhythihainen mekko v\u00e4rikk\u00e4\u00e4ll\u00e4 kuviolla.<\/p>\n<ul>\n<li>Materiaali: 100% viskoosia<\/li>\n<li>V-p\u00e4\u00e4ntie<\/li>\n<li>Koko M, kokonaispituus 100 cm<\/li>\n<\/ul>\n","protected":false},"excerpt":{"rendered":"<p>Siksak-kuvioinen kes\u00e4inen lyhythihainen mekko v\u00e4rikk\u00e4\u00e4ll\u00e4 kuviolla. Materiaali: 100% viskoosia V-p\u00e4\u00e4ntie Koko M, kokonaispituus 100 cm<\/p>\n","protected":false},"featured_media":62433,"template":"","meta":{"_acf_changed":false},"pwb-brand":[1640],"product_brand":[],"product_cat":[2183],"product_tag":[],"woo-feed-brand":[],"class_list":{"0":"post-64166","1":"product","2":"type-product","3":"status-publish","4":"has-post-thumbnail","6":"pwb-brand-esqualo-fi","7":"product_cat-outlet-fi","9":"first","10":"instock","11":"sale","12":"taxable","13":"shipping-taxable","14":"purchasable","15":"product-type-variable","16":"wvs-archive-product-wrapper"},"acf":[],"brands":[{"id":1640,"name":"EsQualo","slug":"esqualo-fi"}],"_links":{"self":[{"href":"https:\/\/nautical.store\/fi\/wp-json\/wp\/v2\/product\/64166","targetHints":{"allow":["GET"]}}],"collection":[{"href":"https:\/\/nautical.store\/fi\/wp-json\/wp\/v2\/product"}],"about":[{"href":"https:\/\/nautical.store\/fi\/wp-json\/wp\/v2\/types\/product"}],"wp:featuredmedia":[{"embeddable":true,"href":"https:\/\/nautical.store\/fi\/wp-json\/wp\/v2\/media\/62433"}],"wp:attachment":[{"href":"https:\/\/nautical.store\/fi\/wp-json\/wp\/v2\/media?parent=64166"}],"wp:term":[{"taxonomy":"pwb-brand","embeddable":true,"href":"https:\/\/nautical.store\/fi\/wp-json\/wp\/v2\/pwb-brand?post=64166"},{"taxonomy":"product_brand","embeddable":true,"href":"https:\/\/nautical.store\/fi\/wp-json\/wp\/v2\/product_brand?post=64166"},{"taxonomy":"product_cat","embeddable":true,"href":"https:\/\/nautical.store\/fi\/wp-json\/wp\/v2\/product_cat?post=64166"},{"taxonomy":"product_tag","embeddable":true,"href":"https:\/\/nautical.store\/fi\/wp-json\/wp\/v2\/product_tag?post=64166"},{"taxonomy":"woo-feed-brand","embeddable":true,"href":"https:\/\/nautical.store\/fi\/wp-json\/wp\/v2\/woo-feed-brand?post=64166"}],"curies":[{"name":"wp","href":"https:\/\/api.w.org\/{rel}","templated":true}]}}