{"id":64171,"date":"2024-05-02T17:09:39","date_gmt":"2024-05-02T14:09:39","guid":{"rendered":"https:\/\/nautical.store\/toode\/singlet-toppi\/"},"modified":"2025-05-19T22:47:45","modified_gmt":"2025-05-19T19:47:45","slug":"singlet-toppi","status":"publish","type":"product","link":"https:\/\/nautical.store\/fi\/tuote\/singlet-toppi\/","title":{"rendered":"Singlet Toppi"},"content":{"rendered":"<p>Kevyt kes\u00e4n toppi. Sopii k\u00e4ytett\u00e4v\u00e4ksi hameiden tai farkkujen kanssa.<\/p>\n<ul>\n<li>Materiaali: 75 % viskoosia, 25 % polyesteri\u00e4<\/li>\n<li>V-p\u00e4\u00e4ntie<\/li>\n<li>Koko L kokonaispituus 66 cm<\/li>\n<\/ul>\n","protected":false},"excerpt":{"rendered":"<p>Kevyt kes\u00e4n toppi. Sopii k\u00e4ytett\u00e4v\u00e4ksi hameiden tai farkkujen kanssa. Materiaali: 75 % viskoosia, 25 % polyesteri\u00e4 V-p\u00e4\u00e4ntie Koko L kokonaispituus 66 cm<\/p>\n","protected":false},"featured_media":62397,"template":"","meta":{"_acf_changed":false},"pwb-brand":[1640],"product_brand":[],"product_cat":[877,827,590],"product_tag":[],"woo-feed-brand":[],"class_list":{"0":"post-64171","1":"product","2":"type-product","3":"status-publish","4":"has-post-thumbnail","6":"pwb-brand-esqualo-fi","7":"product_cat-edullinen-hinta-naiset","8":"product_cat-naiset","9":"product_cat-paidat","11":"first","12":"instock","13":"sale","14":"taxable","15":"shipping-taxable","16":"purchasable","17":"product-type-variable","18":"wvs-archive-product-wrapper"},"acf":[],"brands":[{"id":1640,"name":"EsQualo","slug":"esqualo-fi"}],"_links":{"self":[{"href":"https:\/\/nautical.store\/fi\/wp-json\/wp\/v2\/product\/64171","targetHints":{"allow":["GET"]}}],"collection":[{"href":"https:\/\/nautical.store\/fi\/wp-json\/wp\/v2\/product"}],"about":[{"href":"https:\/\/nautical.store\/fi\/wp-json\/wp\/v2\/types\/product"}],"wp:featuredmedia":[{"embeddable":true,"href":"https:\/\/nautical.store\/fi\/wp-json\/wp\/v2\/media\/62397"}],"wp:attachment":[{"href":"https:\/\/nautical.store\/fi\/wp-json\/wp\/v2\/media?parent=64171"}],"wp:term":[{"taxonomy":"pwb-brand","embeddable":true,"href":"https:\/\/nautical.store\/fi\/wp-json\/wp\/v2\/pwb-brand?post=64171"},{"taxonomy":"product_brand","embeddable":true,"href":"https:\/\/nautical.store\/fi\/wp-json\/wp\/v2\/product_brand?post=64171"},{"taxonomy":"product_cat","embeddable":true,"href":"https:\/\/nautical.store\/fi\/wp-json\/wp\/v2\/product_cat?post=64171"},{"taxonomy":"product_tag","embeddable":true,"href":"https:\/\/nautical.store\/fi\/wp-json\/wp\/v2\/product_tag?post=64171"},{"taxonomy":"woo-feed-brand","embeddable":true,"href":"https:\/\/nautical.store\/fi\/wp-json\/wp\/v2\/woo-feed-brand?post=64171"}],"curies":[{"name":"wp","href":"https:\/\/api.w.org\/{rel}","templated":true}]}}