{"id":64195,"date":"2024-04-29T16:36:21","date_gmt":"2024-04-29T13:36:21","guid":{"rendered":"https:\/\/nautical.store\/toode\/t-paita-silk\/"},"modified":"2025-05-19T22:04:09","modified_gmt":"2025-05-19T19:04:09","slug":"t-paita-silk","status":"publish","type":"product","link":"https:\/\/nautical.store\/fi\/tuote\/t-paita-silk\/","title":{"rendered":"T-Paita Silk"},"content":{"rendered":"<p>Mukava naisten lyhythihainen t-paita, joka on valmistettu puuvillan ja silkin sekoituksesta.<\/p>\n<ul>\n<li>Takakangas 100 % puuvillatrikoota<\/li>\n<li>Etukangas 100 % silkki\u00e4<\/li>\n<li>Py\u00f6re\u00e4 kaula-aukko<\/li>\n<\/ul>\n","protected":false},"excerpt":{"rendered":"<p>Mukava naisten lyhythihainen t-paita, joka on valmistettu puuvillan ja silkin sekoituksesta. Takakangas 100 % puuvillatrikoota Etukangas 100 % silkki\u00e4 Py\u00f6re\u00e4 kaula-aukko<\/p>\n","protected":false},"featured_media":63127,"template":"","meta":{"_acf_changed":false},"pwb-brand":[1640],"product_brand":[],"product_cat":[2183],"product_tag":[],"woo-feed-brand":[],"class_list":{"0":"post-64195","1":"product","2":"type-product","3":"status-publish","4":"has-post-thumbnail","6":"pwb-brand-esqualo-fi","7":"product_cat-outlet-fi","9":"first","10":"instock","11":"sale","12":"taxable","13":"shipping-taxable","14":"purchasable","15":"product-type-variable","16":"wvs-archive-product-wrapper"},"acf":[],"brands":[{"id":1640,"name":"EsQualo","slug":"esqualo-fi"}],"_links":{"self":[{"href":"https:\/\/nautical.store\/fi\/wp-json\/wp\/v2\/product\/64195","targetHints":{"allow":["GET"]}}],"collection":[{"href":"https:\/\/nautical.store\/fi\/wp-json\/wp\/v2\/product"}],"about":[{"href":"https:\/\/nautical.store\/fi\/wp-json\/wp\/v2\/types\/product"}],"wp:featuredmedia":[{"embeddable":true,"href":"https:\/\/nautical.store\/fi\/wp-json\/wp\/v2\/media\/63127"}],"wp:attachment":[{"href":"https:\/\/nautical.store\/fi\/wp-json\/wp\/v2\/media?parent=64195"}],"wp:term":[{"taxonomy":"pwb-brand","embeddable":true,"href":"https:\/\/nautical.store\/fi\/wp-json\/wp\/v2\/pwb-brand?post=64195"},{"taxonomy":"product_brand","embeddable":true,"href":"https:\/\/nautical.store\/fi\/wp-json\/wp\/v2\/product_brand?post=64195"},{"taxonomy":"product_cat","embeddable":true,"href":"https:\/\/nautical.store\/fi\/wp-json\/wp\/v2\/product_cat?post=64195"},{"taxonomy":"product_tag","embeddable":true,"href":"https:\/\/nautical.store\/fi\/wp-json\/wp\/v2\/product_tag?post=64195"},{"taxonomy":"woo-feed-brand","embeddable":true,"href":"https:\/\/nautical.store\/fi\/wp-json\/wp\/v2\/woo-feed-brand?post=64195"}],"curies":[{"name":"wp","href":"https:\/\/api.w.org\/{rel}","templated":true}]}}