{"id":64209,"date":"2024-04-16T12:48:24","date_gmt":"2024-04-16T09:48:24","guid":{"rendered":"https:\/\/nautical.store\/toode\/vesipullo-650-ml\/"},"modified":"2025-11-24T15:25:56","modified_gmt":"2025-11-24T13:25:56","slug":"vesipullo-650-ml","status":"publish","type":"product","link":"https:\/\/nautical.store\/fi\/tuote\/vesipullo-650-ml\/","title":{"rendered":"PelleP Juomapullo 650 ml"},"content":{"rendered":"<p><!--StartFragment --><\/p>\n<p>Kaksoissein\u00e4m\u00e4inen ruostumaton ter\u00e4s ja vakuumitiiviste takaavat, ett\u00e4 juomat pysyv\u00e4t kuumina tai kylmin\u00e4 jopa 12 tuntia.<\/p>\n<p>&nbsp;<\/p>\n<ul>\n<li>Kaksoissein\u00e4m\u00e4inen ruostumaton ter\u00e4s, vakuumitiiviste<\/li>\n<li>Juominen on helppoa k\u00e4tev\u00e4n juomapillin avulla<\/li>\n<li>Kannessa oleva kahva tekee pullon kantamisesta vaivatonta<\/li>\n<li>Kest\u00e4v\u00e4 ja korroosionkest\u00e4v\u00e4<\/li>\n<li>BPA\u2011vapaa<\/li>\n<li>Materiaali: 304 ruostumaton ter\u00e4s<\/li>\n<li>Pullon korkeus: 26,5 cm<\/li>\n<li>Mukana puhdistusharja<\/li>\n<li>Erinomainen korroosionkest\u00e4vyys<\/li>\n<\/ul>\n<p><!--EndFragment --><\/p>\n","protected":false},"excerpt":{"rendered":"<p><!--StartFragment --><\/p>\n<p>PelleP vesipullo 650 ml<\/p>\n<p><!--EndFragment --><\/p>\n","protected":false},"featured_media":61993,"template":"","meta":{"_acf_changed":false},"pwb-brand":[838],"product_brand":[],"product_cat":[628,629,777,827],"product_tag":[],"woo-feed-brand":[],"class_list":{"0":"post-64209","1":"product","2":"type-product","3":"status-publish","4":"has-post-thumbnail","6":"pwb-brand-pelle-petterson-fi","7":"product_cat-asusteet","8":"product_cat-asusteet-naiset","9":"product_cat-miehet","10":"product_cat-naiset","12":"first","13":"instock","14":"taxable","15":"shipping-taxable","16":"purchasable","17":"product-type-simple"},"acf":[],"brands":[{"id":838,"name":"Pelle Petterson","slug":"pelle-petterson-fi"}],"_links":{"self":[{"href":"https:\/\/nautical.store\/fi\/wp-json\/wp\/v2\/product\/64209","targetHints":{"allow":["GET"]}}],"collection":[{"href":"https:\/\/nautical.store\/fi\/wp-json\/wp\/v2\/product"}],"about":[{"href":"https:\/\/nautical.store\/fi\/wp-json\/wp\/v2\/types\/product"}],"wp:featuredmedia":[{"embeddable":true,"href":"https:\/\/nautical.store\/fi\/wp-json\/wp\/v2\/media\/61993"}],"wp:attachment":[{"href":"https:\/\/nautical.store\/fi\/wp-json\/wp\/v2\/media?parent=64209"}],"wp:term":[{"taxonomy":"pwb-brand","embeddable":true,"href":"https:\/\/nautical.store\/fi\/wp-json\/wp\/v2\/pwb-brand?post=64209"},{"taxonomy":"product_brand","embeddable":true,"href":"https:\/\/nautical.store\/fi\/wp-json\/wp\/v2\/product_brand?post=64209"},{"taxonomy":"product_cat","embeddable":true,"href":"https:\/\/nautical.store\/fi\/wp-json\/wp\/v2\/product_cat?post=64209"},{"taxonomy":"product_tag","embeddable":true,"href":"https:\/\/nautical.store\/fi\/wp-json\/wp\/v2\/product_tag?post=64209"},{"taxonomy":"woo-feed-brand","embeddable":true,"href":"https:\/\/nautical.store\/fi\/wp-json\/wp\/v2\/woo-feed-brand?post=64209"}],"curies":[{"name":"wp","href":"https:\/\/api.w.org\/{rel}","templated":true}]}}