{"id":64211,"date":"2024-04-15T16:45:48","date_gmt":"2024-04-15T13:45:48","guid":{"rendered":"https:\/\/nautical.store\/toode\/n-dock-strap-mekko\/"},"modified":"2026-03-20T22:06:31","modified_gmt":"2026-03-20T20:06:31","slug":"n-dock-strap-mekko","status":"publish","type":"product","link":"https:\/\/nautical.store\/fi\/tuote\/n-dock-strap-mekko\/","title":{"rendered":"PelleP Dock Strap Mekko"},"content":{"rendered":"<p><!--StartFragment --><\/p>\n<p>Dock Strap \u2011mekko on t\u00e4ydellinen valinta kes\u00e4p\u00e4iv\u00e4\u00e4n. Hieman rakenteinen trikookangas on pehme\u00e4 ja miellytt\u00e4v\u00e4 p\u00e4\u00e4ll\u00e4. Mekossa on vuorattu yl\u00e4osa ja s\u00e4\u00e4dett\u00e4v\u00e4t olkaimet, jotka takaavat mukavan istuvuuden kaikille vartalotyypeille. Dock Strap \u2011mekko korostaa kauniisti vartalon linjoja kevyen A-linjaisen siluetin, kauniin p\u00e4\u00e4ntien ja matalamman selk\u00e4leikkauksen ansiosta.<\/p>\n<ul>\n<li>Materiaali: 95 % puuvillaa, 5 % elastaania<\/li>\n<li>Valmistettu pehme\u00e4st\u00e4 trikookankaasta<\/li>\n<li>Yl\u00e4osa on vuorattu<\/li>\n<li>S\u00e4\u00e4dett\u00e4v\u00e4t olkaimet<\/li>\n<li>Halkiot sivuilla<\/li>\n<li>Tasosaumat sivusaumoissa<\/li>\n<li>Pelle P \u2011metallilogo<\/li>\n<li>P\u2011logokirjailu sel\u00e4ss\u00e4<\/li>\n<li>Koko XS: kokonaispituus 80 cm<\/li>\n<\/ul>\n<p><!--EndFragment --><\/p>\n","protected":false},"excerpt":{"rendered":"<p>Dock Strap \u2011mekko on t\u00e4ydellinen valinta kes\u00e4p\u00e4iv\u00e4\u00e4n. Hieman rakenteinen trikookangas on pehme\u00e4 ja miellytt\u00e4v\u00e4 p\u00e4\u00e4ll\u00e4. Mekossa on vuorattu yl\u00e4osa ja s\u00e4\u00e4dett\u00e4v\u00e4t olkaimet, jotka takaavat mukavan istuvuuden kaikille vartalotyypeille. Dock Strap \u2011mekko korostaa kauniisti vartalon linjoja kevyen A-linjaisen siluetin, kauniin p\u00e4\u00e4ntien ja matalamman selk\u00e4leikkauksen ansiosta. Materiaali: 95 % puuvillaa, 5 % elastaania Valmistettu pehme\u00e4st\u00e4 trikookankaasta Yl\u00e4osa [&hellip;]<\/p>\n","protected":false},"featured_media":92371,"template":"","meta":{"_acf_changed":false},"pwb-brand":[838],"product_brand":[],"product_cat":[593,827],"product_tag":[],"woo-feed-brand":[],"class_list":{"0":"post-64211","1":"product","2":"type-product","3":"status-publish","4":"has-post-thumbnail","6":"pwb-brand-pelle-petterson-fi","7":"product_cat-mekot","8":"product_cat-naiset","10":"first","11":"instock","12":"taxable","13":"shipping-taxable","14":"purchasable","15":"product-type-variable","16":"wvs-archive-product-wrapper"},"acf":[],"brands":[{"id":838,"name":"Pelle Petterson","slug":"pelle-petterson-fi"}],"_links":{"self":[{"href":"https:\/\/nautical.store\/fi\/wp-json\/wp\/v2\/product\/64211","targetHints":{"allow":["GET"]}}],"collection":[{"href":"https:\/\/nautical.store\/fi\/wp-json\/wp\/v2\/product"}],"about":[{"href":"https:\/\/nautical.store\/fi\/wp-json\/wp\/v2\/types\/product"}],"wp:featuredmedia":[{"embeddable":true,"href":"https:\/\/nautical.store\/fi\/wp-json\/wp\/v2\/media\/92371"}],"wp:attachment":[{"href":"https:\/\/nautical.store\/fi\/wp-json\/wp\/v2\/media?parent=64211"}],"wp:term":[{"taxonomy":"pwb-brand","embeddable":true,"href":"https:\/\/nautical.store\/fi\/wp-json\/wp\/v2\/pwb-brand?post=64211"},{"taxonomy":"product_brand","embeddable":true,"href":"https:\/\/nautical.store\/fi\/wp-json\/wp\/v2\/product_brand?post=64211"},{"taxonomy":"product_cat","embeddable":true,"href":"https:\/\/nautical.store\/fi\/wp-json\/wp\/v2\/product_cat?post=64211"},{"taxonomy":"product_tag","embeddable":true,"href":"https:\/\/nautical.store\/fi\/wp-json\/wp\/v2\/product_tag?post=64211"},{"taxonomy":"woo-feed-brand","embeddable":true,"href":"https:\/\/nautical.store\/fi\/wp-json\/wp\/v2\/woo-feed-brand?post=64211"}],"curies":[{"name":"wp","href":"https:\/\/api.w.org\/{rel}","templated":true}]}}