{"id":64556,"date":"2024-05-11T13:31:45","date_gmt":"2024-05-11T10:31:45","guid":{"rendered":"https:\/\/nautical.store\/toode\/fast-dry-cap\/"},"modified":"2024-05-11T13:31:45","modified_gmt":"2024-05-11T10:31:45","slug":"fast-dry-cap","status":"publish","type":"product","link":"https:\/\/nautical.store\/fi\/tuote\/fast-dry-cap\/","title":{"rendered":"Fast Dry Cap"},"content":{"rendered":"<p>Nopeasti kuivuva pipo.<\/p>\n<ul>\n<li>Materiaali: 100 % polyamidia<\/li>\n<li>Pelle P -logo edess\u00e4<\/li>\n<li>Pelle P True Experience painettu logo takana<\/li>\n<li>S\u00e4\u00e4dett\u00e4v\u00e4<\/li>\n<\/ul>\n","protected":false},"excerpt":{"rendered":"<p>Nopeasti kuivuva pipo. Materiaali: 100 % polyamidia Pelle P -logo edess\u00e4 Pelle P True Experience painettu logo takana S\u00e4\u00e4dett\u00e4v\u00e4<\/p>\n","protected":false},"featured_media":64437,"template":"","meta":{"_acf_changed":false},"pwb-brand":[838],"product_brand":[],"product_cat":[628,629,1180,777,1259,827,1260],"product_tag":[],"woo-feed-brand":[],"class_list":{"0":"post-64556","1":"product","2":"type-product","3":"status-publish","4":"has-post-thumbnail","6":"pwb-brand-pelle-petterson-fi","7":"product_cat-asusteet","8":"product_cat-asusteet-naiset","9":"product_cat-golf-fi","10":"product_cat-miehet","11":"product_cat-miesten-golfvaatteet","12":"product_cat-naiset","13":"product_cat-naisten-golfvaatteet","15":"first","16":"outofstock","17":"taxable","18":"shipping-taxable","19":"product-type-variable","20":"wvs-archive-product-wrapper"},"acf":[],"brands":[{"id":838,"name":"Pelle Petterson","slug":"pelle-petterson-fi"}],"_links":{"self":[{"href":"https:\/\/nautical.store\/fi\/wp-json\/wp\/v2\/product\/64556","targetHints":{"allow":["GET"]}}],"collection":[{"href":"https:\/\/nautical.store\/fi\/wp-json\/wp\/v2\/product"}],"about":[{"href":"https:\/\/nautical.store\/fi\/wp-json\/wp\/v2\/types\/product"}],"wp:featuredmedia":[{"embeddable":true,"href":"https:\/\/nautical.store\/fi\/wp-json\/wp\/v2\/media\/64437"}],"wp:attachment":[{"href":"https:\/\/nautical.store\/fi\/wp-json\/wp\/v2\/media?parent=64556"}],"wp:term":[{"taxonomy":"pwb-brand","embeddable":true,"href":"https:\/\/nautical.store\/fi\/wp-json\/wp\/v2\/pwb-brand?post=64556"},{"taxonomy":"product_brand","embeddable":true,"href":"https:\/\/nautical.store\/fi\/wp-json\/wp\/v2\/product_brand?post=64556"},{"taxonomy":"product_cat","embeddable":true,"href":"https:\/\/nautical.store\/fi\/wp-json\/wp\/v2\/product_cat?post=64556"},{"taxonomy":"product_tag","embeddable":true,"href":"https:\/\/nautical.store\/fi\/wp-json\/wp\/v2\/product_tag?post=64556"},{"taxonomy":"woo-feed-brand","embeddable":true,"href":"https:\/\/nautical.store\/fi\/wp-json\/wp\/v2\/woo-feed-brand?post=64556"}],"curies":[{"name":"wp","href":"https:\/\/api.w.org\/{rel}","templated":true}]}}