{"id":64561,"date":"2024-05-11T11:08:30","date_gmt":"2024-05-11T08:08:30","guid":{"rendered":"https:\/\/nautical.store\/toode\/signatured-washed-cap\/"},"modified":"2024-05-25T12:44:30","modified_gmt":"2024-05-25T09:44:30","slug":"signatured-washed-cap","status":"publish","type":"product","link":"https:\/\/nautical.store\/fi\/tuote\/signatured-washed-cap\/","title":{"rendered":"Signatured Washed Cap"},"content":{"rendered":"<p>100 % pestyst\u00e4 puuvillasta valmistettu kes\u00e4myssy suojaa sinua auringolta.<\/p>\n<ul>\n<li>S\u00e4\u00e4dett\u00e4v\u00e4 takana<\/li>\n<li>Pehmustettu sis\u00e4puolinen helmasauma mukavuutta varten<\/li>\n<li>Pelle Petterson 3D-kirjonta edess\u00e4.<\/li>\n<li>P-logokirjonta takana<\/li>\n<\/ul>\n","protected":false},"excerpt":{"rendered":"<p>100 % pestyst\u00e4 puuvillasta valmistettu kes\u00e4myssy suojaa sinua auringolta. S\u00e4\u00e4dett\u00e4v\u00e4 takana Pehmustettu sis\u00e4puolinen helmasauma mukavuutta varten Pelle Petterson 3D-kirjonta edess\u00e4. P-logokirjonta takana<\/p>\n","protected":false},"featured_media":64413,"template":"","meta":{"_acf_changed":false},"pwb-brand":[838],"product_brand":[],"product_cat":[628,629,1180,777,1259,827,1260],"product_tag":[],"woo-feed-brand":[],"class_list":{"0":"post-64561","1":"product","2":"type-product","3":"status-publish","4":"has-post-thumbnail","6":"pwb-brand-pelle-petterson-fi","7":"product_cat-asusteet","8":"product_cat-asusteet-naiset","9":"product_cat-golf-fi","10":"product_cat-miehet","11":"product_cat-miesten-golfvaatteet","12":"product_cat-naiset","13":"product_cat-naisten-golfvaatteet","15":"first","16":"instock","17":"taxable","18":"shipping-taxable","19":"purchasable","20":"product-type-variable","21":"wvs-archive-product-wrapper"},"acf":[],"brands":[{"id":838,"name":"Pelle Petterson","slug":"pelle-petterson-fi"}],"_links":{"self":[{"href":"https:\/\/nautical.store\/fi\/wp-json\/wp\/v2\/product\/64561","targetHints":{"allow":["GET"]}}],"collection":[{"href":"https:\/\/nautical.store\/fi\/wp-json\/wp\/v2\/product"}],"about":[{"href":"https:\/\/nautical.store\/fi\/wp-json\/wp\/v2\/types\/product"}],"wp:featuredmedia":[{"embeddable":true,"href":"https:\/\/nautical.store\/fi\/wp-json\/wp\/v2\/media\/64413"}],"wp:attachment":[{"href":"https:\/\/nautical.store\/fi\/wp-json\/wp\/v2\/media?parent=64561"}],"wp:term":[{"taxonomy":"pwb-brand","embeddable":true,"href":"https:\/\/nautical.store\/fi\/wp-json\/wp\/v2\/pwb-brand?post=64561"},{"taxonomy":"product_brand","embeddable":true,"href":"https:\/\/nautical.store\/fi\/wp-json\/wp\/v2\/product_brand?post=64561"},{"taxonomy":"product_cat","embeddable":true,"href":"https:\/\/nautical.store\/fi\/wp-json\/wp\/v2\/product_cat?post=64561"},{"taxonomy":"product_tag","embeddable":true,"href":"https:\/\/nautical.store\/fi\/wp-json\/wp\/v2\/product_tag?post=64561"},{"taxonomy":"woo-feed-brand","embeddable":true,"href":"https:\/\/nautical.store\/fi\/wp-json\/wp\/v2\/woo-feed-brand?post=64561"}],"curies":[{"name":"wp","href":"https:\/\/api.w.org\/{rel}","templated":true}]}}