{"id":65279,"date":"2024-05-24T23:25:12","date_gmt":"2024-05-24T20:25:12","guid":{"rendered":"https:\/\/nautical.store\/toode\/aero-cap\/"},"modified":"2026-05-08T09:28:51","modified_gmt":"2026-05-08T06:28:51","slug":"aero-cap","status":"publish","type":"product","link":"https:\/\/nautical.store\/fi\/tuote\/aero-cap\/","title":{"rendered":"Pelle P Aero Cap"},"content":{"rendered":"<p data-start=\"0\" data-end=\"87\">Kevyt hattu, jossa on takana joustava s\u00e4\u00e4t\u00f6hihna ja stopperi mukavaa istuvuutta varten.<\/p>\n<p data-start=\"89\" data-end=\"121\">Materiaali:<br \/>\n\u2022 100 % polyesteri<\/p>\n<p data-start=\"123\" data-end=\"185\" data-is-last-node=\"\" data-is-only-node=\"\">Ominaisuudet:<br \/>\n\u2022 Sis\u00e4puolen pehmuste<br data-start=\"158\" data-end=\"161\" data-is-only-node=\"\" \/>\u2022 Pelle P -merkki edess\u00e4<\/p>\n","protected":false},"excerpt":{"rendered":"<p>Kevyt hattu, jossa on takana joustava s\u00e4\u00e4t\u00f6hihna ja stopperi mukavaa istuvuutta varten. Materiaali: \u2022 100 % polyesteri Ominaisuudet: \u2022 Sis\u00e4puolen pehmuste\u2022 Pelle P -merkki edess\u00e4<\/p>\n","protected":false},"featured_media":64985,"template":"","meta":{"_acf_changed":false},"pwb-brand":[838],"product_brand":[],"product_cat":[628,629,926,777,1259,827,1260,726,682],"product_tag":[],"woo-feed-brand":[],"class_list":{"0":"post-65279","1":"product","2":"type-product","3":"status-publish","4":"has-post-thumbnail","6":"pwb-brand-pelle-petterson-fi","7":"product_cat-asusteet","8":"product_cat-asusteet-naiset","9":"product_cat-asusteet-fi","10":"product_cat-miehet","11":"product_cat-miesten-golfvaatteet","12":"product_cat-naiset","13":"product_cat-naisten-golfvaatteet","14":"product_cat-tekniset-vaatteet-naiset","15":"product_cat-tekniset-vaatteet","17":"first","18":"instock","19":"taxable","20":"shipping-taxable","21":"purchasable","22":"product-type-variable","23":"wvs-archive-product-wrapper"},"acf":[],"brands":[{"id":838,"name":"Pelle Petterson","slug":"pelle-petterson-fi"}],"_links":{"self":[{"href":"https:\/\/nautical.store\/fi\/wp-json\/wp\/v2\/product\/65279","targetHints":{"allow":["GET"]}}],"collection":[{"href":"https:\/\/nautical.store\/fi\/wp-json\/wp\/v2\/product"}],"about":[{"href":"https:\/\/nautical.store\/fi\/wp-json\/wp\/v2\/types\/product"}],"wp:featuredmedia":[{"embeddable":true,"href":"https:\/\/nautical.store\/fi\/wp-json\/wp\/v2\/media\/64985"}],"wp:attachment":[{"href":"https:\/\/nautical.store\/fi\/wp-json\/wp\/v2\/media?parent=65279"}],"wp:term":[{"taxonomy":"pwb-brand","embeddable":true,"href":"https:\/\/nautical.store\/fi\/wp-json\/wp\/v2\/pwb-brand?post=65279"},{"taxonomy":"product_brand","embeddable":true,"href":"https:\/\/nautical.store\/fi\/wp-json\/wp\/v2\/product_brand?post=65279"},{"taxonomy":"product_cat","embeddable":true,"href":"https:\/\/nautical.store\/fi\/wp-json\/wp\/v2\/product_cat?post=65279"},{"taxonomy":"product_tag","embeddable":true,"href":"https:\/\/nautical.store\/fi\/wp-json\/wp\/v2\/product_tag?post=65279"},{"taxonomy":"woo-feed-brand","embeddable":true,"href":"https:\/\/nautical.store\/fi\/wp-json\/wp\/v2\/woo-feed-brand?post=65279"}],"curies":[{"name":"wp","href":"https:\/\/api.w.org\/{rel}","templated":true}]}}