{"id":65293,"date":"2024-05-24T22:54:44","date_gmt":"2024-05-24T19:54:44","guid":{"rendered":"https:\/\/nautical.store\/toode\/defender-offshore-purjehdustakki\/"},"modified":"2026-01-22T14:28:42","modified_gmt":"2026-01-22T12:28:42","slug":"defender-offshore-purjehdustakki","status":"publish","type":"product","link":"https:\/\/nautical.store\/fi\/tuote\/defender-offshore-purjehdustakki\/","title":{"rendered":"Defender Offshore Purjehdustakki"},"content":{"rendered":"<p><!--StartFragment --><\/p>\n<p>Defender Offshore -purjehdustakki on valmistettu Hi:res\u00ae 2\u00d72 SW4L -nelikerrosmateriaalista.<\/p>\n<ul>\n<li>Materiaali on joustava, tuulen- ja vedenpit\u00e4v\u00e4 sek\u00e4 eritt\u00e4in hengitt\u00e4v\u00e4<\/li>\n<li>Kaikki saumat on vahvistettu ja teipattu<\/li>\n<li>YKK AquaGuard -vedenpit\u00e4v\u00e4t vetoketjut<\/li>\n<li>Muotoillut hihat takaavat t\u00e4yden liikkumisvapauden, ja joustavat PU-mansetit est\u00e4v\u00e4t tuulen ja veden p\u00e4\u00e4syn sis\u00e4\u00e4n<\/li>\n<li>Takissa on fluoresoivan keltaisia kangasyksityiskohtia, jotka t\u00e4ytt\u00e4v\u00e4t EN471-n\u00e4kyvyysstandardin<\/li>\n<li>Hihansuut ovat s\u00e4\u00e4dett\u00e4viss\u00e4 tarrakiinnityksell\u00e4<\/li>\n<li>S\u00e4\u00e4dett\u00e4v\u00e4 huppu<\/li>\n<\/ul>\n<p><!--EndFragment --><\/p>\n<p>&nbsp;<\/p>\n","protected":false},"excerpt":{"rendered":"<p>Defender Offshore -purjehdustakki on valmistettu Hi:res\u00ae 2\u00d72 SW4L -nelikerrosmateriaalista. Materiaali on joustava, tuulen- ja vedenpit\u00e4v\u00e4 sek\u00e4 eritt\u00e4in hengitt\u00e4v\u00e4 Kaikki saumat on vahvistettu ja teipattu YKK AquaGuard -vedenpit\u00e4v\u00e4t vetoketjut Muotoillut hihat takaavat t\u00e4yden liikkumisvapauden, ja joustavat PU-mansetit est\u00e4v\u00e4t tuulen ja veden p\u00e4\u00e4syn sis\u00e4\u00e4n Takissa on fluoresoivan keltaisia kangasyksityiskohtia, jotka t\u00e4ytt\u00e4v\u00e4t EN471-n\u00e4kyvyysstandardin Hihansuut ovat s\u00e4\u00e4dett\u00e4viss\u00e4 tarrakiinnityksell\u00e4 S\u00e4\u00e4dett\u00e4v\u00e4 [&hellip;]<\/p>\n","protected":false},"featured_media":64973,"template":"","meta":{"_acf_changed":false},"pwb-brand":[838],"product_brand":[],"product_cat":[1261,1269,682],"product_tag":[],"woo-feed-brand":[],"class_list":{"0":"post-65293","1":"product","2":"type-product","3":"status-publish","4":"has-post-thumbnail","6":"pwb-brand-pelle-petterson-fi","7":"product_cat-miesten-purjehdusvaatteet","8":"product_cat-purjehdus","9":"product_cat-tekniset-vaatteet","11":"first","12":"instock","13":"taxable","14":"shipping-taxable","15":"purchasable","16":"product-type-variable","17":"wvs-archive-product-wrapper"},"acf":[],"brands":[{"id":838,"name":"Pelle Petterson","slug":"pelle-petterson-fi"}],"_links":{"self":[{"href":"https:\/\/nautical.store\/fi\/wp-json\/wp\/v2\/product\/65293","targetHints":{"allow":["GET"]}}],"collection":[{"href":"https:\/\/nautical.store\/fi\/wp-json\/wp\/v2\/product"}],"about":[{"href":"https:\/\/nautical.store\/fi\/wp-json\/wp\/v2\/types\/product"}],"wp:featuredmedia":[{"embeddable":true,"href":"https:\/\/nautical.store\/fi\/wp-json\/wp\/v2\/media\/64973"}],"wp:attachment":[{"href":"https:\/\/nautical.store\/fi\/wp-json\/wp\/v2\/media?parent=65293"}],"wp:term":[{"taxonomy":"pwb-brand","embeddable":true,"href":"https:\/\/nautical.store\/fi\/wp-json\/wp\/v2\/pwb-brand?post=65293"},{"taxonomy":"product_brand","embeddable":true,"href":"https:\/\/nautical.store\/fi\/wp-json\/wp\/v2\/product_brand?post=65293"},{"taxonomy":"product_cat","embeddable":true,"href":"https:\/\/nautical.store\/fi\/wp-json\/wp\/v2\/product_cat?post=65293"},{"taxonomy":"product_tag","embeddable":true,"href":"https:\/\/nautical.store\/fi\/wp-json\/wp\/v2\/product_tag?post=65293"},{"taxonomy":"woo-feed-brand","embeddable":true,"href":"https:\/\/nautical.store\/fi\/wp-json\/wp\/v2\/woo-feed-brand?post=65293"}],"curies":[{"name":"wp","href":"https:\/\/api.w.org\/{rel}","templated":true}]}}