{"id":65307,"date":"2024-05-14T12:59:33","date_gmt":"2024-05-14T09:59:33","guid":{"rendered":"https:\/\/nautical.store\/toode\/bex-bucket\/"},"modified":"2024-05-14T12:59:33","modified_gmt":"2024-05-14T09:59:33","slug":"bex-bucket","status":"publish","type":"product","link":"https:\/\/nautical.store\/fi\/tuote\/bex-bucket\/","title":{"rendered":"Bex Bucket"},"content":{"rendered":"<p>Bex Bucket on valmistettu kevyest\u00e4 nailonista.<\/p>\n<ul>\n<li>Leve\u00e4 reuna suojaa auringolta ja sateelta<\/li>\n<li>Lippiksess\u00e4 on s\u00e4\u00e4dett\u00e4v\u00e4 kiristysnauha, joka takaa yksil\u00f6llisen ja mukavan istuvuuden<\/li>\n<\/ul>\n","protected":false},"excerpt":{"rendered":"<p>Bex Bucket on valmistettu kevyest\u00e4 nailonista. Leve\u00e4 reuna suojaa auringolta ja sateelta Lippiksess\u00e4 on s\u00e4\u00e4dett\u00e4v\u00e4 kiristysnauha, joka takaa yksil\u00f6llisen ja mukavan istuvuuden<\/p>\n","protected":false},"featured_media":64599,"template":"","meta":{"_acf_changed":false},"pwb-brand":[1744],"product_brand":[],"product_cat":[629,827],"product_tag":[],"woo-feed-brand":[],"class_list":{"0":"post-65307","1":"product","2":"type-product","3":"status-publish","4":"has-post-thumbnail","6":"pwb-brand-save-the-duck-fi","7":"product_cat-asusteet-naiset","8":"product_cat-naiset","10":"first","11":"instock","12":"taxable","13":"shipping-taxable","14":"purchasable","15":"product-type-variable","16":"wvs-archive-product-wrapper"},"acf":[],"brands":[{"id":1744,"name":"Save the Duck","slug":"save-the-duck-fi"}],"_links":{"self":[{"href":"https:\/\/nautical.store\/fi\/wp-json\/wp\/v2\/product\/65307","targetHints":{"allow":["GET"]}}],"collection":[{"href":"https:\/\/nautical.store\/fi\/wp-json\/wp\/v2\/product"}],"about":[{"href":"https:\/\/nautical.store\/fi\/wp-json\/wp\/v2\/types\/product"}],"wp:featuredmedia":[{"embeddable":true,"href":"https:\/\/nautical.store\/fi\/wp-json\/wp\/v2\/media\/64599"}],"wp:attachment":[{"href":"https:\/\/nautical.store\/fi\/wp-json\/wp\/v2\/media?parent=65307"}],"wp:term":[{"taxonomy":"pwb-brand","embeddable":true,"href":"https:\/\/nautical.store\/fi\/wp-json\/wp\/v2\/pwb-brand?post=65307"},{"taxonomy":"product_brand","embeddable":true,"href":"https:\/\/nautical.store\/fi\/wp-json\/wp\/v2\/product_brand?post=65307"},{"taxonomy":"product_cat","embeddable":true,"href":"https:\/\/nautical.store\/fi\/wp-json\/wp\/v2\/product_cat?post=65307"},{"taxonomy":"product_tag","embeddable":true,"href":"https:\/\/nautical.store\/fi\/wp-json\/wp\/v2\/product_tag?post=65307"},{"taxonomy":"woo-feed-brand","embeddable":true,"href":"https:\/\/nautical.store\/fi\/wp-json\/wp\/v2\/woo-feed-brand?post=65307"}],"curies":[{"name":"wp","href":"https:\/\/api.w.org\/{rel}","templated":true}]}}