{"id":65329,"date":"2024-10-22T20:26:50","date_gmt":"2024-10-22T17:26:50","guid":{"rendered":"https:\/\/nautical.store\/?post_type=product&#038;p=65329"},"modified":"2025-07-28T11:40:41","modified_gmt":"2025-07-28T08:40:41","slug":"darbi-hiihtotakki","status":"publish","type":"product","link":"https:\/\/nautical.store\/fi\/tuote\/darbi-hiihtotakki\/","title":{"rendered":"D&#8217;Arbi hiihtotakki"},"content":{"rendered":"<p>d&#8217;Arbi-takki on tuulenpit\u00e4v\u00e4 ja vedenpit\u00e4v\u00e4, ja siin\u00e4 on teipatut saumat, mutta se on silti hengitt\u00e4v\u00e4. Kaikissa ulkotaskuissa on YKK AquaGuard -vetoketjut.<\/p>\n","protected":false},"excerpt":{"rendered":"<p>d&#8217;Arbi-takki on tuulenpit\u00e4v\u00e4 ja vedenpit\u00e4v\u00e4, ja siin\u00e4 on teipatut saumat, mutta se on silti hengitt\u00e4v\u00e4. Kaikissa ulkotaskuissa on YKK AquaGuard -vetoketjut.<\/p>\n","protected":false},"featured_media":8959,"template":"","meta":{"_acf_changed":false},"pwb-brand":[838],"product_brand":[],"product_cat":[702,682],"product_tag":[],"woo-feed-brand":[],"class_list":{"0":"post-65329","1":"product","2":"type-product","3":"status-publish","4":"has-post-thumbnail","6":"pwb-brand-pelle-petterson-fi","7":"product_cat-paallysvaatteet-miehet","8":"product_cat-tekniset-vaatteet","10":"first","11":"instock","12":"taxable","13":"shipping-taxable","14":"purchasable","15":"product-type-variable","16":"wvs-archive-product-wrapper"},"acf":[],"brands":[{"id":838,"name":"Pelle Petterson","slug":"pelle-petterson-fi"}],"_links":{"self":[{"href":"https:\/\/nautical.store\/fi\/wp-json\/wp\/v2\/product\/65329","targetHints":{"allow":["GET"]}}],"collection":[{"href":"https:\/\/nautical.store\/fi\/wp-json\/wp\/v2\/product"}],"about":[{"href":"https:\/\/nautical.store\/fi\/wp-json\/wp\/v2\/types\/product"}],"wp:featuredmedia":[{"embeddable":true,"href":"https:\/\/nautical.store\/fi\/wp-json\/wp\/v2\/media\/8959"}],"wp:attachment":[{"href":"https:\/\/nautical.store\/fi\/wp-json\/wp\/v2\/media?parent=65329"}],"wp:term":[{"taxonomy":"pwb-brand","embeddable":true,"href":"https:\/\/nautical.store\/fi\/wp-json\/wp\/v2\/pwb-brand?post=65329"},{"taxonomy":"product_brand","embeddable":true,"href":"https:\/\/nautical.store\/fi\/wp-json\/wp\/v2\/product_brand?post=65329"},{"taxonomy":"product_cat","embeddable":true,"href":"https:\/\/nautical.store\/fi\/wp-json\/wp\/v2\/product_cat?post=65329"},{"taxonomy":"product_tag","embeddable":true,"href":"https:\/\/nautical.store\/fi\/wp-json\/wp\/v2\/product_tag?post=65329"},{"taxonomy":"woo-feed-brand","embeddable":true,"href":"https:\/\/nautical.store\/fi\/wp-json\/wp\/v2\/woo-feed-brand?post=65329"}],"curies":[{"name":"wp","href":"https:\/\/api.w.org\/{rel}","templated":true}]}}