{"id":65475,"date":"2024-05-29T09:55:17","date_gmt":"2024-05-29T06:55:17","guid":{"rendered":"https:\/\/nautical.store\/toode\/crew-paita\/"},"modified":"2025-05-24T20:33:46","modified_gmt":"2025-05-24T17:33:46","slug":"crew-paita","status":"publish","type":"product","link":"https:\/\/nautical.store\/fi\/tuote\/crew-paita\/","title":{"rendered":"Crew Paita"},"content":{"rendered":"<p>Klassinen Oxford-paita, joka on valmistettu 100 % pehme\u00e4st\u00e4 puuvillasta. Ajaton muotoilu.<\/p>\n<ul>\n<li>Materiaali: 100 % puuvilla<\/li>\n<li>Pelle P -logo vasemmassa rinnassa<\/li>\n<li>Pelle P -kirjailtu logo sel\u00e4ss\u00e4<\/li>\n<li>True Experience -kirjonta takana olevassa riipputaskussa<\/li>\n<\/ul>\n","protected":false},"excerpt":{"rendered":"<p>Klassinen Oxford-paita, joka on valmistettu 100 % pehme\u00e4st\u00e4 puuvillasta. Ajaton muotoilu. Materiaali: 100 % puuvilla Pelle P -logo vasemmassa rinnassa Pelle P -kirjailtu logo sel\u00e4ss\u00e4 True Experience -kirjonta takana olevassa riipputaskussa<\/p>\n","protected":false},"featured_media":65439,"template":"","meta":{"_acf_changed":false},"pwb-brand":[838],"product_brand":[],"product_cat":[777,633],"product_tag":[],"woo-feed-brand":[],"class_list":{"0":"post-65475","1":"product","2":"type-product","3":"status-publish","4":"has-post-thumbnail","6":"pwb-brand-pelle-petterson-fi","7":"product_cat-miehet","8":"product_cat-paidat-fi","10":"first","11":"instock","12":"taxable","13":"shipping-taxable","14":"purchasable","15":"product-type-variable","16":"wvs-archive-product-wrapper"},"acf":[],"brands":[{"id":838,"name":"Pelle Petterson","slug":"pelle-petterson-fi"}],"_links":{"self":[{"href":"https:\/\/nautical.store\/fi\/wp-json\/wp\/v2\/product\/65475","targetHints":{"allow":["GET"]}}],"collection":[{"href":"https:\/\/nautical.store\/fi\/wp-json\/wp\/v2\/product"}],"about":[{"href":"https:\/\/nautical.store\/fi\/wp-json\/wp\/v2\/types\/product"}],"wp:featuredmedia":[{"embeddable":true,"href":"https:\/\/nautical.store\/fi\/wp-json\/wp\/v2\/media\/65439"}],"wp:attachment":[{"href":"https:\/\/nautical.store\/fi\/wp-json\/wp\/v2\/media?parent=65475"}],"wp:term":[{"taxonomy":"pwb-brand","embeddable":true,"href":"https:\/\/nautical.store\/fi\/wp-json\/wp\/v2\/pwb-brand?post=65475"},{"taxonomy":"product_brand","embeddable":true,"href":"https:\/\/nautical.store\/fi\/wp-json\/wp\/v2\/product_brand?post=65475"},{"taxonomy":"product_cat","embeddable":true,"href":"https:\/\/nautical.store\/fi\/wp-json\/wp\/v2\/product_cat?post=65475"},{"taxonomy":"product_tag","embeddable":true,"href":"https:\/\/nautical.store\/fi\/wp-json\/wp\/v2\/product_tag?post=65475"},{"taxonomy":"woo-feed-brand","embeddable":true,"href":"https:\/\/nautical.store\/fi\/wp-json\/wp\/v2\/woo-feed-brand?post=65475"}],"curies":[{"name":"wp","href":"https:\/\/api.w.org\/{rel}","templated":true}]}}