{"id":66257,"date":"2024-06-11T12:33:19","date_gmt":"2024-06-11T09:33:19","guid":{"rendered":"https:\/\/nautical.store\/toode\/malena-cropped-paita\/"},"modified":"2025-05-11T22:26:47","modified_gmt":"2025-05-11T19:26:47","slug":"malena-cropped-paita","status":"publish","type":"product","link":"https:\/\/nautical.store\/fi\/tuote\/malena-cropped-paita\/","title":{"rendered":"Malena Cropped Paita"},"content":{"rendered":"<p>Lyhythihainen puuvillainen V-kaula-aukkoinen paita.<\/p>\n<ul>\n<li>Kangas: 100 % puuvillaa<\/li>\n<li>Sopii k\u00e4ytett\u00e4v\u00e4ksi hameen tai housujen kanssa.<\/li>\n<li>Leikattu pituus<\/li>\n<\/ul>\n","protected":false},"excerpt":{"rendered":"<p>Lyhythihainen puuvillainen V-kaula-aukkoinen paita. Kangas: 100 % puuvillaa Sopii k\u00e4ytett\u00e4v\u00e4ksi hameen tai housujen kanssa. Leikattu pituus<\/p>\n","protected":false},"featured_media":66175,"template":"","meta":{"_acf_changed":false},"pwb-brand":[836],"product_brand":[],"product_cat":[877,827,2183,590],"product_tag":[],"woo-feed-brand":[],"class_list":{"0":"post-66257","1":"product","2":"type-product","3":"status-publish","4":"has-post-thumbnail","6":"pwb-brand-holebrook-fi","7":"product_cat-edullinen-hinta-naiset","8":"product_cat-naiset","9":"product_cat-outlet-fi","10":"product_cat-paidat","12":"first","13":"instock","14":"sale","15":"taxable","16":"shipping-taxable","17":"purchasable","18":"product-type-variable","19":"wvs-archive-product-wrapper"},"acf":[],"brands":[{"id":836,"name":"Holebrook","slug":"holebrook-fi"}],"_links":{"self":[{"href":"https:\/\/nautical.store\/fi\/wp-json\/wp\/v2\/product\/66257","targetHints":{"allow":["GET"]}}],"collection":[{"href":"https:\/\/nautical.store\/fi\/wp-json\/wp\/v2\/product"}],"about":[{"href":"https:\/\/nautical.store\/fi\/wp-json\/wp\/v2\/types\/product"}],"wp:featuredmedia":[{"embeddable":true,"href":"https:\/\/nautical.store\/fi\/wp-json\/wp\/v2\/media\/66175"}],"wp:attachment":[{"href":"https:\/\/nautical.store\/fi\/wp-json\/wp\/v2\/media?parent=66257"}],"wp:term":[{"taxonomy":"pwb-brand","embeddable":true,"href":"https:\/\/nautical.store\/fi\/wp-json\/wp\/v2\/pwb-brand?post=66257"},{"taxonomy":"product_brand","embeddable":true,"href":"https:\/\/nautical.store\/fi\/wp-json\/wp\/v2\/product_brand?post=66257"},{"taxonomy":"product_cat","embeddable":true,"href":"https:\/\/nautical.store\/fi\/wp-json\/wp\/v2\/product_cat?post=66257"},{"taxonomy":"product_tag","embeddable":true,"href":"https:\/\/nautical.store\/fi\/wp-json\/wp\/v2\/product_tag?post=66257"},{"taxonomy":"woo-feed-brand","embeddable":true,"href":"https:\/\/nautical.store\/fi\/wp-json\/wp\/v2\/woo-feed-brand?post=66257"}],"curies":[{"name":"wp","href":"https:\/\/api.w.org\/{rel}","templated":true}]}}