{"id":66266,"date":"2024-06-10T21:14:03","date_gmt":"2024-06-10T18:14:03","guid":{"rendered":"https:\/\/nautical.store\/toode\/jr-1200-shortsit\/"},"modified":"2026-03-11T22:21:40","modified_gmt":"2026-03-11T20:21:40","slug":"jr-1200-shortsit","status":"publish","type":"product","link":"https:\/\/nautical.store\/fi\/tuote\/jr-1200-shortsit\/","title":{"rendered":"JR 1200 Shortsit"},"content":{"rendered":"<p><!--StartFragment --><\/p>\n<p>Lasten shortsit, joiden p\u00e4\u00e4llikangas on valmistettu 89 % nailonista ja 11 % elastaanista.<br \/>\nVahvikekohdat ovat XYRPLEX\u2122\u2011materiaalia (72 % nailon, 14 % polyesteri, 14 % elastaani), joka on eritt\u00e4in kest\u00e4v\u00e4\u00e4, joustavaa ja vett\u00e4hylkiv\u00e4\u00e4.<\/p>\n<ul>\n<li>Vett\u00e4hylkiv\u00e4 ja nopeasti kuivuva joustokangas<\/li>\n<li>Kest\u00e4v\u00e4t ja joustavat vahvikepaneelit<\/li>\n<li>Vy\u00f6t\u00e4r\u00f6 s\u00e4\u00e4dett\u00e4viss\u00e4 tarrakiinnityksell\u00e4, mik\u00e4 tekee shortseista mukavat p\u00e4\u00e4ll\u00e4<\/li>\n<li>Etukiinnitys nepparilla<\/li>\n<li>Etutaskut siksak\u2011yksityiskohdilla<\/li>\n<li>Koristeelliset takataskut<\/li>\n<li>Pystysuora Pelle P \u2011logokirjailu vasemmassa etualakulmassa ja keskimm\u00e4isess\u00e4 vy\u00f6lenkiss\u00e4<\/li>\n<\/ul>\n<p><!--EndFragment --><\/p>\n","protected":false},"excerpt":{"rendered":"<p>Lasten tekniset shortsit<\/p>\n","protected":false},"featured_media":65975,"template":"","meta":{"_acf_changed":false},"pwb-brand":[838],"product_brand":[],"product_cat":[826],"product_tag":[],"woo-feed-brand":[],"class_list":{"0":"post-66266","1":"product","2":"type-product","3":"status-publish","4":"has-post-thumbnail","6":"pwb-brand-pelle-petterson-fi","7":"product_cat-lapset","9":"first","10":"instock","11":"taxable","12":"shipping-taxable","13":"purchasable","14":"product-type-variable","15":"wvs-archive-product-wrapper"},"acf":[],"brands":[{"id":838,"name":"Pelle Petterson","slug":"pelle-petterson-fi"}],"_links":{"self":[{"href":"https:\/\/nautical.store\/fi\/wp-json\/wp\/v2\/product\/66266","targetHints":{"allow":["GET"]}}],"collection":[{"href":"https:\/\/nautical.store\/fi\/wp-json\/wp\/v2\/product"}],"about":[{"href":"https:\/\/nautical.store\/fi\/wp-json\/wp\/v2\/types\/product"}],"wp:featuredmedia":[{"embeddable":true,"href":"https:\/\/nautical.store\/fi\/wp-json\/wp\/v2\/media\/65975"}],"wp:attachment":[{"href":"https:\/\/nautical.store\/fi\/wp-json\/wp\/v2\/media?parent=66266"}],"wp:term":[{"taxonomy":"pwb-brand","embeddable":true,"href":"https:\/\/nautical.store\/fi\/wp-json\/wp\/v2\/pwb-brand?post=66266"},{"taxonomy":"product_brand","embeddable":true,"href":"https:\/\/nautical.store\/fi\/wp-json\/wp\/v2\/product_brand?post=66266"},{"taxonomy":"product_cat","embeddable":true,"href":"https:\/\/nautical.store\/fi\/wp-json\/wp\/v2\/product_cat?post=66266"},{"taxonomy":"product_tag","embeddable":true,"href":"https:\/\/nautical.store\/fi\/wp-json\/wp\/v2\/product_tag?post=66266"},{"taxonomy":"woo-feed-brand","embeddable":true,"href":"https:\/\/nautical.store\/fi\/wp-json\/wp\/v2\/woo-feed-brand?post=66266"}],"curies":[{"name":"wp","href":"https:\/\/api.w.org\/{rel}","templated":true}]}}