{"id":66276,"date":"2024-06-10T20:47:36","date_gmt":"2024-06-10T17:47:36","guid":{"rendered":"https:\/\/nautical.store\/toode\/jr-loft-hood\/"},"modified":"2024-06-10T20:47:36","modified_gmt":"2024-06-10T17:47:36","slug":"jr-loft-hood","status":"publish","type":"product","link":"https:\/\/nautical.store\/fi\/tuote\/jr-loft-hood\/","title":{"rendered":"JR Loft Hood"},"content":{"rendered":"<p>Pehme\u00e4 ja mukava lasten fleece, jossa on huppu.<\/p>\n<ul>\n<li>100 % kierr\u00e4tetty\u00e4 polyesteri\u00e4<\/li>\n<li>Huppu on vuorattu tuulenpit\u00e4v\u00e4ll\u00e4 kankaalla suojaamaan viile\u00e4lt\u00e4 tuulelta<\/li>\n<li>Kaksi vetoketjullista sivutaskua<\/li>\n<li>Vetoketjut Pelle P -logolla<\/li>\n<li>Pelle P -logo rintataskussa ja selk\u00e4kauluksessa<\/li>\n<\/ul>\n","protected":false},"excerpt":{"rendered":"<p>Pehme\u00e4 ja mukava lasten fleece, jossa on huppu. 100 % kierr\u00e4tetty\u00e4 polyesteri\u00e4 Huppu on vuorattu tuulenpit\u00e4v\u00e4ll\u00e4 kankaalla suojaamaan viile\u00e4lt\u00e4 tuulelta Kaksi vetoketjullista sivutaskua Vetoketjut Pelle P -logolla Pelle P -logo rintataskussa ja selk\u00e4kauluksessa<\/p>\n","protected":false},"featured_media":65911,"template":"","meta":{"_acf_changed":false},"pwb-brand":[838],"product_brand":[],"product_cat":[826],"product_tag":[],"woo-feed-brand":[],"class_list":{"0":"post-66276","1":"product","2":"type-product","3":"status-publish","4":"has-post-thumbnail","6":"pwb-brand-pelle-petterson-fi","7":"product_cat-lapset","9":"first","10":"instock","11":"taxable","12":"shipping-taxable","13":"purchasable","14":"product-type-variable","15":"wvs-archive-product-wrapper"},"acf":[],"brands":[{"id":838,"name":"Pelle Petterson","slug":"pelle-petterson-fi"}],"_links":{"self":[{"href":"https:\/\/nautical.store\/fi\/wp-json\/wp\/v2\/product\/66276","targetHints":{"allow":["GET"]}}],"collection":[{"href":"https:\/\/nautical.store\/fi\/wp-json\/wp\/v2\/product"}],"about":[{"href":"https:\/\/nautical.store\/fi\/wp-json\/wp\/v2\/types\/product"}],"wp:featuredmedia":[{"embeddable":true,"href":"https:\/\/nautical.store\/fi\/wp-json\/wp\/v2\/media\/65911"}],"wp:attachment":[{"href":"https:\/\/nautical.store\/fi\/wp-json\/wp\/v2\/media?parent=66276"}],"wp:term":[{"taxonomy":"pwb-brand","embeddable":true,"href":"https:\/\/nautical.store\/fi\/wp-json\/wp\/v2\/pwb-brand?post=66276"},{"taxonomy":"product_brand","embeddable":true,"href":"https:\/\/nautical.store\/fi\/wp-json\/wp\/v2\/product_brand?post=66276"},{"taxonomy":"product_cat","embeddable":true,"href":"https:\/\/nautical.store\/fi\/wp-json\/wp\/v2\/product_cat?post=66276"},{"taxonomy":"product_tag","embeddable":true,"href":"https:\/\/nautical.store\/fi\/wp-json\/wp\/v2\/product_tag?post=66276"},{"taxonomy":"woo-feed-brand","embeddable":true,"href":"https:\/\/nautical.store\/fi\/wp-json\/wp\/v2\/woo-feed-brand?post=66276"}],"curies":[{"name":"wp","href":"https:\/\/api.w.org\/{rel}","templated":true}]}}