{"id":66293,"date":"2024-06-10T15:34:45","date_gmt":"2024-06-10T12:34:45","guid":{"rendered":"https:\/\/nautical.store\/toode\/jr-tempest-liivi\/"},"modified":"2025-12-01T10:33:53","modified_gmt":"2025-12-01T08:33:53","slug":"jr-tempest-liivi","status":"publish","type":"product","link":"https:\/\/nautical.store\/fi\/tuote\/jr-tempest-liivi\/","title":{"rendered":"PelleP Lasten Tempest Liivi"},"content":{"rendered":"<p><!--StartFragment --><\/p>\n<p>Monik\u00e4ytt\u00f6inen lasten Tempest\u2011liivi on vuorattu untuvat\u00e4ytett\u00e4 muistuttavalla kierr\u00e4tetyll\u00e4 polyesterill\u00e4. Liivi on valmistettu tuulenpit\u00e4v\u00e4st\u00e4, mattapintaisesta materiaalista ja sit\u00e4 voi k\u00e4ytt\u00e4\u00e4 sellaisenaan tai lis\u00e4kerroksena takin alla. Liiviss\u00e4 on heijastava yksityiskohta rinnassa sek\u00e4 kaksi vetoketjullista etutaskua.<\/p>\n<ul>\n<li>Materiaali: 100 % polyesteri<\/li>\n<li>Tuulenpit\u00e4v\u00e4 kangas<\/li>\n<li>Kierr\u00e4tetty polyesterit\u00e4yte<\/li>\n<li>P\u2011logo rinnassa<\/li>\n<li>P\u2011logo heijastava painatus niskan takana<\/li>\n<li>Joustava reunakanttaus hiha\u2011aukoissa ja helmassa<\/li>\n<li>Normaali istuvuus<\/li>\n<\/ul>\n<p><!--EndFragment --><\/p>\n","protected":false},"excerpt":{"rendered":"<p><!--StartFragment --><\/p>\n<p>Lasten tuulenpit\u00e4v\u00e4 liivi<\/p>\n<p><!--EndFragment --><\/p>\n","protected":false},"featured_media":65804,"template":"","meta":{"_acf_changed":false},"pwb-brand":[838],"product_brand":[],"product_cat":[826],"product_tag":[],"woo-feed-brand":[],"class_list":{"0":"post-66293","1":"product","2":"type-product","3":"status-publish","4":"has-post-thumbnail","6":"pwb-brand-pelle-petterson-fi","7":"product_cat-lapset","9":"first","10":"instock","11":"sale","12":"taxable","13":"shipping-taxable","14":"purchasable","15":"product-type-variable","16":"wvs-archive-product-wrapper"},"acf":[],"brands":[{"id":838,"name":"Pelle Petterson","slug":"pelle-petterson-fi"}],"_links":{"self":[{"href":"https:\/\/nautical.store\/fi\/wp-json\/wp\/v2\/product\/66293","targetHints":{"allow":["GET"]}}],"collection":[{"href":"https:\/\/nautical.store\/fi\/wp-json\/wp\/v2\/product"}],"about":[{"href":"https:\/\/nautical.store\/fi\/wp-json\/wp\/v2\/types\/product"}],"wp:featuredmedia":[{"embeddable":true,"href":"https:\/\/nautical.store\/fi\/wp-json\/wp\/v2\/media\/65804"}],"wp:attachment":[{"href":"https:\/\/nautical.store\/fi\/wp-json\/wp\/v2\/media?parent=66293"}],"wp:term":[{"taxonomy":"pwb-brand","embeddable":true,"href":"https:\/\/nautical.store\/fi\/wp-json\/wp\/v2\/pwb-brand?post=66293"},{"taxonomy":"product_brand","embeddable":true,"href":"https:\/\/nautical.store\/fi\/wp-json\/wp\/v2\/product_brand?post=66293"},{"taxonomy":"product_cat","embeddable":true,"href":"https:\/\/nautical.store\/fi\/wp-json\/wp\/v2\/product_cat?post=66293"},{"taxonomy":"product_tag","embeddable":true,"href":"https:\/\/nautical.store\/fi\/wp-json\/wp\/v2\/product_tag?post=66293"},{"taxonomy":"woo-feed-brand","embeddable":true,"href":"https:\/\/nautical.store\/fi\/wp-json\/wp\/v2\/woo-feed-brand?post=66293"}],"curies":[{"name":"wp","href":"https:\/\/api.w.org\/{rel}","templated":true}]}}