{"id":66308,"date":"2024-06-08T14:01:27","date_gmt":"2024-06-08T11:01:27","guid":{"rendered":"https:\/\/nautical.store\/toode\/jr-yawl-polo\/"},"modified":"2024-06-08T14:01:27","modified_gmt":"2024-06-08T11:01:27","slug":"jr-yawl-polo","status":"publish","type":"product","link":"https:\/\/nautical.store\/fi\/tuote\/jr-yawl-polo\/","title":{"rendered":"JR Yawl Polo"},"content":{"rendered":"<p>Yawl on klassinen poolopaita, joka on valmistettu pehme\u00e4st\u00e4 puuvillasekoitteesta ja jossa on 1950-luvun purjehduksesta inspiraationsa saaneet kontrastiset pystyraidat, jotka luovat tyylikk\u00e4\u00e4n ja ajattoman ilmeen.<\/p>\n<ul>\n<li>Materiaali 95 % puuvillaa, 5 % elastaania<\/li>\n<li>Piilokiinnitys napeilla<\/li>\n<li>Taitettu yksityiskohta hihan sis\u00e4puolella<\/li>\n<li>P-logokirjonta sel\u00e4ss\u00e4<\/li>\n<li>S\u00e4\u00e4nn\u00f6llinen istuvuus<\/li>\n<\/ul>\n","protected":false},"excerpt":{"rendered":"<p>Yawl on klassinen poolopaita, joka on valmistettu pehme\u00e4st\u00e4 puuvillasekoitteesta ja jossa on 1950-luvun purjehduksesta inspiraationsa saaneet kontrastiset pystyraidat, jotka luovat tyylikk\u00e4\u00e4n ja ajattoman ilmeen. Materiaali 95 % puuvillaa, 5 % elastaania Piilokiinnitys napeilla Taitettu yksityiskohta hihan sis\u00e4puolella P-logokirjonta sel\u00e4ss\u00e4 S\u00e4\u00e4nn\u00f6llinen istuvuus<\/p>\n","protected":false},"featured_media":65738,"template":"","meta":{"_acf_changed":false},"pwb-brand":[838],"product_brand":[],"product_cat":[826],"product_tag":[],"woo-feed-brand":[],"class_list":{"0":"post-66308","1":"product","2":"type-product","3":"status-publish","4":"has-post-thumbnail","6":"pwb-brand-pelle-petterson-fi","7":"product_cat-lapset","9":"first","10":"instock","11":"taxable","12":"shipping-taxable","13":"purchasable","14":"product-type-variable","15":"wvs-archive-product-wrapper"},"acf":[],"brands":[{"id":838,"name":"Pelle Petterson","slug":"pelle-petterson-fi"}],"_links":{"self":[{"href":"https:\/\/nautical.store\/fi\/wp-json\/wp\/v2\/product\/66308","targetHints":{"allow":["GET"]}}],"collection":[{"href":"https:\/\/nautical.store\/fi\/wp-json\/wp\/v2\/product"}],"about":[{"href":"https:\/\/nautical.store\/fi\/wp-json\/wp\/v2\/types\/product"}],"wp:featuredmedia":[{"embeddable":true,"href":"https:\/\/nautical.store\/fi\/wp-json\/wp\/v2\/media\/65738"}],"wp:attachment":[{"href":"https:\/\/nautical.store\/fi\/wp-json\/wp\/v2\/media?parent=66308"}],"wp:term":[{"taxonomy":"pwb-brand","embeddable":true,"href":"https:\/\/nautical.store\/fi\/wp-json\/wp\/v2\/pwb-brand?post=66308"},{"taxonomy":"product_brand","embeddable":true,"href":"https:\/\/nautical.store\/fi\/wp-json\/wp\/v2\/product_brand?post=66308"},{"taxonomy":"product_cat","embeddable":true,"href":"https:\/\/nautical.store\/fi\/wp-json\/wp\/v2\/product_cat?post=66308"},{"taxonomy":"product_tag","embeddable":true,"href":"https:\/\/nautical.store\/fi\/wp-json\/wp\/v2\/product_tag?post=66308"},{"taxonomy":"woo-feed-brand","embeddable":true,"href":"https:\/\/nautical.store\/fi\/wp-json\/wp\/v2\/woo-feed-brand?post=66308"}],"curies":[{"name":"wp","href":"https:\/\/api.w.org\/{rel}","templated":true}]}}