{"id":66316,"date":"2024-06-08T13:32:10","date_gmt":"2024-06-08T10:32:10","guid":{"rendered":"https:\/\/nautical.store\/toode\/jrg-yawl-mekko\/"},"modified":"2024-06-08T13:32:10","modified_gmt":"2024-06-08T10:32:10","slug":"jrg-yawl-mekko","status":"publish","type":"product","link":"https:\/\/nautical.store\/fi\/tuote\/jrg-yawl-mekko\/","title":{"rendered":"JRG Yawl Mekko"},"content":{"rendered":"<p>Klassinen lasten poolomekko, jossa on retrovaikutelma. Valmistettu pehme\u00e4st\u00e4 puuvillasekoitteesta. Raidallisen mallin pystysuorat kontrastiraidat ovat saaneet inspiraationsa 1950-luvun purjehdusregatasta.<\/p>\n<ul>\n<li>Kangas: 95 % puuvillaa, 5 % elastaania<\/li>\n<li>Lyhyet hihat<\/li>\n<li>P-logokirjonta takana<\/li>\n<li>S\u00e4\u00e4nn\u00f6llinen istuvuus<\/li>\n<\/ul>\n","protected":false},"excerpt":{"rendered":"<p>Klassinen lasten poolomekko, jossa on retrovaikutelma. Valmistettu pehme\u00e4st\u00e4 puuvillasekoitteesta. Raidallisen mallin pystysuorat kontrastiraidat ovat saaneet inspiraationsa 1950-luvun purjehdusregatasta. Kangas: 95 % puuvillaa, 5 % elastaania Lyhyet hihat P-logokirjonta takana S\u00e4\u00e4nn\u00f6llinen istuvuus<\/p>\n","protected":false},"featured_media":65698,"template":"","meta":{"_acf_changed":false},"pwb-brand":[838],"product_brand":[],"product_cat":[826],"product_tag":[],"woo-feed-brand":[],"class_list":{"0":"post-66316","1":"product","2":"type-product","3":"status-publish","4":"has-post-thumbnail","6":"pwb-brand-pelle-petterson-fi","7":"product_cat-lapset","9":"first","10":"instock","11":"taxable","12":"shipping-taxable","13":"purchasable","14":"product-type-variable","15":"wvs-archive-product-wrapper"},"acf":[],"brands":[{"id":838,"name":"Pelle Petterson","slug":"pelle-petterson-fi"}],"_links":{"self":[{"href":"https:\/\/nautical.store\/fi\/wp-json\/wp\/v2\/product\/66316","targetHints":{"allow":["GET"]}}],"collection":[{"href":"https:\/\/nautical.store\/fi\/wp-json\/wp\/v2\/product"}],"about":[{"href":"https:\/\/nautical.store\/fi\/wp-json\/wp\/v2\/types\/product"}],"wp:featuredmedia":[{"embeddable":true,"href":"https:\/\/nautical.store\/fi\/wp-json\/wp\/v2\/media\/65698"}],"wp:attachment":[{"href":"https:\/\/nautical.store\/fi\/wp-json\/wp\/v2\/media?parent=66316"}],"wp:term":[{"taxonomy":"pwb-brand","embeddable":true,"href":"https:\/\/nautical.store\/fi\/wp-json\/wp\/v2\/pwb-brand?post=66316"},{"taxonomy":"product_brand","embeddable":true,"href":"https:\/\/nautical.store\/fi\/wp-json\/wp\/v2\/product_brand?post=66316"},{"taxonomy":"product_cat","embeddable":true,"href":"https:\/\/nautical.store\/fi\/wp-json\/wp\/v2\/product_cat?post=66316"},{"taxonomy":"product_tag","embeddable":true,"href":"https:\/\/nautical.store\/fi\/wp-json\/wp\/v2\/product_tag?post=66316"},{"taxonomy":"woo-feed-brand","embeddable":true,"href":"https:\/\/nautical.store\/fi\/wp-json\/wp\/v2\/woo-feed-brand?post=66316"}],"curies":[{"name":"wp","href":"https:\/\/api.w.org\/{rel}","templated":true}]}}