{"id":66362,"date":"2024-06-11T13:27:38","date_gmt":"2024-06-11T10:27:38","guid":{"rendered":"https:\/\/nautical.store\/toode\/wave-mens-navy\/"},"modified":"2026-03-21T11:55:34","modified_gmt":"2026-03-21T09:55:34","slug":"wave-mens-navy","status":"publish","type":"product","link":"https:\/\/nautical.store\/fi\/tuote\/wave-mens-navy\/","title":{"rendered":"Wave Mens Navy"},"content":{"rendered":"<p><!--StartFragment --><\/p>\n<p>Kevyt miesten hybridijalkine, joka yhdist\u00e4\u00e4 urheilukeng\u00e4n teknologian ja purjehduskeng\u00e4n nahkap\u00e4\u00e4llisen ominaisuudet.<\/p>\n<ul>\n<li>suolaa hylkiv\u00e4 nahka<\/li>\n<li>liukumaton ja j\u00e4lki\u00e4 j\u00e4tt\u00e4m\u00e4t\u00f6n valkoinen pohja<\/li>\n<li>kevyt PU\u2011v\u00e4lipohja<\/li>\n<li>kennorakenteinen muotoiltu ulkopohja<\/li>\n<li>ruostumaton OB\u2011logollinen metalli<\/li>\n<\/ul>\n<p><!--EndFragment --><\/p>\n","protected":false},"excerpt":{"rendered":"<p>Kevyt miesten hybridijalkine, joka yhdist\u00e4\u00e4 urheilukeng\u00e4n teknologian ja purjehduskeng\u00e4n nahkap\u00e4\u00e4llisen ominaisuudet. suolaa hylkiv\u00e4 nahka liukumaton ja j\u00e4lki\u00e4 j\u00e4tt\u00e4m\u00e4t\u00f6n valkoinen pohja kevyt PU\u2011v\u00e4lipohja kennorakenteinen muotoiltu ulkopohja ruostumaton OB\u2011logollinen metalli<\/p>\n","protected":false},"featured_media":66330,"template":"","meta":{"_acf_changed":false},"pwb-brand":[1178],"product_brand":[],"product_cat":[817,777],"product_tag":[],"woo-feed-brand":[],"class_list":{"0":"post-66362","1":"product","2":"type-product","3":"status-publish","4":"has-post-thumbnail","6":"pwb-brand-orca-bay-fi","7":"product_cat-jalkineet","8":"product_cat-miehet","10":"first","11":"instock","12":"taxable","13":"shipping-taxable","14":"purchasable","15":"product-type-variable","16":"wvs-archive-product-wrapper"},"acf":[],"brands":[{"id":1178,"name":"Orca Bay","slug":"orca-bay-fi"}],"_links":{"self":[{"href":"https:\/\/nautical.store\/fi\/wp-json\/wp\/v2\/product\/66362","targetHints":{"allow":["GET"]}}],"collection":[{"href":"https:\/\/nautical.store\/fi\/wp-json\/wp\/v2\/product"}],"about":[{"href":"https:\/\/nautical.store\/fi\/wp-json\/wp\/v2\/types\/product"}],"wp:featuredmedia":[{"embeddable":true,"href":"https:\/\/nautical.store\/fi\/wp-json\/wp\/v2\/media\/66330"}],"wp:attachment":[{"href":"https:\/\/nautical.store\/fi\/wp-json\/wp\/v2\/media?parent=66362"}],"wp:term":[{"taxonomy":"pwb-brand","embeddable":true,"href":"https:\/\/nautical.store\/fi\/wp-json\/wp\/v2\/pwb-brand?post=66362"},{"taxonomy":"product_brand","embeddable":true,"href":"https:\/\/nautical.store\/fi\/wp-json\/wp\/v2\/product_brand?post=66362"},{"taxonomy":"product_cat","embeddable":true,"href":"https:\/\/nautical.store\/fi\/wp-json\/wp\/v2\/product_cat?post=66362"},{"taxonomy":"product_tag","embeddable":true,"href":"https:\/\/nautical.store\/fi\/wp-json\/wp\/v2\/product_tag?post=66362"},{"taxonomy":"woo-feed-brand","embeddable":true,"href":"https:\/\/nautical.store\/fi\/wp-json\/wp\/v2\/woo-feed-brand?post=66362"}],"curies":[{"name":"wp","href":"https:\/\/api.w.org\/{rel}","templated":true}]}}