{"id":66370,"date":"2024-06-11T13:42:32","date_gmt":"2024-06-11T10:42:32","guid":{"rendered":"https:\/\/nautical.store\/toode\/bakewell\/"},"modified":"2024-07-29T19:54:22","modified_gmt":"2024-07-29T16:54:22","slug":"bakewell","status":"publish","type":"product","link":"https:\/\/nautical.store\/fi\/tuote\/bakewell\/","title":{"rendered":"Bakewell"},"content":{"rendered":"<p>Tyylik\u00e4s nahkalaukku.<\/p>\n<ul>\n<li>nahkasoljet<\/li>\n<li>kuviollinen kangasvuori<\/li>\n<li>yksi suuri lokero<\/li>\n<li>sis\u00e4inen vetoketjutasku + matkapuhelintasku + 2 kyn\u00e4taskua<\/li>\n<li>magneettisuljenta<\/li>\n<li>mitat: korkeus 38 cm, leveys 32 cm, syvyys 13 cm<\/li>\n<li>paino: 0,8 kg<\/li>\n<\/ul>\n","protected":false},"excerpt":{"rendered":"<p>Tyylik\u00e4s nahkalaukku. nahkasoljet kuviollinen kangasvuori yksi suuri lokero sis\u00e4inen vetoketjutasku + matkapuhelintasku + 2 kyn\u00e4taskua magneettisuljenta mitat: korkeus 38 cm, leveys 32 cm, syvyys 13 cm paino: 0,8 kg<\/p>\n","protected":false},"featured_media":66349,"template":"","meta":{"_acf_changed":false},"pwb-brand":[1178],"product_brand":[],"product_cat":[629,827],"product_tag":[],"woo-feed-brand":[],"class_list":{"0":"post-66370","1":"product","2":"type-product","3":"status-publish","4":"has-post-thumbnail","6":"pwb-brand-orca-bay-fi","7":"product_cat-asusteet-naiset","8":"product_cat-naiset","10":"first","11":"instock","12":"taxable","13":"shipping-taxable","14":"purchasable","15":"product-type-variable","16":"wvs-archive-product-wrapper"},"acf":[],"brands":[{"id":1178,"name":"Orca Bay","slug":"orca-bay-fi"}],"_links":{"self":[{"href":"https:\/\/nautical.store\/fi\/wp-json\/wp\/v2\/product\/66370","targetHints":{"allow":["GET"]}}],"collection":[{"href":"https:\/\/nautical.store\/fi\/wp-json\/wp\/v2\/product"}],"about":[{"href":"https:\/\/nautical.store\/fi\/wp-json\/wp\/v2\/types\/product"}],"wp:featuredmedia":[{"embeddable":true,"href":"https:\/\/nautical.store\/fi\/wp-json\/wp\/v2\/media\/66349"}],"wp:attachment":[{"href":"https:\/\/nautical.store\/fi\/wp-json\/wp\/v2\/media?parent=66370"}],"wp:term":[{"taxonomy":"pwb-brand","embeddable":true,"href":"https:\/\/nautical.store\/fi\/wp-json\/wp\/v2\/pwb-brand?post=66370"},{"taxonomy":"product_brand","embeddable":true,"href":"https:\/\/nautical.store\/fi\/wp-json\/wp\/v2\/product_brand?post=66370"},{"taxonomy":"product_cat","embeddable":true,"href":"https:\/\/nautical.store\/fi\/wp-json\/wp\/v2\/product_cat?post=66370"},{"taxonomy":"product_tag","embeddable":true,"href":"https:\/\/nautical.store\/fi\/wp-json\/wp\/v2\/product_tag?post=66370"},{"taxonomy":"woo-feed-brand","embeddable":true,"href":"https:\/\/nautical.store\/fi\/wp-json\/wp\/v2\/woo-feed-brand?post=66370"}],"curies":[{"name":"wp","href":"https:\/\/api.w.org\/{rel}","templated":true}]}}