{"id":66409,"date":"2024-06-11T14:44:34","date_gmt":"2024-06-11T11:44:34","guid":{"rendered":"https:\/\/nautical.store\/toode\/jesper-crew-wp\/"},"modified":"2025-11-12T23:33:28","modified_gmt":"2025-11-12T21:33:28","slug":"jesper-crew-wp","status":"publish","type":"product","link":"https:\/\/nautical.store\/fi\/tuote\/jesper-crew-wp\/","title":{"rendered":"Jesper Crew WP"},"content":{"rendered":"<p>Eritt\u00e4in hienosta merinovillasta kudottu pehme\u00e4 villapaita, jossa on tuulenpit\u00e4v\u00e4 vuori.<\/p>\n<ul>\n<li>Materiaali: 100 % merinovillaa<\/li>\n<li>Logo vasemmassa hihassa<\/li>\n<\/ul>\n","protected":false},"excerpt":{"rendered":"<p>Eritt\u00e4in hienosta merinovillasta kudottu pehme\u00e4 villapaita, jossa on tuulenpit\u00e4v\u00e4 vuori. Materiaali: 100 % merinovillaa Logo vasemmassa hihassa<\/p>\n","protected":false},"featured_media":66384,"template":"","meta":{"_acf_changed":false},"pwb-brand":[836],"product_brand":[],"product_cat":[1180,777,1259,1267,1187],"product_tag":[],"woo-feed-brand":[],"class_list":{"0":"post-66409","1":"product","2":"type-product","3":"status-publish","4":"has-post-thumbnail","6":"pwb-brand-holebrook-fi","7":"product_cat-golf-fi","8":"product_cat-miehet","9":"product_cat-miesten-golfvaatteet","10":"product_cat-tuulenkestava-miestentakki","11":"product_cat-tuulenpitavat-fi","13":"first","14":"instock","15":"taxable","16":"shipping-taxable","17":"purchasable","18":"product-type-variable","19":"wvs-archive-product-wrapper"},"acf":[],"brands":[{"id":836,"name":"Holebrook","slug":"holebrook-fi"}],"_links":{"self":[{"href":"https:\/\/nautical.store\/fi\/wp-json\/wp\/v2\/product\/66409","targetHints":{"allow":["GET"]}}],"collection":[{"href":"https:\/\/nautical.store\/fi\/wp-json\/wp\/v2\/product"}],"about":[{"href":"https:\/\/nautical.store\/fi\/wp-json\/wp\/v2\/types\/product"}],"wp:featuredmedia":[{"embeddable":true,"href":"https:\/\/nautical.store\/fi\/wp-json\/wp\/v2\/media\/66384"}],"wp:attachment":[{"href":"https:\/\/nautical.store\/fi\/wp-json\/wp\/v2\/media?parent=66409"}],"wp:term":[{"taxonomy":"pwb-brand","embeddable":true,"href":"https:\/\/nautical.store\/fi\/wp-json\/wp\/v2\/pwb-brand?post=66409"},{"taxonomy":"product_brand","embeddable":true,"href":"https:\/\/nautical.store\/fi\/wp-json\/wp\/v2\/product_brand?post=66409"},{"taxonomy":"product_cat","embeddable":true,"href":"https:\/\/nautical.store\/fi\/wp-json\/wp\/v2\/product_cat?post=66409"},{"taxonomy":"product_tag","embeddable":true,"href":"https:\/\/nautical.store\/fi\/wp-json\/wp\/v2\/product_tag?post=66409"},{"taxonomy":"woo-feed-brand","embeddable":true,"href":"https:\/\/nautical.store\/fi\/wp-json\/wp\/v2\/woo-feed-brand?post=66409"}],"curies":[{"name":"wp","href":"https:\/\/api.w.org\/{rel}","templated":true}]}}