{"id":67479,"date":"2024-07-29T18:01:51","date_gmt":"2024-07-29T15:01:51","guid":{"rendered":"https:\/\/nautical.store\/toode\/marianne-fullzip-tuulenpitava\/"},"modified":"2025-08-24T14:55:05","modified_gmt":"2025-08-24T11:55:05","slug":"marianne-fullzip-tuulenpitava","status":"publish","type":"product","link":"https:\/\/nautical.store\/fi\/tuote\/marianne-fullzip-tuulenpitava\/","title":{"rendered":"Marianne Fullzip tuulenpit\u00e4v\u00e4"},"content":{"rendered":"<p>100 % orgaanisesta puuvillasta valmistettu tuulenpit\u00e4v\u00e4ll\u00e4 vuorilla neulottu naisten villapaita. Korkea kaulus ja t\u00e4yspitk\u00e4 vetoketju.<\/p>\n<ul>\n<li>Kaksi metallivetoketjullista sivutaskua<\/li>\n<li>Rakenteellinen neulottu etuosassa<\/li>\n<li>Ribbattu yksityiskohdat kauluksessa, hihansuissa ja helmassa<\/li>\n<li>Normaali istuvuus<\/li>\n<\/ul>\n","protected":false},"excerpt":{"rendered":"<p>100 % orgaanisesta puuvillasta valmistettu tuulenpit\u00e4v\u00e4ll\u00e4 vuorilla neulottu naisten villapaita. Korkea kaulus ja t\u00e4yspitk\u00e4 vetoketju. Kaksi metallivetoketjullista sivutaskua Rakenteellinen neulottu etuosassa Ribbattu yksityiskohdat kauluksessa, hihansuissa ja helmassa Normaali istuvuus<\/p>\n","protected":false},"featured_media":67383,"template":"","meta":{"_acf_changed":false},"pwb-brand":[836],"product_brand":[],"product_cat":[827,1263,1187,710],"product_tag":[],"woo-feed-brand":[],"class_list":{"0":"post-67479","1":"product","2":"type-product","3":"status-publish","4":"has-post-thumbnail","6":"pwb-brand-holebrook-fi","7":"product_cat-naiset","8":"product_cat-naisten-tuulenkestava-takki","9":"product_cat-tuulenpitavat-fi","10":"product_cat-tuulenpitavat-naiset","12":"first","13":"instock","14":"taxable","15":"shipping-taxable","16":"purchasable","17":"product-type-variable","18":"wvs-archive-product-wrapper"},"acf":[],"brands":[{"id":836,"name":"Holebrook","slug":"holebrook-fi"}],"_links":{"self":[{"href":"https:\/\/nautical.store\/fi\/wp-json\/wp\/v2\/product\/67479","targetHints":{"allow":["GET"]}}],"collection":[{"href":"https:\/\/nautical.store\/fi\/wp-json\/wp\/v2\/product"}],"about":[{"href":"https:\/\/nautical.store\/fi\/wp-json\/wp\/v2\/types\/product"}],"wp:featuredmedia":[{"embeddable":true,"href":"https:\/\/nautical.store\/fi\/wp-json\/wp\/v2\/media\/67383"}],"wp:attachment":[{"href":"https:\/\/nautical.store\/fi\/wp-json\/wp\/v2\/media?parent=67479"}],"wp:term":[{"taxonomy":"pwb-brand","embeddable":true,"href":"https:\/\/nautical.store\/fi\/wp-json\/wp\/v2\/pwb-brand?post=67479"},{"taxonomy":"product_brand","embeddable":true,"href":"https:\/\/nautical.store\/fi\/wp-json\/wp\/v2\/product_brand?post=67479"},{"taxonomy":"product_cat","embeddable":true,"href":"https:\/\/nautical.store\/fi\/wp-json\/wp\/v2\/product_cat?post=67479"},{"taxonomy":"product_tag","embeddable":true,"href":"https:\/\/nautical.store\/fi\/wp-json\/wp\/v2\/product_tag?post=67479"},{"taxonomy":"woo-feed-brand","embeddable":true,"href":"https:\/\/nautical.store\/fi\/wp-json\/wp\/v2\/woo-feed-brand?post=67479"}],"curies":[{"name":"wp","href":"https:\/\/api.w.org\/{rel}","templated":true}]}}