{"id":67483,"date":"2024-07-29T16:02:47","date_gmt":"2024-07-29T13:02:47","guid":{"rendered":"https:\/\/nautical.store\/toode\/n-propulsion-harjoituspaita\/"},"modified":"2024-11-05T18:18:34","modified_gmt":"2024-11-05T16:18:34","slug":"n-propulsion-harjoituspaita","status":"publish","type":"product","link":"https:\/\/nautical.store\/fi\/tuote\/n-propulsion-harjoituspaita\/","title":{"rendered":"N Propulsion harjoituspaita"},"content":{"rendered":"<p>Todella mukava ja venyv\u00e4 treenipaita, joka on valmistettu funktionaalisesta kankaasta, joka siirt\u00e4\u00e4 kosteuden pois kehosta. Ihanteellinen l\u00e4mmittelyyn ennen intensiivist\u00e4 treeni\u00e4, viile\u00e4ss\u00e4 juoksemiseen tai yksinkertaisesti mukavaan rentoutumiseen treenin j\u00e4lkeen. Sopii hyvin yhteen W Propulsion -treenihousujen kanssa.<\/p>\n<ul>\n<li>Materiaali: 65 % polyesteri\u00e4, 35 % polyeteeni\u00e4<\/li>\n<li>S\u00e4\u00e4dett\u00e4v\u00e4 joustovy\u00f6helma<\/li>\n<li>Heijastavat yksityiskohdat, kuten True Experience -logo alareunassa ja P-logo olkap\u00e4\u00e4ll\u00e4 sek\u00e4 selk\u00e4keskell\u00e4, varmistavat, ett\u00e4 pysyt n\u00e4kyv\u00e4n\u00e4 pime\u00e4ss\u00e4<\/li>\n<li>Mukavasti voit s\u00e4ilytt\u00e4\u00e4 avaimet ja pienet esineet huomaamattomassa hihataskussa<\/li>\n<li>Propulsion-treenipaita tarjoaa pehme\u00e4n ja viile\u00e4n tunteen iholla<\/li>\n<\/ul>\n","protected":false},"excerpt":{"rendered":"<p>Todella mukava ja venyv\u00e4 treenipaita, joka on valmistettu funktionaalisesta kankaasta, joka siirt\u00e4\u00e4 kosteuden pois kehosta. Ihanteellinen l\u00e4mmittelyyn ennen intensiivist\u00e4 treeni\u00e4, viile\u00e4ss\u00e4 juoksemiseen tai yksinkertaisesti mukavaan rentoutumiseen treenin j\u00e4lkeen. Sopii hyvin yhteen W Propulsion -treenihousujen kanssa. Materiaali: 65 % polyesteri\u00e4, 35 % polyeteeni\u00e4 S\u00e4\u00e4dett\u00e4v\u00e4 joustovy\u00f6helma Heijastavat yksityiskohdat, kuten True Experience -logo alareunassa ja P-logo olkap\u00e4\u00e4ll\u00e4 sek\u00e4 [&hellip;]<\/p>\n","protected":false},"featured_media":67183,"template":"","meta":{"_acf_changed":false},"pwb-brand":[838],"product_brand":[],"product_cat":[827,1260,590,726],"product_tag":[],"woo-feed-brand":[],"class_list":{"0":"post-67483","1":"product","2":"type-product","3":"status-publish","4":"has-post-thumbnail","6":"pwb-brand-pelle-petterson-fi","7":"product_cat-naiset","8":"product_cat-naisten-golfvaatteet","9":"product_cat-paidat","10":"product_cat-tekniset-vaatteet-naiset","12":"first","13":"outofstock","14":"taxable","15":"shipping-taxable","16":"product-type-variable","17":"wvs-archive-product-wrapper"},"acf":[],"brands":[{"id":838,"name":"Pelle Petterson","slug":"pelle-petterson-fi"}],"_links":{"self":[{"href":"https:\/\/nautical.store\/fi\/wp-json\/wp\/v2\/product\/67483","targetHints":{"allow":["GET"]}}],"collection":[{"href":"https:\/\/nautical.store\/fi\/wp-json\/wp\/v2\/product"}],"about":[{"href":"https:\/\/nautical.store\/fi\/wp-json\/wp\/v2\/types\/product"}],"wp:featuredmedia":[{"embeddable":true,"href":"https:\/\/nautical.store\/fi\/wp-json\/wp\/v2\/media\/67183"}],"wp:attachment":[{"href":"https:\/\/nautical.store\/fi\/wp-json\/wp\/v2\/media?parent=67483"}],"wp:term":[{"taxonomy":"pwb-brand","embeddable":true,"href":"https:\/\/nautical.store\/fi\/wp-json\/wp\/v2\/pwb-brand?post=67483"},{"taxonomy":"product_brand","embeddable":true,"href":"https:\/\/nautical.store\/fi\/wp-json\/wp\/v2\/product_brand?post=67483"},{"taxonomy":"product_cat","embeddable":true,"href":"https:\/\/nautical.store\/fi\/wp-json\/wp\/v2\/product_cat?post=67483"},{"taxonomy":"product_tag","embeddable":true,"href":"https:\/\/nautical.store\/fi\/wp-json\/wp\/v2\/product_tag?post=67483"},{"taxonomy":"woo-feed-brand","embeddable":true,"href":"https:\/\/nautical.store\/fi\/wp-json\/wp\/v2\/woo-feed-brand?post=67483"}],"curies":[{"name":"wp","href":"https:\/\/api.w.org\/{rel}","templated":true}]}}