{"id":67487,"date":"2024-07-29T15:21:55","date_gmt":"2024-07-29T12:21:55","guid":{"rendered":"https:\/\/nautical.store\/toode\/signatured-net-cap\/"},"modified":"2024-08-10T18:55:40","modified_gmt":"2024-08-10T15:55:40","slug":"signatured-net-cap","status":"publish","type":"product","link":"https:\/\/nautical.store\/fi\/tuote\/signatured-net-cap\/","title":{"rendered":"Signatured Net Cap"},"content":{"rendered":"<p>Lippalakki, joka on valmistettu 100 % puuvillasta ja jossa on k\u00e4yt\u00e4nn\u00f6llinen verkkokangas takana. T\u00e4ydellinen seikkailuille, kuten kallioiden reunoille. Helposti s\u00e4\u00e4dett\u00e4v\u00e4 henkil\u00f6kohtaisen istuvuuden varmistamiseksi. Tyylik\u00e4s lis\u00e4varuste, joka t\u00e4ydent\u00e4\u00e4 retro-tyylisen ilmeen t\u00e4ydellisesti t\u00e4n\u00e4 kes\u00e4n\u00e4.<\/p>\n<ul>\n<li>Lis\u00e4mukavuutta tarjoaa sis\u00e4inen pehmuste<\/li>\n<li>Pelle Pettersonin 3D-tikkaukset etuosassa<\/li>\n<li>True Experience -logo-tunnus vasemmalla takana<\/li>\n<\/ul>\n","protected":false},"excerpt":{"rendered":"<p>Lippalakki, joka on valmistettu 100 % puuvillasta ja jossa on k\u00e4yt\u00e4nn\u00f6llinen verkkokangas takana. T\u00e4ydellinen seikkailuille, kuten kallioiden reunoille. Helposti s\u00e4\u00e4dett\u00e4v\u00e4 henkil\u00f6kohtaisen istuvuuden varmistamiseksi. Tyylik\u00e4s lis\u00e4varuste, joka t\u00e4ydent\u00e4\u00e4 retro-tyylisen ilmeen t\u00e4ydellisesti t\u00e4n\u00e4 kes\u00e4n\u00e4. Lis\u00e4mukavuutta tarjoaa sis\u00e4inen pehmuste Pelle Pettersonin 3D-tikkaukset etuosassa True Experience -logo-tunnus vasemmalla takana<\/p>\n","protected":false},"featured_media":67139,"template":"","meta":{"_acf_changed":false},"pwb-brand":[838],"product_brand":[],"product_cat":[628,629,777,827],"product_tag":[],"woo-feed-brand":[],"class_list":{"0":"post-67487","1":"product","2":"type-product","3":"status-publish","4":"has-post-thumbnail","6":"pwb-brand-pelle-petterson-fi","7":"product_cat-asusteet","8":"product_cat-asusteet-naiset","9":"product_cat-miehet","10":"product_cat-naiset","12":"first","13":"instock","14":"taxable","15":"shipping-taxable","16":"purchasable","17":"product-type-variable","18":"wvs-archive-product-wrapper"},"acf":[],"brands":[{"id":838,"name":"Pelle Petterson","slug":"pelle-petterson-fi"}],"_links":{"self":[{"href":"https:\/\/nautical.store\/fi\/wp-json\/wp\/v2\/product\/67487","targetHints":{"allow":["GET"]}}],"collection":[{"href":"https:\/\/nautical.store\/fi\/wp-json\/wp\/v2\/product"}],"about":[{"href":"https:\/\/nautical.store\/fi\/wp-json\/wp\/v2\/types\/product"}],"wp:featuredmedia":[{"embeddable":true,"href":"https:\/\/nautical.store\/fi\/wp-json\/wp\/v2\/media\/67139"}],"wp:attachment":[{"href":"https:\/\/nautical.store\/fi\/wp-json\/wp\/v2\/media?parent=67487"}],"wp:term":[{"taxonomy":"pwb-brand","embeddable":true,"href":"https:\/\/nautical.store\/fi\/wp-json\/wp\/v2\/pwb-brand?post=67487"},{"taxonomy":"product_brand","embeddable":true,"href":"https:\/\/nautical.store\/fi\/wp-json\/wp\/v2\/product_brand?post=67487"},{"taxonomy":"product_cat","embeddable":true,"href":"https:\/\/nautical.store\/fi\/wp-json\/wp\/v2\/product_cat?post=67487"},{"taxonomy":"product_tag","embeddable":true,"href":"https:\/\/nautical.store\/fi\/wp-json\/wp\/v2\/product_tag?post=67487"},{"taxonomy":"woo-feed-brand","embeddable":true,"href":"https:\/\/nautical.store\/fi\/wp-json\/wp\/v2\/woo-feed-brand?post=67487"}],"curies":[{"name":"wp","href":"https:\/\/api.w.org\/{rel}","templated":true}]}}