{"id":67491,"date":"2024-07-29T14:54:37","date_gmt":"2024-07-29T11:54:37","guid":{"rendered":"https:\/\/nautical.store\/toode\/n-sardegna-overshirt\/"},"modified":"2024-08-09T13:13:31","modified_gmt":"2024-08-09T10:13:31","slug":"n-sardegna-overshirt","status":"publish","type":"product","link":"https:\/\/nautical.store\/fi\/tuote\/n-sardegna-overshirt\/","title":{"rendered":"N Sardegna Overshirt"},"content":{"rendered":"<p>Sardegna-naisten takki on valmistettu ilmavasta puuvillan ja linen sekoituksesta. Se sopii hyvin yhteen W Sardegna -housujen kanssa.<\/p>\n<ul>\n<li>Materiaali: 74 % puuvillaa, 26 % linen<\/li>\n<li>1 rintatasku<\/li>\n<li>2 sivutaskua<\/li>\n<li>Napillinen etukiinnitys Pelle P -napeilla<\/li>\n<li>P-logon brodeeraus sel\u00e4ss\u00e4<\/li>\n<li>Irrotettava vy\u00f6<\/li>\n<li>Normaali istuvuus<\/li>\n<\/ul>\n","protected":false},"excerpt":{"rendered":"<p>Sardegna-naisten takki on valmistettu ilmavasta puuvillan ja linen sekoituksesta. Se sopii hyvin yhteen W Sardegna -housujen kanssa. Materiaali: 74 % puuvillaa, 26 % linen 1 rintatasku 2 sivutaskua Napillinen etukiinnitys Pelle P -napeilla P-logon brodeeraus sel\u00e4ss\u00e4 Irrotettava vy\u00f6 Normaali istuvuus<\/p>\n","protected":false},"featured_media":67105,"template":"","meta":{"_acf_changed":false},"pwb-brand":[838],"product_brand":[],"product_cat":[827,590],"product_tag":[],"woo-feed-brand":[],"class_list":{"0":"post-67491","1":"product","2":"type-product","3":"status-publish","4":"has-post-thumbnail","6":"pwb-brand-pelle-petterson-fi","7":"product_cat-naiset","8":"product_cat-paidat","10":"first","11":"instock","12":"sale","13":"taxable","14":"shipping-taxable","15":"purchasable","16":"product-type-variable","17":"wvs-archive-product-wrapper"},"acf":[],"brands":[{"id":838,"name":"Pelle Petterson","slug":"pelle-petterson-fi"}],"_links":{"self":[{"href":"https:\/\/nautical.store\/fi\/wp-json\/wp\/v2\/product\/67491","targetHints":{"allow":["GET"]}}],"collection":[{"href":"https:\/\/nautical.store\/fi\/wp-json\/wp\/v2\/product"}],"about":[{"href":"https:\/\/nautical.store\/fi\/wp-json\/wp\/v2\/types\/product"}],"wp:featuredmedia":[{"embeddable":true,"href":"https:\/\/nautical.store\/fi\/wp-json\/wp\/v2\/media\/67105"}],"wp:attachment":[{"href":"https:\/\/nautical.store\/fi\/wp-json\/wp\/v2\/media?parent=67491"}],"wp:term":[{"taxonomy":"pwb-brand","embeddable":true,"href":"https:\/\/nautical.store\/fi\/wp-json\/wp\/v2\/pwb-brand?post=67491"},{"taxonomy":"product_brand","embeddable":true,"href":"https:\/\/nautical.store\/fi\/wp-json\/wp\/v2\/product_brand?post=67491"},{"taxonomy":"product_cat","embeddable":true,"href":"https:\/\/nautical.store\/fi\/wp-json\/wp\/v2\/product_cat?post=67491"},{"taxonomy":"product_tag","embeddable":true,"href":"https:\/\/nautical.store\/fi\/wp-json\/wp\/v2\/product_tag?post=67491"},{"taxonomy":"woo-feed-brand","embeddable":true,"href":"https:\/\/nautical.store\/fi\/wp-json\/wp\/v2\/woo-feed-brand?post=67491"}],"curies":[{"name":"wp","href":"https:\/\/api.w.org\/{rel}","templated":true}]}}