{"id":67498,"date":"2024-07-28T23:48:05","date_gmt":"2024-07-28T20:48:05","guid":{"rendered":"https:\/\/nautical.store\/toode\/n-staple-shortsit\/"},"modified":"2026-03-30T11:11:44","modified_gmt":"2026-03-30T08:11:44","slug":"n-staple-shortsit","status":"publish","type":"product","link":"https:\/\/nautical.store\/fi\/tuote\/n-staple-shortsit\/","title":{"rendered":"PelleP Staple naisten shortsit"},"content":{"rendered":"<p>Naisten Staple\u2011shortsit on valmistettu pellavan ja puuvillan sekoitteesta, mik\u00e4 antaa niille kevyen ja hengitt\u00e4v\u00e4n tunteen.<\/p>\n<ul>\n<li>Materiaali: 74 % puuvillaa ja 26 % pellavaa<\/li>\n<li>Kaksi etutaskua ja kaksi takataskua<\/li>\n<li>Joustava vy\u00f6t\u00e4r\u00f6 s\u00e4\u00e4dett\u00e4v\u00e4ll\u00e4 nauhalla<\/li>\n<li>Vetoketjukiinnitys<\/li>\n<li>Pelle P \u2011logo oikean takataskun reunassa<\/li>\n<\/ul>\n","protected":false},"excerpt":{"rendered":"<p>Naisten shortsit<\/p>\n","protected":false},"featured_media":67059,"template":"","meta":{"_acf_changed":false},"pwb-brand":[838],"product_brand":[],"product_cat":[877,640,827,2183],"product_tag":[],"woo-feed-brand":[],"class_list":{"0":"post-67498","1":"product","2":"type-product","3":"status-publish","4":"has-post-thumbnail","6":"pwb-brand-pelle-petterson-fi","7":"product_cat-edullinen-hinta-naiset","8":"product_cat-housut-fi","9":"product_cat-naiset","10":"product_cat-outlet-fi","12":"first","13":"instock","14":"sale","15":"taxable","16":"shipping-taxable","17":"purchasable","18":"product-type-variable","19":"wvs-archive-product-wrapper"},"acf":[],"brands":[{"id":838,"name":"Pelle Petterson","slug":"pelle-petterson-fi"}],"_links":{"self":[{"href":"https:\/\/nautical.store\/fi\/wp-json\/wp\/v2\/product\/67498","targetHints":{"allow":["GET"]}}],"collection":[{"href":"https:\/\/nautical.store\/fi\/wp-json\/wp\/v2\/product"}],"about":[{"href":"https:\/\/nautical.store\/fi\/wp-json\/wp\/v2\/types\/product"}],"wp:featuredmedia":[{"embeddable":true,"href":"https:\/\/nautical.store\/fi\/wp-json\/wp\/v2\/media\/67059"}],"wp:attachment":[{"href":"https:\/\/nautical.store\/fi\/wp-json\/wp\/v2\/media?parent=67498"}],"wp:term":[{"taxonomy":"pwb-brand","embeddable":true,"href":"https:\/\/nautical.store\/fi\/wp-json\/wp\/v2\/pwb-brand?post=67498"},{"taxonomy":"product_brand","embeddable":true,"href":"https:\/\/nautical.store\/fi\/wp-json\/wp\/v2\/product_brand?post=67498"},{"taxonomy":"product_cat","embeddable":true,"href":"https:\/\/nautical.store\/fi\/wp-json\/wp\/v2\/product_cat?post=67498"},{"taxonomy":"product_tag","embeddable":true,"href":"https:\/\/nautical.store\/fi\/wp-json\/wp\/v2\/product_tag?post=67498"},{"taxonomy":"woo-feed-brand","embeddable":true,"href":"https:\/\/nautical.store\/fi\/wp-json\/wp\/v2\/woo-feed-brand?post=67498"}],"curies":[{"name":"wp","href":"https:\/\/api.w.org\/{rel}","templated":true}]}}