{"id":67505,"date":"2024-07-27T17:50:49","date_gmt":"2024-07-27T14:50:49","guid":{"rendered":"https:\/\/nautical.store\/toode\/defender-iii-crew-purjehdustakki\/"},"modified":"2024-08-10T22:31:41","modified_gmt":"2024-08-10T19:31:41","slug":"defender-iii-crew-purjehdustakki","status":"publish","type":"product","link":"https:\/\/nautical.store\/fi\/tuote\/defender-iii-crew-purjehdustakki\/","title":{"rendered":"Defender III Crew Purjehdustakki"},"content":{"rendered":"<p>Defender III Crew purjehdustakki on valmistettu Hi:res\u00ae 2\u00d72 SW4L 4-kerroksisesta materiaalista.<\/p>\n<ul>\n<li>Materiaali on joustava, tuulen- ja vedenpit\u00e4v\u00e4 sek\u00e4 erinomaisesti hengitt\u00e4v\u00e4<\/li>\n<li>Kaikki saumat on vahvistettu ja teipattu<\/li>\n<li>YKK AquaGuard -vedenpit\u00e4v\u00e4t vetoketjut<\/li>\n<li>Hihat ovat muotoillut t\u00e4ydellisen liikkuvuuden takaamiseksi<\/li>\n<li>Takissa on fluoresoivia keltaisia kangasosioita, jotka t\u00e4ytt\u00e4v\u00e4t EN471-standardin hyv\u00e4n n\u00e4kyvyyden takaamiseksi<\/li>\n<li>Hihansuut ovat s\u00e4\u00e4dett\u00e4viss\u00e4 tarranauhalla<\/li>\n<li>P-logon heijastava printti sel\u00e4ss\u00e4 ja hihoissa<\/li>\n<li>Kaksi vetoketjullista sis\u00e4taskua<\/li>\n<li>Kaulus on osittain vuorattu fleecell\u00e4<\/li>\n<\/ul>\n","protected":false},"excerpt":{"rendered":"<p>Defender III Crew purjehdustakki on valmistettu Hi:res\u00ae 2\u00d72 SW4L 4-kerroksisesta materiaalista. Materiaali on joustava, tuulen- ja vedenpit\u00e4v\u00e4 sek\u00e4 erinomaisesti hengitt\u00e4v\u00e4 Kaikki saumat on vahvistettu ja teipattu YKK AquaGuard -vedenpit\u00e4v\u00e4t vetoketjut Hihat ovat muotoillut t\u00e4ydellisen liikkuvuuden takaamiseksi Takissa on fluoresoivia keltaisia kangasosioita, jotka t\u00e4ytt\u00e4v\u00e4t EN471-standardin hyv\u00e4n n\u00e4kyvyyden takaamiseksi Hihansuut ovat s\u00e4\u00e4dett\u00e4viss\u00e4 tarranauhalla P-logon heijastava printti sel\u00e4ss\u00e4 [&hellip;]<\/p>\n","protected":false},"featured_media":66875,"template":"","meta":{"_acf_changed":false},"pwb-brand":[838],"product_brand":[],"product_cat":[1261,1269,682],"product_tag":[],"woo-feed-brand":[],"class_list":{"0":"post-67505","1":"product","2":"type-product","3":"status-publish","4":"has-post-thumbnail","6":"pwb-brand-pelle-petterson-fi","7":"product_cat-miesten-purjehdusvaatteet","8":"product_cat-purjehdus","9":"product_cat-tekniset-vaatteet","11":"first","12":"instock","13":"taxable","14":"shipping-taxable","15":"purchasable","16":"product-type-variable","17":"wvs-archive-product-wrapper"},"acf":[],"brands":[{"id":838,"name":"Pelle Petterson","slug":"pelle-petterson-fi"}],"_links":{"self":[{"href":"https:\/\/nautical.store\/fi\/wp-json\/wp\/v2\/product\/67505","targetHints":{"allow":["GET"]}}],"collection":[{"href":"https:\/\/nautical.store\/fi\/wp-json\/wp\/v2\/product"}],"about":[{"href":"https:\/\/nautical.store\/fi\/wp-json\/wp\/v2\/types\/product"}],"wp:featuredmedia":[{"embeddable":true,"href":"https:\/\/nautical.store\/fi\/wp-json\/wp\/v2\/media\/66875"}],"wp:attachment":[{"href":"https:\/\/nautical.store\/fi\/wp-json\/wp\/v2\/media?parent=67505"}],"wp:term":[{"taxonomy":"pwb-brand","embeddable":true,"href":"https:\/\/nautical.store\/fi\/wp-json\/wp\/v2\/pwb-brand?post=67505"},{"taxonomy":"product_brand","embeddable":true,"href":"https:\/\/nautical.store\/fi\/wp-json\/wp\/v2\/product_brand?post=67505"},{"taxonomy":"product_cat","embeddable":true,"href":"https:\/\/nautical.store\/fi\/wp-json\/wp\/v2\/product_cat?post=67505"},{"taxonomy":"product_tag","embeddable":true,"href":"https:\/\/nautical.store\/fi\/wp-json\/wp\/v2\/product_tag?post=67505"},{"taxonomy":"woo-feed-brand","embeddable":true,"href":"https:\/\/nautical.store\/fi\/wp-json\/wp\/v2\/woo-feed-brand?post=67505"}],"curies":[{"name":"wp","href":"https:\/\/api.w.org\/{rel}","templated":true}]}}