{"id":67514,"date":"2024-07-26T13:28:44","date_gmt":"2024-07-26T10:28:44","guid":{"rendered":"https:\/\/nautical.store\/toode\/w-propulsion-ls-paita\/"},"modified":"2025-11-20T23:05:34","modified_gmt":"2025-11-20T21:05:34","slug":"w-propulsion-ls-paita","status":"publish","type":"product","link":"https:\/\/nautical.store\/fi\/tuote\/w-propulsion-ls-paita\/","title":{"rendered":"PelleP Naisten Propulsion -paita"},"content":{"rendered":"<p><!--StartFragment --><\/p>\n<p>Naisten Propulsion LS on kevyt ja joustava pitk\u00e4hihainen paita, joka liikkuu mukanasi kaikissa aktiviteeteissa \u2013 olipa kyse golfista tai purjehduksesta. Kosteutta siirt\u00e4v\u00e4 kangas pit\u00e4\u00e4 sinut l\u00e4mpimiss\u00e4 olosuhteissa viile\u00e4n\u00e4 ja mukavana. UV50+ suoja antaa lis\u00e4turvaa auringossa.<\/p>\n<p>Materiaali: 80 % polyamidi, 20 % elastaani<\/p>\n<ul>\n<li>Toiminnallinen pitk\u00e4hihainen paita<\/li>\n<li>Viilent\u00e4v\u00e4 ja mukava k\u00e4yt\u00f6ss\u00e4<\/li>\n<li>Kosteutta siirt\u00e4v\u00e4 kangas<\/li>\n<li>Kevyt ja joustava materiaali<\/li>\n<li>UV50+ suoja<\/li>\n<li>Piilotettu vetoketju edess\u00e4 keskell\u00e4<\/li>\n<li>Halkiot sivusauman ja hihansuun alaosassa<\/li>\n<li>Kontrastitikkaukset (bartack)<\/li>\n<li>Kohokuvioitu Pelle P -logo etuolalla<\/li>\n<li>Kohokuvioitu P-logo sel\u00e4n keskell\u00e4<\/li>\n<li>True Experience -painatus alasel\u00e4ss\u00e4<\/li>\n<\/ul>\n<p><!--EndFragment --><\/p>\n","protected":false},"excerpt":{"rendered":"<p>Mukava UV\u2011suojattu paita urheiluun ja jokap\u00e4iv\u00e4iseen k\u00e4ytt\u00f6\u00f6n<\/p>\n","protected":false},"featured_media":88841,"template":"","meta":{"_acf_changed":false},"pwb-brand":[838],"product_brand":[],"product_cat":[1180,827,1260,1262,590,726],"product_tag":[],"woo-feed-brand":[],"class_list":{"0":"post-67514","1":"product","2":"type-product","3":"status-publish","4":"has-post-thumbnail","6":"pwb-brand-pelle-petterson-fi","7":"product_cat-golf-fi","8":"product_cat-naiset","9":"product_cat-naisten-golfvaatteet","10":"product_cat-naisten-purjehdusvaatteet","11":"product_cat-paidat","12":"product_cat-tekniset-vaatteet-naiset","14":"first","15":"instock","16":"taxable","17":"shipping-taxable","18":"purchasable","19":"product-type-variable","20":"wvs-archive-product-wrapper"},"acf":[],"brands":[{"id":838,"name":"Pelle Petterson","slug":"pelle-petterson-fi"}],"_links":{"self":[{"href":"https:\/\/nautical.store\/fi\/wp-json\/wp\/v2\/product\/67514","targetHints":{"allow":["GET"]}}],"collection":[{"href":"https:\/\/nautical.store\/fi\/wp-json\/wp\/v2\/product"}],"about":[{"href":"https:\/\/nautical.store\/fi\/wp-json\/wp\/v2\/types\/product"}],"wp:featuredmedia":[{"embeddable":true,"href":"https:\/\/nautical.store\/fi\/wp-json\/wp\/v2\/media\/88841"}],"wp:attachment":[{"href":"https:\/\/nautical.store\/fi\/wp-json\/wp\/v2\/media?parent=67514"}],"wp:term":[{"taxonomy":"pwb-brand","embeddable":true,"href":"https:\/\/nautical.store\/fi\/wp-json\/wp\/v2\/pwb-brand?post=67514"},{"taxonomy":"product_brand","embeddable":true,"href":"https:\/\/nautical.store\/fi\/wp-json\/wp\/v2\/product_brand?post=67514"},{"taxonomy":"product_cat","embeddable":true,"href":"https:\/\/nautical.store\/fi\/wp-json\/wp\/v2\/product_cat?post=67514"},{"taxonomy":"product_tag","embeddable":true,"href":"https:\/\/nautical.store\/fi\/wp-json\/wp\/v2\/product_tag?post=67514"},{"taxonomy":"woo-feed-brand","embeddable":true,"href":"https:\/\/nautical.store\/fi\/wp-json\/wp\/v2\/woo-feed-brand?post=67514"}],"curies":[{"name":"wp","href":"https:\/\/api.w.org\/{rel}","templated":true}]}}