{"id":67524,"date":"2024-07-26T12:57:06","date_gmt":"2024-07-26T09:57:06","guid":{"rendered":"https:\/\/nautical.store\/toode\/w-yawl-liivi\/"},"modified":"2026-01-22T23:11:50","modified_gmt":"2026-01-22T21:11:50","slug":"w-yawl-liivi","status":"publish","type":"product","link":"https:\/\/nautical.store\/fi\/tuote\/w-yawl-liivi\/","title":{"rendered":"Pelle P Naisten Yawl\u2011liivi"},"content":{"rendered":"<p><!--StartFragment --><\/p>\n<p>V\u2011p\u00e4\u00e4ntieinen, neulottu puuvillaliivi naisille. Yawl Vest kuuluu juhlamallistoon, joka on kunnianosoitus Pellelle ja h\u00e4nen ajattomalle muotoilulleen.<\/p>\n<ul>\n<li>Materiaali: 100 % puuvillaa<\/li>\n<li>Metallinen P\u2011logomerkki vasemmassa helmassa<\/li>\n<li>Normaali istuvuus<\/li>\n<\/ul>\n<p><!--EndFragment --><\/p>\n","protected":false},"excerpt":{"rendered":"<p>V\u2011p\u00e4\u00e4ntieinen, neulottu puuvillaliivi naisille. Yawl Vest kuuluu juhlamallistoon, joka on kunnianosoitus Pellelle ja h\u00e4nen ajattomalle muotoilulleen. Materiaali: 100 % puuvillaa Metallinen P\u2011logomerkki vasemmassa helmassa Normaali istuvuus<\/p>\n","protected":false},"featured_media":66784,"template":"","meta":{"_acf_changed":false},"pwb-brand":[838],"product_brand":[],"product_cat":[877,827,601],"product_tag":[],"woo-feed-brand":[],"class_list":{"0":"post-67524","1":"product","2":"type-product","3":"status-publish","4":"has-post-thumbnail","6":"pwb-brand-pelle-petterson-fi","7":"product_cat-edullinen-hinta-naiset","8":"product_cat-naiset","9":"product_cat-neuleet","11":"first","12":"instock","13":"sale","14":"taxable","15":"shipping-taxable","16":"purchasable","17":"product-type-variable","18":"wvs-archive-product-wrapper"},"acf":[],"brands":[{"id":838,"name":"Pelle Petterson","slug":"pelle-petterson-fi"}],"_links":{"self":[{"href":"https:\/\/nautical.store\/fi\/wp-json\/wp\/v2\/product\/67524","targetHints":{"allow":["GET"]}}],"collection":[{"href":"https:\/\/nautical.store\/fi\/wp-json\/wp\/v2\/product"}],"about":[{"href":"https:\/\/nautical.store\/fi\/wp-json\/wp\/v2\/types\/product"}],"wp:featuredmedia":[{"embeddable":true,"href":"https:\/\/nautical.store\/fi\/wp-json\/wp\/v2\/media\/66784"}],"wp:attachment":[{"href":"https:\/\/nautical.store\/fi\/wp-json\/wp\/v2\/media?parent=67524"}],"wp:term":[{"taxonomy":"pwb-brand","embeddable":true,"href":"https:\/\/nautical.store\/fi\/wp-json\/wp\/v2\/pwb-brand?post=67524"},{"taxonomy":"product_brand","embeddable":true,"href":"https:\/\/nautical.store\/fi\/wp-json\/wp\/v2\/product_brand?post=67524"},{"taxonomy":"product_cat","embeddable":true,"href":"https:\/\/nautical.store\/fi\/wp-json\/wp\/v2\/product_cat?post=67524"},{"taxonomy":"product_tag","embeddable":true,"href":"https:\/\/nautical.store\/fi\/wp-json\/wp\/v2\/product_tag?post=67524"},{"taxonomy":"woo-feed-brand","embeddable":true,"href":"https:\/\/nautical.store\/fi\/wp-json\/wp\/v2\/woo-feed-brand?post=67524"}],"curies":[{"name":"wp","href":"https:\/\/api.w.org\/{rel}","templated":true}]}}