{"id":67539,"date":"2024-07-25T18:03:59","date_gmt":"2024-07-25T15:03:59","guid":{"rendered":"https:\/\/nautical.store\/toode\/w-propulsion-harjoitushousut\/"},"modified":"2025-10-16T11:06:38","modified_gmt":"2025-10-16T08:06:38","slug":"w-propulsion-harjoitushousut","status":"publish","type":"product","link":"https:\/\/nautical.store\/fi\/tuote\/w-propulsion-harjoitushousut\/","title":{"rendered":"PelleP Propulsion -naisten treenihousut"},"content":{"rendered":"<p><!--StartFragment --><\/p>\n<p>Todella mukavat ja joustavat naisten treenihousut, jotka on valmistettu kosteutta iholta pois siirt\u00e4v\u00e4st\u00e4 teknisest\u00e4 materiaalista. T\u00e4ydelliset l\u00e4mmittelyyn, juoksuun tai rentoon palautumiseen treenin j\u00e4lkeen. Sopivat yhteen W Propulsion -treenipaidan kanssa. Jos mietit kahden koon v\u00e4lill\u00e4, valitse pienempi.<\/p>\n<ul>\n<li>Materiaali: 65 % polyesteri, 35 % polyeteeni<\/li>\n<li>Viilent\u00e4v\u00e4 ja miellytt\u00e4v\u00e4 tuntuma<\/li>\n<li>Korkea vy\u00f6t\u00e4r\u00f6, jonka voi taittaa matalammaksi<\/li>\n<li>Napakka istuvuus, suorat lahkeet<\/li>\n<li>Malli (188 cm) k\u00e4ytt\u00e4\u00e4 kokoa M<\/li>\n<\/ul>\n<p><!--EndFragment --><\/p>\n","protected":false},"excerpt":{"rendered":"<p><!--StartFragment --><\/p>\n<p><!--StartFragment --><\/p>\n<p>Naisten mukavat treenihousut<\/p>\n","protected":false},"featured_media":66679,"template":"","meta":{"_acf_changed":false},"pwb-brand":[838],"product_brand":[],"product_cat":[640,827,726],"product_tag":[],"woo-feed-brand":[],"class_list":{"0":"post-67539","1":"product","2":"type-product","3":"status-publish","4":"has-post-thumbnail","6":"pwb-brand-pelle-petterson-fi","7":"product_cat-housut-fi","8":"product_cat-naiset","9":"product_cat-tekniset-vaatteet-naiset","11":"first","12":"instock","13":"taxable","14":"shipping-taxable","15":"purchasable","16":"product-type-variable","17":"wvs-archive-product-wrapper"},"acf":[],"brands":[{"id":838,"name":"Pelle Petterson","slug":"pelle-petterson-fi"}],"_links":{"self":[{"href":"https:\/\/nautical.store\/fi\/wp-json\/wp\/v2\/product\/67539","targetHints":{"allow":["GET"]}}],"collection":[{"href":"https:\/\/nautical.store\/fi\/wp-json\/wp\/v2\/product"}],"about":[{"href":"https:\/\/nautical.store\/fi\/wp-json\/wp\/v2\/types\/product"}],"wp:featuredmedia":[{"embeddable":true,"href":"https:\/\/nautical.store\/fi\/wp-json\/wp\/v2\/media\/66679"}],"wp:attachment":[{"href":"https:\/\/nautical.store\/fi\/wp-json\/wp\/v2\/media?parent=67539"}],"wp:term":[{"taxonomy":"pwb-brand","embeddable":true,"href":"https:\/\/nautical.store\/fi\/wp-json\/wp\/v2\/pwb-brand?post=67539"},{"taxonomy":"product_brand","embeddable":true,"href":"https:\/\/nautical.store\/fi\/wp-json\/wp\/v2\/product_brand?post=67539"},{"taxonomy":"product_cat","embeddable":true,"href":"https:\/\/nautical.store\/fi\/wp-json\/wp\/v2\/product_cat?post=67539"},{"taxonomy":"product_tag","embeddable":true,"href":"https:\/\/nautical.store\/fi\/wp-json\/wp\/v2\/product_tag?post=67539"},{"taxonomy":"woo-feed-brand","embeddable":true,"href":"https:\/\/nautical.store\/fi\/wp-json\/wp\/v2\/woo-feed-brand?post=67539"}],"curies":[{"name":"wp","href":"https:\/\/api.w.org\/{rel}","templated":true}]}}