{"id":67547,"date":"2024-07-25T17:27:18","date_gmt":"2024-07-25T14:27:18","guid":{"rendered":"https:\/\/nautical.store\/toode\/levo-rib-hoodie\/"},"modified":"2025-06-27T19:21:46","modified_gmt":"2025-06-27T16:21:46","slug":"levo-rib-hoodie","status":"publish","type":"product","link":"https:\/\/nautical.store\/fi\/tuote\/levo-rib-hoodie\/","title":{"rendered":"PelleP Levo Rib tekninen huppari"},"content":{"rendered":"<p><!--StartFragment --><\/p>\n<p>T\u00e4m\u00e4 huppari on loistava valinta niille, jotka rakastavat huppareita mutta etsiv\u00e4t vaihtoehtoa aktiivisempaan k\u00e4ytt\u00f6\u00f6n.<\/p>\n<p>Levo Rib Hoodie on valmistettu 95 % polyesterist\u00e4 ja 5 % elastaanista. Sen nelj\u00e4\u00e4n suuntaan joustava materiaali takaa erinomaisen liikkuvuuden ja mukavuuden. Hupparissa on sile\u00e4 ulkopinta ja pehme\u00e4, harjattu sis\u00e4puoli, joka siirt\u00e4\u00e4 tehokkaasti kosteutta ja auttaa s\u00e4ilytt\u00e4m\u00e4\u00e4n l\u00e4mm\u00f6n.<\/p>\n<p>T\u00e4ysin vuoritettu huppu, joustavat hihansuut ja kaksi vetoketjullista etutaskua tekev\u00e4t hupparista k\u00e4yt\u00e4nn\u00f6llisen ja miellytt\u00e4v\u00e4n k\u00e4ytt\u00e4\u00e4 p\u00e4ivitt\u00e4isess\u00e4 liikkeess\u00e4.<\/p>\n<p>\ud83e\uddf5 <strong>Tuotetiedot:<\/strong><\/p>\n<ul>\n<li>Aktiivivaatetus<\/li>\n<li>95 % polyesteri\u00e4 \/ 5 % elastaania<\/li>\n<li>Nelj\u00e4\u00e4n suuntaan joustava materiaali luonnolliseen liikkuvuuteen<\/li>\n<li>Kosteutta siirt\u00e4v\u00e4 sis\u00e4pinta pit\u00e4\u00e4 olon l\u00e4mpim\u00e4n\u00e4 ja kuivana<\/li>\n<li>T\u00e4ysvuorattu huppu lis\u00e4\u00e4 k\u00e4ytt\u00f6mukavuutta<\/li>\n<li>Joustava hupun reunus takaa napakan istuvuuden<\/li>\n<li>Resorit helmassa ja hihansuissa parantavat istuvuutta<\/li>\n<li>YKK:n k\u00e4\u00e4nteinen kierrevetoketju edess\u00e4<\/li>\n<li>P-logolla varustettu vetoketjun vedin<\/li>\n<li>2 vetoketjullista sivutaskua<\/li>\n<li>Heijastava P-logo hupussa ja niskassa<\/li>\n<li>Heijastava <em>Pelle P<\/em> -logo rinnassa<\/li>\n<li>Heijastava <em>TRUE EXPERIENCE<\/em> -logo sel\u00e4n vasemmalla puolella<\/li>\n<li>Normaali istuvuus<\/li>\n<\/ul>\n<p><!--EndFragment --><\/p>\n","protected":false},"excerpt":{"rendered":"<p>Tekninen huppari<\/p>\n","protected":false},"featured_media":66634,"template":"","meta":{"_acf_changed":false},"pwb-brand":[838],"product_brand":[],"product_cat":[716,777,1261,1269,682],"product_tag":[],"woo-feed-brand":[],"class_list":{"0":"post-67547","1":"product","2":"type-product","3":"status-publish","4":"has-post-thumbnail","6":"pwb-brand-pelle-petterson-fi","7":"product_cat-hupparit-ja-fleecet-miehet","8":"product_cat-miehet","9":"product_cat-miesten-purjehdusvaatteet","10":"product_cat-purjehdus","11":"product_cat-tekniset-vaatteet","13":"first","14":"instock","15":"sale","16":"taxable","17":"shipping-taxable","18":"purchasable","19":"product-type-variable","20":"wvs-archive-product-wrapper"},"acf":[],"brands":[{"id":838,"name":"Pelle Petterson","slug":"pelle-petterson-fi"}],"_links":{"self":[{"href":"https:\/\/nautical.store\/fi\/wp-json\/wp\/v2\/product\/67547","targetHints":{"allow":["GET"]}}],"collection":[{"href":"https:\/\/nautical.store\/fi\/wp-json\/wp\/v2\/product"}],"about":[{"href":"https:\/\/nautical.store\/fi\/wp-json\/wp\/v2\/types\/product"}],"wp:featuredmedia":[{"embeddable":true,"href":"https:\/\/nautical.store\/fi\/wp-json\/wp\/v2\/media\/66634"}],"wp:attachment":[{"href":"https:\/\/nautical.store\/fi\/wp-json\/wp\/v2\/media?parent=67547"}],"wp:term":[{"taxonomy":"pwb-brand","embeddable":true,"href":"https:\/\/nautical.store\/fi\/wp-json\/wp\/v2\/pwb-brand?post=67547"},{"taxonomy":"product_brand","embeddable":true,"href":"https:\/\/nautical.store\/fi\/wp-json\/wp\/v2\/product_brand?post=67547"},{"taxonomy":"product_cat","embeddable":true,"href":"https:\/\/nautical.store\/fi\/wp-json\/wp\/v2\/product_cat?post=67547"},{"taxonomy":"product_tag","embeddable":true,"href":"https:\/\/nautical.store\/fi\/wp-json\/wp\/v2\/product_tag?post=67547"},{"taxonomy":"woo-feed-brand","embeddable":true,"href":"https:\/\/nautical.store\/fi\/wp-json\/wp\/v2\/woo-feed-brand?post=67547"}],"curies":[{"name":"wp","href":"https:\/\/api.w.org\/{rel}","templated":true}]}}