{"id":67577,"date":"2024-07-25T16:23:25","date_gmt":"2024-07-25T13:23:25","guid":{"rendered":"https:\/\/nautical.store\/toode\/loft-huppari\/"},"modified":"2025-12-03T22:32:24","modified_gmt":"2025-12-03T20:32:24","slug":"loft-huppari","status":"publish","type":"product","link":"https:\/\/nautical.store\/fi\/tuote\/loft-huppari\/","title":{"rendered":"PelleP Miesten Loft\u2011fleece"},"content":{"rendered":"<p><!--StartFragment --><\/p>\n<p>Pehme\u00e4 ja mukava miesten hupparifleece. Korkea vetoketjullinen kaulus pit\u00e4\u00e4 niskan l\u00e4mpim\u00e4n\u00e4 ja lis\u00e4\u00e4 k\u00e4ytt\u00f6mukavuutta.<\/p>\n<ul>\n<li>Materiaali: 100 % kierr\u00e4tetty polyesteri<\/li>\n<li>Huppu vuorattu tuulenpit\u00e4v\u00e4ll\u00e4 kankaalla, joka suojaa viile\u00e4lt\u00e4 tuulelta<\/li>\n<li>Kaksi vetoketjullista sivutaskua<\/li>\n<li>Vetoketjut Pelle P \u2011logolla<\/li>\n<li>Pelle P \u2011logo rinnassa ja niskassa<\/li>\n<\/ul>\n<p><!--EndFragment --><\/p>\n","protected":false},"excerpt":{"rendered":"<p><!--StartFragment --><\/p>\n<p>Miesten huppufleece<\/p>\n<p><!--EndFragment --><\/p>\n","protected":false},"featured_media":66620,"template":"","meta":{"_acf_changed":false},"pwb-brand":[838],"product_brand":[],"product_cat":[876,716,777],"product_tag":[],"woo-feed-brand":[],"class_list":{"0":"post-67577","1":"product","2":"type-product","3":"status-publish","4":"has-post-thumbnail","6":"pwb-brand-pelle-petterson-fi","7":"product_cat-edullinen-hinta-miehet-fi","8":"product_cat-hupparit-ja-fleecet-miehet","9":"product_cat-miehet","11":"first","12":"instock","13":"sale","14":"taxable","15":"shipping-taxable","16":"purchasable","17":"product-type-variable","18":"wvs-archive-product-wrapper"},"acf":[],"brands":[{"id":838,"name":"Pelle Petterson","slug":"pelle-petterson-fi"}],"_links":{"self":[{"href":"https:\/\/nautical.store\/fi\/wp-json\/wp\/v2\/product\/67577","targetHints":{"allow":["GET"]}}],"collection":[{"href":"https:\/\/nautical.store\/fi\/wp-json\/wp\/v2\/product"}],"about":[{"href":"https:\/\/nautical.store\/fi\/wp-json\/wp\/v2\/types\/product"}],"wp:featuredmedia":[{"embeddable":true,"href":"https:\/\/nautical.store\/fi\/wp-json\/wp\/v2\/media\/66620"}],"wp:attachment":[{"href":"https:\/\/nautical.store\/fi\/wp-json\/wp\/v2\/media?parent=67577"}],"wp:term":[{"taxonomy":"pwb-brand","embeddable":true,"href":"https:\/\/nautical.store\/fi\/wp-json\/wp\/v2\/pwb-brand?post=67577"},{"taxonomy":"product_brand","embeddable":true,"href":"https:\/\/nautical.store\/fi\/wp-json\/wp\/v2\/product_brand?post=67577"},{"taxonomy":"product_cat","embeddable":true,"href":"https:\/\/nautical.store\/fi\/wp-json\/wp\/v2\/product_cat?post=67577"},{"taxonomy":"product_tag","embeddable":true,"href":"https:\/\/nautical.store\/fi\/wp-json\/wp\/v2\/product_tag?post=67577"},{"taxonomy":"woo-feed-brand","embeddable":true,"href":"https:\/\/nautical.store\/fi\/wp-json\/wp\/v2\/woo-feed-brand?post=67577"}],"curies":[{"name":"wp","href":"https:\/\/api.w.org\/{rel}","templated":true}]}}