{"id":67600,"date":"2024-07-25T12:58:11","date_gmt":"2024-07-25T09:58:11","guid":{"rendered":"https:\/\/nautical.store\/toode\/w-field-t-paita\/"},"modified":"2024-08-10T00:33:01","modified_gmt":"2024-08-09T21:33:01","slug":"w-field-t-paita","status":"publish","type":"product","link":"https:\/\/nautical.store\/fi\/tuote\/w-field-t-paita\/","title":{"rendered":"W Field T-Paita"},"content":{"rendered":"<p>Kevyt, py\u00f6re\u00e4kauluksinen T-paita, joka on valmistettu 100 % &#8221;Global Organic Textile Standard&#8221; -puuvillasta ja sopii t\u00e4ydellisesti l\u00e4mpimiin kes\u00e4p\u00e4iviin. Rento istuvuus ja helppo yhdistelt\u00e4vyys tekev\u00e4t t\u00e4st\u00e4 T-paidasta v\u00e4ltt\u00e4m\u00e4tt\u00f6m\u00e4n osan vaatekaappia joka tilanteessa.<\/p>\n<ul>\n<li>P-logo kirjailu takana<\/li>\n<li>P-logo vasemmassa helmassa<\/li>\n<li>V\u00e4lj\u00e4 ja lyhyempi leikkaus<\/li>\n<\/ul>\n","protected":false},"excerpt":{"rendered":"<p>Kevyt, py\u00f6re\u00e4kauluksinen T-paita, joka on valmistettu 100 % &#8221;Global Organic Textile Standard&#8221; -puuvillasta ja sopii t\u00e4ydellisesti l\u00e4mpimiin kes\u00e4p\u00e4iviin. Rento istuvuus ja helppo yhdistelt\u00e4vyys tekev\u00e4t t\u00e4st\u00e4 T-paidasta v\u00e4ltt\u00e4m\u00e4tt\u00f6m\u00e4n osan vaatekaappia joka tilanteessa. P-logo kirjailu takana P-logo vasemmassa helmassa V\u00e4lj\u00e4 ja lyhyempi leikkaus<\/p>\n","protected":false},"featured_media":66551,"template":"","meta":{"_acf_changed":false},"pwb-brand":[838],"product_brand":[],"product_cat":[827,590],"product_tag":[],"woo-feed-brand":[],"class_list":{"0":"post-67600","1":"product","2":"type-product","3":"status-publish","4":"has-post-thumbnail","6":"pwb-brand-pelle-petterson-fi","7":"product_cat-naiset","8":"product_cat-paidat","10":"first","11":"instock","12":"taxable","13":"shipping-taxable","14":"purchasable","15":"product-type-variable","16":"wvs-archive-product-wrapper"},"acf":[],"brands":[{"id":838,"name":"Pelle Petterson","slug":"pelle-petterson-fi"}],"_links":{"self":[{"href":"https:\/\/nautical.store\/fi\/wp-json\/wp\/v2\/product\/67600","targetHints":{"allow":["GET"]}}],"collection":[{"href":"https:\/\/nautical.store\/fi\/wp-json\/wp\/v2\/product"}],"about":[{"href":"https:\/\/nautical.store\/fi\/wp-json\/wp\/v2\/types\/product"}],"wp:featuredmedia":[{"embeddable":true,"href":"https:\/\/nautical.store\/fi\/wp-json\/wp\/v2\/media\/66551"}],"wp:attachment":[{"href":"https:\/\/nautical.store\/fi\/wp-json\/wp\/v2\/media?parent=67600"}],"wp:term":[{"taxonomy":"pwb-brand","embeddable":true,"href":"https:\/\/nautical.store\/fi\/wp-json\/wp\/v2\/pwb-brand?post=67600"},{"taxonomy":"product_brand","embeddable":true,"href":"https:\/\/nautical.store\/fi\/wp-json\/wp\/v2\/product_brand?post=67600"},{"taxonomy":"product_cat","embeddable":true,"href":"https:\/\/nautical.store\/fi\/wp-json\/wp\/v2\/product_cat?post=67600"},{"taxonomy":"product_tag","embeddable":true,"href":"https:\/\/nautical.store\/fi\/wp-json\/wp\/v2\/product_tag?post=67600"},{"taxonomy":"woo-feed-brand","embeddable":true,"href":"https:\/\/nautical.store\/fi\/wp-json\/wp\/v2\/woo-feed-brand?post=67600"}],"curies":[{"name":"wp","href":"https:\/\/api.w.org\/{rel}","templated":true}]}}