{"id":67949,"date":"2024-09-04T12:34:04","date_gmt":"2024-09-04T09:34:04","guid":{"rendered":"https:\/\/nautical.store\/?post_type=product&#038;p=67949"},"modified":"2026-01-09T13:25:50","modified_gmt":"2026-01-09T11:25:50","slug":"lilian-v-neck","status":"publish","type":"product","link":"https:\/\/nautical.store\/fi\/tuote\/lilian-v-neck\/","title":{"rendered":"Lilian V-Neck"},"content":{"rendered":"<p><!--StartFragment --><\/p>\n<p>Ilmava sileaneulottu V\u2011p\u00e4\u00e4ntie neule, valmistettu RMS\u2011sertifioidun kid\u2011mohairin ja polyamidin sekoitteesta. V\u00e4lj\u00e4, rennosti laskeutuva malli leveill\u00e4 hihoilla. Joustinneulotut reunat ja laskettu olkalinja. Valmistettu Euroopassa. K\u00e4ytt\u00e4m\u00e4mme kid\u2011mohair on sertifioitu RMS\u2011standardin (Responsible Mohair Standard) mukaisesti, mik\u00e4 takaa el\u00e4inten hyvinvoinnin, villan asianmukaisen k\u00e4sittelyn koko tuotantoprosessin ajan sek\u00e4 laidunten kest\u00e4v\u00e4n k\u00e4yt\u00f6n.<\/p>\n<ul>\n<li>Materiaali<strong>: <\/strong>81 % mohair, 17 % polyamidi, 2 % elastaani<\/li>\n<li>Joustinneulotut hihansuut ja helma<\/li>\n<li>Laskettu olkalinja<\/li>\n<li>Hihoissa koristeellinen reik\u00e4kuvio<\/li>\n<li>V\u00e4lj\u00e4 mitoitus<\/li>\n<li>Koko S: kokonaispituus 60 cm, leveys 51 cm<\/li>\n<\/ul>\n<p><!--EndFragment --><\/p>\n","protected":false},"excerpt":{"rendered":"<p>Pehme\u00e4 neulottu mohairneule<\/p>\n","protected":false},"featured_media":67923,"template":"","meta":{"_acf_changed":false},"pwb-brand":[836],"product_brand":[],"product_cat":[877,827,601],"product_tag":[],"woo-feed-brand":[],"class_list":{"0":"post-67949","1":"product","2":"type-product","3":"status-publish","4":"has-post-thumbnail","6":"pwb-brand-holebrook-fi","7":"product_cat-edullinen-hinta-naiset","8":"product_cat-naiset","9":"product_cat-neuleet","11":"first","12":"instock","13":"sale","14":"taxable","15":"shipping-taxable","16":"purchasable","17":"product-type-variable","18":"wvs-archive-product-wrapper"},"acf":[],"brands":[{"id":836,"name":"Holebrook","slug":"holebrook-fi"}],"_links":{"self":[{"href":"https:\/\/nautical.store\/fi\/wp-json\/wp\/v2\/product\/67949","targetHints":{"allow":["GET"]}}],"collection":[{"href":"https:\/\/nautical.store\/fi\/wp-json\/wp\/v2\/product"}],"about":[{"href":"https:\/\/nautical.store\/fi\/wp-json\/wp\/v2\/types\/product"}],"wp:featuredmedia":[{"embeddable":true,"href":"https:\/\/nautical.store\/fi\/wp-json\/wp\/v2\/media\/67923"}],"wp:attachment":[{"href":"https:\/\/nautical.store\/fi\/wp-json\/wp\/v2\/media?parent=67949"}],"wp:term":[{"taxonomy":"pwb-brand","embeddable":true,"href":"https:\/\/nautical.store\/fi\/wp-json\/wp\/v2\/pwb-brand?post=67949"},{"taxonomy":"product_brand","embeddable":true,"href":"https:\/\/nautical.store\/fi\/wp-json\/wp\/v2\/product_brand?post=67949"},{"taxonomy":"product_cat","embeddable":true,"href":"https:\/\/nautical.store\/fi\/wp-json\/wp\/v2\/product_cat?post=67949"},{"taxonomy":"product_tag","embeddable":true,"href":"https:\/\/nautical.store\/fi\/wp-json\/wp\/v2\/product_tag?post=67949"},{"taxonomy":"woo-feed-brand","embeddable":true,"href":"https:\/\/nautical.store\/fi\/wp-json\/wp\/v2\/woo-feed-brand?post=67949"}],"curies":[{"name":"wp","href":"https:\/\/api.w.org\/{rel}","templated":true}]}}