{"id":67951,"date":"2024-09-04T12:36:34","date_gmt":"2024-09-04T09:36:34","guid":{"rendered":"https:\/\/nautical.store\/?post_type=product&#038;p=67951"},"modified":"2026-01-22T14:26:17","modified_gmt":"2026-01-22T12:26:17","slug":"isak-cord-samettitakki","status":"publish","type":"product","link":"https:\/\/nautical.store\/fi\/tuote\/isak-cord-samettitakki\/","title":{"rendered":"Isak Cord Samettitakki"},"content":{"rendered":"<p><!--StartFragment --><\/p>\n<p>Tyylik\u00e4s samettitakki, jossa on kaksisuuntainen metallivetoketju.<\/p>\n<ul>\n<li>Materiaali: 100 % puuvillaa<\/li>\n<li>Mukavat sivutaskut ja klassinen kaulus<\/li>\n<li>T\u00e4ydellinen vaate, joka yhdist\u00e4\u00e4 eleganssin ja k\u00e4yt\u00e4nn\u00f6llisyyden<\/li>\n<li>Normaali istuvuus<\/li>\n<li>Koko M: kokonaispituus 70 cm<\/li>\n<\/ul>\n<p><!--EndFragment --><\/p>\n","protected":false},"excerpt":{"rendered":"<p>Vetoketjullinen samettitakki<\/p>\n","protected":false},"featured_media":90718,"template":"","meta":{"_acf_changed":false},"pwb-brand":[836],"product_brand":[],"product_cat":[876,777,702],"product_tag":[],"woo-feed-brand":[],"class_list":{"0":"post-67951","1":"product","2":"type-product","3":"status-publish","4":"has-post-thumbnail","6":"pwb-brand-holebrook-fi","7":"product_cat-edullinen-hinta-miehet-fi","8":"product_cat-miehet","9":"product_cat-paallysvaatteet-miehet","11":"first","12":"instock","13":"sale","14":"taxable","15":"shipping-taxable","16":"purchasable","17":"product-type-variable","18":"wvs-archive-product-wrapper"},"acf":[],"brands":[{"id":836,"name":"Holebrook","slug":"holebrook-fi"}],"_links":{"self":[{"href":"https:\/\/nautical.store\/fi\/wp-json\/wp\/v2\/product\/67951","targetHints":{"allow":["GET"]}}],"collection":[{"href":"https:\/\/nautical.store\/fi\/wp-json\/wp\/v2\/product"}],"about":[{"href":"https:\/\/nautical.store\/fi\/wp-json\/wp\/v2\/types\/product"}],"wp:featuredmedia":[{"embeddable":true,"href":"https:\/\/nautical.store\/fi\/wp-json\/wp\/v2\/media\/90718"}],"wp:attachment":[{"href":"https:\/\/nautical.store\/fi\/wp-json\/wp\/v2\/media?parent=67951"}],"wp:term":[{"taxonomy":"pwb-brand","embeddable":true,"href":"https:\/\/nautical.store\/fi\/wp-json\/wp\/v2\/pwb-brand?post=67951"},{"taxonomy":"product_brand","embeddable":true,"href":"https:\/\/nautical.store\/fi\/wp-json\/wp\/v2\/product_brand?post=67951"},{"taxonomy":"product_cat","embeddable":true,"href":"https:\/\/nautical.store\/fi\/wp-json\/wp\/v2\/product_cat?post=67951"},{"taxonomy":"product_tag","embeddable":true,"href":"https:\/\/nautical.store\/fi\/wp-json\/wp\/v2\/product_tag?post=67951"},{"taxonomy":"woo-feed-brand","embeddable":true,"href":"https:\/\/nautical.store\/fi\/wp-json\/wp\/v2\/woo-feed-brand?post=67951"}],"curies":[{"name":"wp","href":"https:\/\/api.w.org\/{rel}","templated":true}]}}