{"id":67953,"date":"2024-09-04T12:29:22","date_gmt":"2024-09-04T09:29:22","guid":{"rendered":"https:\/\/nautical.store\/?post_type=product&#038;p=67953"},"modified":"2025-11-05T21:06:31","modified_gmt":"2025-11-05T19:06:31","slug":"elisabeth-crew","status":"publish","type":"product","link":"https:\/\/nautical.store\/fi\/tuote\/elisabeth-crew\/","title":{"rendered":"Elisabeth Crew"},"content":{"rendered":"<p><!--StartFragment --><\/p>\n<p>Tyylik\u00e4s neulepusero, jossa on klassinen py\u00f6re\u00e4 p\u00e4\u00e4ntie ja avara leikkaus hieman laskettujen hartialinjojen ansiosta. Valmistettu pehme\u00e4st\u00e4 ja ilmavasta alpakavillasekoitteesta, joka tuntuu miellytt\u00e4v\u00e4lt\u00e4 ihoa vasten ja tarjoaa kevytt\u00e4 l\u00e4mp\u00f6\u00e4.<\/p>\n<p>Resorineuleiset hihansuut ja helma tuovat viimeistellyn ilmeen ja auttavat s\u00e4ilytt\u00e4m\u00e4\u00e4n muodon. Puseron lanka on GRS-sertifioitu, mik\u00e4 tarkoittaa v\u00e4hint\u00e4\u00e4n 50 % kierr\u00e4tettyjen kuitujen osuutta sek\u00e4 tiukempia sosiaalisia ja ymp\u00e4rist\u00f6vaatimuksia tuotantoprosessissa ja kemikaalien k\u00e4yt\u00f6ss\u00e4.<\/p>\n<ul>\n<li>Neulottu kangas: 70 % hienoa alpakavillaa (Alpaca Superfine), 30 % polyamidia<\/li>\n<li>Py\u00f6re\u00e4 p\u00e4\u00e4ntie<\/li>\n<li>Resorineuleiset hihansuut ja helma tuovat eleganssia ja k\u00e4ytt\u00f6mukavuutta<\/li>\n<li>T\u00e4ydellinen valinta, kun etsit tyyli\u00e4 ja l\u00e4mp\u00f6\u00e4 samassa paketissa<\/li>\n<li>Avara ja ilmava leikkaus<\/li>\n<li>Koko M: pituus 64 cm, leveys 56 cm<\/li>\n<li>Valmistettu vastuullisesti Euroopassa<\/li>\n<\/ul>\n<p><!--EndFragment --><\/p>\n","protected":false},"excerpt":{"rendered":"<p>Ilmava neulepusero alpakavillasekoitteesta<\/p>\n","protected":false},"featured_media":88099,"template":"","meta":{"_acf_changed":false},"pwb-brand":[836],"product_brand":[],"product_cat":[877,827,601],"product_tag":[],"woo-feed-brand":[],"class_list":{"0":"post-67953","1":"product","2":"type-product","3":"status-publish","4":"has-post-thumbnail","6":"pwb-brand-holebrook-fi","7":"product_cat-edullinen-hinta-naiset","8":"product_cat-naiset","9":"product_cat-neuleet","11":"first","12":"instock","13":"sale","14":"taxable","15":"shipping-taxable","16":"purchasable","17":"product-type-variable","18":"wvs-archive-product-wrapper"},"acf":[],"brands":[{"id":836,"name":"Holebrook","slug":"holebrook-fi"}],"_links":{"self":[{"href":"https:\/\/nautical.store\/fi\/wp-json\/wp\/v2\/product\/67953","targetHints":{"allow":["GET"]}}],"collection":[{"href":"https:\/\/nautical.store\/fi\/wp-json\/wp\/v2\/product"}],"about":[{"href":"https:\/\/nautical.store\/fi\/wp-json\/wp\/v2\/types\/product"}],"wp:featuredmedia":[{"embeddable":true,"href":"https:\/\/nautical.store\/fi\/wp-json\/wp\/v2\/media\/88099"}],"wp:attachment":[{"href":"https:\/\/nautical.store\/fi\/wp-json\/wp\/v2\/media?parent=67953"}],"wp:term":[{"taxonomy":"pwb-brand","embeddable":true,"href":"https:\/\/nautical.store\/fi\/wp-json\/wp\/v2\/pwb-brand?post=67953"},{"taxonomy":"product_brand","embeddable":true,"href":"https:\/\/nautical.store\/fi\/wp-json\/wp\/v2\/product_brand?post=67953"},{"taxonomy":"product_cat","embeddable":true,"href":"https:\/\/nautical.store\/fi\/wp-json\/wp\/v2\/product_cat?post=67953"},{"taxonomy":"product_tag","embeddable":true,"href":"https:\/\/nautical.store\/fi\/wp-json\/wp\/v2\/product_tag?post=67953"},{"taxonomy":"woo-feed-brand","embeddable":true,"href":"https:\/\/nautical.store\/fi\/wp-json\/wp\/v2\/woo-feed-brand?post=67953"}],"curies":[{"name":"wp","href":"https:\/\/api.w.org\/{rel}","templated":true}]}}