{"id":68064,"date":"2024-09-04T12:28:02","date_gmt":"2024-09-04T09:28:02","guid":{"rendered":"https:\/\/nautical.store\/?post_type=product&#038;p=68064"},"modified":"2025-11-24T11:47:48","modified_gmt":"2025-11-24T09:47:48","slug":"malung-sukat","status":"publish","type":"product","link":"https:\/\/nautical.store\/fi\/tuote\/malung-sukat\/","title":{"rendered":"Malung Sukat"},"content":{"rendered":"<p><!--StartFragment --><\/p>\n<p>Jacquard\u2011neuloksesta valmistetut villasekoitesukat, joissa on joustinneulottu yl\u00e4reuna ja klassinen kuviointi. Lanka on GRS\u2011sertifioitu, mik\u00e4 takaa korkeamman v\u00e4himm\u00e4ism\u00e4\u00e4r\u00e4n kierr\u00e4tetty\u00e4 materiaalia, j\u00e4ljitett\u00e4vyyden sek\u00e4 lis\u00e4tyt sosiaaliset ja ymp\u00e4rist\u00f6vaatimukset. Valmistettu Euroopassa.<\/p>\n<ul>\n<li>Joustinneulottu yl\u00e4reuna<\/li>\n<li>Unisex\u2011malli<\/li>\n<li>GRS\u2011sertifioitu lanka<\/li>\n<li>Valmistettu Euroopassa<\/li>\n<\/ul>\n<p>Materiaali: 50 % villa (GRS),25 % akryyli, 23 % polyamidi, 2 % lycra<\/p>\n<p><!--EndFragment --><\/p>\n","protected":false},"excerpt":{"rendered":"<p>Neulotut sukat villasekoitteesta<\/p>\n","protected":false},"featured_media":68059,"template":"","meta":{"_acf_changed":false},"pwb-brand":[836],"product_brand":[],"product_cat":[628,777],"product_tag":[],"woo-feed-brand":[],"class_list":{"0":"post-68064","1":"product","2":"type-product","3":"status-publish","4":"has-post-thumbnail","6":"pwb-brand-holebrook-fi","7":"product_cat-asusteet","8":"product_cat-miehet","10":"first","11":"instock","12":"taxable","13":"shipping-taxable","14":"purchasable","15":"product-type-variable","16":"wvs-archive-product-wrapper"},"acf":[],"brands":[{"id":836,"name":"Holebrook","slug":"holebrook-fi"}],"_links":{"self":[{"href":"https:\/\/nautical.store\/fi\/wp-json\/wp\/v2\/product\/68064","targetHints":{"allow":["GET"]}}],"collection":[{"href":"https:\/\/nautical.store\/fi\/wp-json\/wp\/v2\/product"}],"about":[{"href":"https:\/\/nautical.store\/fi\/wp-json\/wp\/v2\/types\/product"}],"wp:featuredmedia":[{"embeddable":true,"href":"https:\/\/nautical.store\/fi\/wp-json\/wp\/v2\/media\/68059"}],"wp:attachment":[{"href":"https:\/\/nautical.store\/fi\/wp-json\/wp\/v2\/media?parent=68064"}],"wp:term":[{"taxonomy":"pwb-brand","embeddable":true,"href":"https:\/\/nautical.store\/fi\/wp-json\/wp\/v2\/pwb-brand?post=68064"},{"taxonomy":"product_brand","embeddable":true,"href":"https:\/\/nautical.store\/fi\/wp-json\/wp\/v2\/product_brand?post=68064"},{"taxonomy":"product_cat","embeddable":true,"href":"https:\/\/nautical.store\/fi\/wp-json\/wp\/v2\/product_cat?post=68064"},{"taxonomy":"product_tag","embeddable":true,"href":"https:\/\/nautical.store\/fi\/wp-json\/wp\/v2\/product_tag?post=68064"},{"taxonomy":"woo-feed-brand","embeddable":true,"href":"https:\/\/nautical.store\/fi\/wp-json\/wp\/v2\/woo-feed-brand?post=68064"}],"curies":[{"name":"wp","href":"https:\/\/api.w.org\/{rel}","templated":true}]}}