{"id":68804,"date":"2024-09-07T21:30:01","date_gmt":"2024-09-07T18:30:01","guid":{"rendered":"https:\/\/nautical.store\/?post_type=product&#038;p=68804"},"modified":"2024-11-05T18:17:44","modified_gmt":"2024-11-05T16:17:44","slug":"ingela-liivi","status":"publish","type":"product","link":"https:\/\/nautical.store\/fi\/tuote\/ingela-liivi\/","title":{"rendered":"Ingela Liivi"},"content":{"rendered":"<p>Ingela on trendik\u00e4s neuleliivi, joka on valmistettu korkealaatuisesta villasekoitteesta. V-p\u00e4\u00e4ntie ja kauniisti muotoiltu leikkaus korostavat figuuria ja lis\u00e4\u00e4v\u00e4t asusteeseen naisellista ilmett\u00e4. Se sopii erityisesti paidan p\u00e4\u00e4lle.<\/p>\n<ul>\n<li>Koostumus: 80 % villa, 20 % polyamidi<\/li>\n<li>Nappikiinnitys<\/li>\n<li>Holebrook-logo vasemmalla puolella<\/li>\n<li>Koko M kokonaispituus 66 cm<\/li>\n<\/ul>\n","protected":false},"excerpt":{"rendered":"<p>Ingela on trendik\u00e4s neuleliivi, joka on valmistettu korkealaatuisesta villasekoitteesta. V-p\u00e4\u00e4ntie ja kauniisti muotoiltu leikkaus korostavat figuuria ja lis\u00e4\u00e4v\u00e4t asusteeseen naisellista ilmett\u00e4. Se sopii erityisesti paidan p\u00e4\u00e4lle. Koostumus: 80 % villa, 20 % polyamidi Nappikiinnitys Holebrook-logo vasemmalla puolella Koko M kokonaispituus 66 cm<\/p>\n","protected":false},"featured_media":68648,"template":"","meta":{"_acf_changed":false},"pwb-brand":[836],"product_brand":[],"product_cat":[877,827,601],"product_tag":[],"woo-feed-brand":[],"class_list":{"0":"post-68804","1":"product","2":"type-product","3":"status-publish","4":"has-post-thumbnail","6":"pwb-brand-holebrook-fi","7":"product_cat-edullinen-hinta-naiset","8":"product_cat-naiset","9":"product_cat-neuleet","11":"first","12":"outofstock","13":"taxable","14":"shipping-taxable","15":"product-type-variable","16":"wvs-archive-product-wrapper"},"acf":[],"brands":[{"id":836,"name":"Holebrook","slug":"holebrook-fi"}],"_links":{"self":[{"href":"https:\/\/nautical.store\/fi\/wp-json\/wp\/v2\/product\/68804","targetHints":{"allow":["GET"]}}],"collection":[{"href":"https:\/\/nautical.store\/fi\/wp-json\/wp\/v2\/product"}],"about":[{"href":"https:\/\/nautical.store\/fi\/wp-json\/wp\/v2\/types\/product"}],"wp:featuredmedia":[{"embeddable":true,"href":"https:\/\/nautical.store\/fi\/wp-json\/wp\/v2\/media\/68648"}],"wp:attachment":[{"href":"https:\/\/nautical.store\/fi\/wp-json\/wp\/v2\/media?parent=68804"}],"wp:term":[{"taxonomy":"pwb-brand","embeddable":true,"href":"https:\/\/nautical.store\/fi\/wp-json\/wp\/v2\/pwb-brand?post=68804"},{"taxonomy":"product_brand","embeddable":true,"href":"https:\/\/nautical.store\/fi\/wp-json\/wp\/v2\/product_brand?post=68804"},{"taxonomy":"product_cat","embeddable":true,"href":"https:\/\/nautical.store\/fi\/wp-json\/wp\/v2\/product_cat?post=68804"},{"taxonomy":"product_tag","embeddable":true,"href":"https:\/\/nautical.store\/fi\/wp-json\/wp\/v2\/product_tag?post=68804"},{"taxonomy":"woo-feed-brand","embeddable":true,"href":"https:\/\/nautical.store\/fi\/wp-json\/wp\/v2\/woo-feed-brand?post=68804"}],"curies":[{"name":"wp","href":"https:\/\/api.w.org\/{rel}","templated":true}]}}