{"id":68816,"date":"2024-09-09T12:24:31","date_gmt":"2024-09-09T09:24:31","guid":{"rendered":"https:\/\/nautical.store\/?post_type=product&#038;p=68816"},"modified":"2025-11-14T13:26:41","modified_gmt":"2025-11-14T11:26:41","slug":"vallvik-hattu","status":"publish","type":"product","link":"https:\/\/nautical.store\/fi\/tuote\/vallvik-hattu\/","title":{"rendered":"Vallvik mohairsekoitteinen neulepipo"},"content":{"rendered":"<p><!--StartFragment --><\/p>\n<p>Pehme\u00e4 ja l\u00e4mmin mohairsekoitteinen neulepipo, joka sopii t\u00e4ydellisesti syksyn ja talven viileisiin s\u00e4ihin.<\/p>\n<p><!--EndFragment --><!--StartFragment --><\/p>\n<ul>\n<li>Materiaali: 81 % mohair, 17 % polyamidi, 2 % elastaani<\/li>\n<li>\u00a0One size (yksi koko) <!--EndFragment --><\/li>\n<\/ul>\n","protected":false},"excerpt":{"rendered":"<p>Mohairsekoitteinen neulepipo k\u00e4\u00e4nnett\u00e4v\u00e4ll\u00e4 reunalla<\/p>\n","protected":false},"featured_media":68589,"template":"","meta":{"_acf_changed":false},"pwb-brand":[836],"product_brand":[],"product_cat":[629,877,827],"product_tag":[],"woo-feed-brand":[],"class_list":{"0":"post-68816","1":"product","2":"type-product","3":"status-publish","4":"has-post-thumbnail","6":"pwb-brand-holebrook-fi","7":"product_cat-asusteet-naiset","8":"product_cat-edullinen-hinta-naiset","9":"product_cat-naiset","11":"first","12":"instock","13":"sale","14":"taxable","15":"shipping-taxable","16":"purchasable","17":"product-type-variable","18":"wvs-archive-product-wrapper"},"acf":[],"brands":[{"id":836,"name":"Holebrook","slug":"holebrook-fi"}],"_links":{"self":[{"href":"https:\/\/nautical.store\/fi\/wp-json\/wp\/v2\/product\/68816","targetHints":{"allow":["GET"]}}],"collection":[{"href":"https:\/\/nautical.store\/fi\/wp-json\/wp\/v2\/product"}],"about":[{"href":"https:\/\/nautical.store\/fi\/wp-json\/wp\/v2\/types\/product"}],"wp:featuredmedia":[{"embeddable":true,"href":"https:\/\/nautical.store\/fi\/wp-json\/wp\/v2\/media\/68589"}],"wp:attachment":[{"href":"https:\/\/nautical.store\/fi\/wp-json\/wp\/v2\/media?parent=68816"}],"wp:term":[{"taxonomy":"pwb-brand","embeddable":true,"href":"https:\/\/nautical.store\/fi\/wp-json\/wp\/v2\/pwb-brand?post=68816"},{"taxonomy":"product_brand","embeddable":true,"href":"https:\/\/nautical.store\/fi\/wp-json\/wp\/v2\/product_brand?post=68816"},{"taxonomy":"product_cat","embeddable":true,"href":"https:\/\/nautical.store\/fi\/wp-json\/wp\/v2\/product_cat?post=68816"},{"taxonomy":"product_tag","embeddable":true,"href":"https:\/\/nautical.store\/fi\/wp-json\/wp\/v2\/product_tag?post=68816"},{"taxonomy":"woo-feed-brand","embeddable":true,"href":"https:\/\/nautical.store\/fi\/wp-json\/wp\/v2\/woo-feed-brand?post=68816"}],"curies":[{"name":"wp","href":"https:\/\/api.w.org\/{rel}","templated":true}]}}