{"id":68823,"date":"2024-09-07T21:36:50","date_gmt":"2024-09-07T18:36:50","guid":{"rendered":"https:\/\/nautical.store\/?post_type=product&#038;p=68823"},"modified":"2026-01-09T13:12:53","modified_gmt":"2026-01-09T11:12:53","slug":"dennis-t-neck-sviiteri","status":"publish","type":"product","link":"https:\/\/nautical.store\/fi\/tuote\/dennis-t-neck-sviiteri\/","title":{"rendered":"Dennis T\u2011Neck  Neulepusero"},"content":{"rendered":"<p><!--StartFragment --><\/p>\n<p>Neulottu neulepusero pehme\u00e4st\u00e4 villan ja kierr\u00e4tetyn kashmirin sekoitteesta. Joustinneulottu kaulus vetoketjulla. Joustinneulotut hihansuut ja helma sek\u00e4 klassinen (regular fit) mitoitus. Ajaton ja klassinen neule pehme\u00e4st\u00e4, laadukkaasta materiaalista. Lanka on GRS\u2011sertifioitu, mik\u00e4 takaa korkeamman kierr\u00e4tysmateriaalin v\u00e4himm\u00e4isprosentin, j\u00e4ljitett\u00e4vyyden sek\u00e4 lis\u00e4tyt sosiaaliset ja ymp\u00e4rist\u00f6vaatimukset. Kest\u00e4v\u00e4sti valmistettu Euroopassa.<\/p>\n<ul>\n<li>Klassinen (regular fit) mitoitus<\/li>\n<li>Joustinneulottu kaulus vetoketjulla<\/li>\n<li>Joustinneulotut reunat<\/li>\n<li>GRS\u2011sertifioitu lanka<\/li>\n<li>Valmistettu Euroopassa<\/li>\n<li>Materiaali: Neulottu kangas: 50 % villa, 20 % villa (GRS), 30 % kashmir (GRS)<\/li>\n<li>Koko M: kokonaispituus 75 cm<\/li>\n<\/ul>\n<p><!--EndFragment --><\/p>\n","protected":false},"excerpt":{"rendered":"<p>Neulottu neulepusero kierr\u00e4tetyst\u00e4 kashmirista<\/p>\n","protected":false},"featured_media":90577,"template":"","meta":{"_acf_changed":false},"pwb-brand":[836],"product_brand":[],"product_cat":[876,777,619],"product_tag":[],"woo-feed-brand":[],"class_list":{"0":"post-68823","1":"product","2":"type-product","3":"status-publish","4":"has-post-thumbnail","6":"pwb-brand-holebrook-fi","7":"product_cat-edullinen-hinta-miehet-fi","8":"product_cat-miehet","9":"product_cat-neuleet-miehet","11":"first","12":"instock","13":"sale","14":"taxable","15":"shipping-taxable","16":"purchasable","17":"product-type-variable","18":"wvs-archive-product-wrapper"},"acf":[],"brands":[{"id":836,"name":"Holebrook","slug":"holebrook-fi"}],"_links":{"self":[{"href":"https:\/\/nautical.store\/fi\/wp-json\/wp\/v2\/product\/68823","targetHints":{"allow":["GET"]}}],"collection":[{"href":"https:\/\/nautical.store\/fi\/wp-json\/wp\/v2\/product"}],"about":[{"href":"https:\/\/nautical.store\/fi\/wp-json\/wp\/v2\/types\/product"}],"wp:featuredmedia":[{"embeddable":true,"href":"https:\/\/nautical.store\/fi\/wp-json\/wp\/v2\/media\/90577"}],"wp:attachment":[{"href":"https:\/\/nautical.store\/fi\/wp-json\/wp\/v2\/media?parent=68823"}],"wp:term":[{"taxonomy":"pwb-brand","embeddable":true,"href":"https:\/\/nautical.store\/fi\/wp-json\/wp\/v2\/pwb-brand?post=68823"},{"taxonomy":"product_brand","embeddable":true,"href":"https:\/\/nautical.store\/fi\/wp-json\/wp\/v2\/product_brand?post=68823"},{"taxonomy":"product_cat","embeddable":true,"href":"https:\/\/nautical.store\/fi\/wp-json\/wp\/v2\/product_cat?post=68823"},{"taxonomy":"product_tag","embeddable":true,"href":"https:\/\/nautical.store\/fi\/wp-json\/wp\/v2\/product_tag?post=68823"},{"taxonomy":"woo-feed-brand","embeddable":true,"href":"https:\/\/nautical.store\/fi\/wp-json\/wp\/v2\/woo-feed-brand?post=68823"}],"curies":[{"name":"wp","href":"https:\/\/api.w.org\/{rel}","templated":true}]}}