{"id":68828,"date":"2024-09-07T21:40:50","date_gmt":"2024-09-07T18:40:50","guid":{"rendered":"https:\/\/nautical.store\/?post_type=product&#038;p=68828"},"modified":"2026-01-09T12:36:42","modified_gmt":"2026-01-09T10:36:42","slug":"johan-rollneck-sviiteri","status":"publish","type":"product","link":"https:\/\/nautical.store\/fi\/tuote\/johan-rollneck-sviiteri\/","title":{"rendered":"Johan Rollneck Neulepusero"},"content":{"rendered":"<p><!--StartFragment --><\/p>\n<p>Klassinen neulottu pooloneule, valmistettu villan, kierr\u00e4tetyn polyamidin, viskoosin ja kashmirin sekoitteesta.<\/p>\n<p>Langan villasta 16 % on sertifioitu Global Recycled Standardin (GRS) mukaisesti. Kashmir tekee materiaalista pehme\u00e4n ja miellytt\u00e4v\u00e4n k\u00e4ytt\u00e4\u00e4. Kest\u00e4v\u00e4sti valmistettu Euroopassa.<\/p>\n<p>&nbsp;<\/p>\n<ul>\n<li>Klassinen (regular fit) mitoitus<\/li>\n<li>Korkea kaulus<\/li>\n<li>Joustinneulotut reunat<\/li>\n<li>Kierr\u00e4tetty materiaali<\/li>\n<li>Valmistettu Euroopassa<\/li>\n<li>Materiaali: Neulottu kangas: 14 % villa, 16 % villa (GRS), 35 % kierr\u00e4tetty polyamidi, 30 % viskoosi, 5 % kashmir<\/li>\n<li>Koko M: kokonaispituus 74 cm<\/li>\n<\/ul>\n<p><!--EndFragment --><\/p>\n","protected":false},"excerpt":{"rendered":"<p>Klassinen neulottu pooloneule villan ja kashmirin sekoitteesta<\/p>\n","protected":false},"featured_media":68338,"template":"","meta":{"_acf_changed":false},"pwb-brand":[836],"product_brand":[],"product_cat":[876,777,619],"product_tag":[],"woo-feed-brand":[],"class_list":{"0":"post-68828","1":"product","2":"type-product","3":"status-publish","4":"has-post-thumbnail","6":"pwb-brand-holebrook-fi","7":"product_cat-edullinen-hinta-miehet-fi","8":"product_cat-miehet","9":"product_cat-neuleet-miehet","11":"first","12":"instock","13":"sale","14":"taxable","15":"shipping-taxable","16":"purchasable","17":"product-type-variable","18":"wvs-archive-product-wrapper"},"acf":[],"brands":[{"id":836,"name":"Holebrook","slug":"holebrook-fi"}],"_links":{"self":[{"href":"https:\/\/nautical.store\/fi\/wp-json\/wp\/v2\/product\/68828","targetHints":{"allow":["GET"]}}],"collection":[{"href":"https:\/\/nautical.store\/fi\/wp-json\/wp\/v2\/product"}],"about":[{"href":"https:\/\/nautical.store\/fi\/wp-json\/wp\/v2\/types\/product"}],"wp:featuredmedia":[{"embeddable":true,"href":"https:\/\/nautical.store\/fi\/wp-json\/wp\/v2\/media\/68338"}],"wp:attachment":[{"href":"https:\/\/nautical.store\/fi\/wp-json\/wp\/v2\/media?parent=68828"}],"wp:term":[{"taxonomy":"pwb-brand","embeddable":true,"href":"https:\/\/nautical.store\/fi\/wp-json\/wp\/v2\/pwb-brand?post=68828"},{"taxonomy":"product_brand","embeddable":true,"href":"https:\/\/nautical.store\/fi\/wp-json\/wp\/v2\/product_brand?post=68828"},{"taxonomy":"product_cat","embeddable":true,"href":"https:\/\/nautical.store\/fi\/wp-json\/wp\/v2\/product_cat?post=68828"},{"taxonomy":"product_tag","embeddable":true,"href":"https:\/\/nautical.store\/fi\/wp-json\/wp\/v2\/product_tag?post=68828"},{"taxonomy":"woo-feed-brand","embeddable":true,"href":"https:\/\/nautical.store\/fi\/wp-json\/wp\/v2\/woo-feed-brand?post=68828"}],"curies":[{"name":"wp","href":"https:\/\/api.w.org\/{rel}","templated":true}]}}