{"id":68866,"date":"2024-09-09T12:19:42","date_gmt":"2024-09-09T09:19:42","guid":{"rendered":"https:\/\/nautical.store\/?post_type=product&#038;p=68866"},"modified":"2026-01-12T13:15:32","modified_gmt":"2026-01-12T11:15:32","slug":"torsten-crew","status":"publish","type":"product","link":"https:\/\/nautical.store\/fi\/tuote\/torsten-crew\/","title":{"rendered":"Torsten Crew"},"content":{"rendered":"<p><!--StartFragment --><\/p>\n<p>Jacquard\u2011neulottu villasekoiteneule. Klassinen neulekuvio ja joustinneulotut viimeistelyt. Py\u00f6re\u00e4 kaksinkertainen joustinneulottu p\u00e4\u00e4ntie. Valmistettu kest\u00e4v\u00e4sti Euroopassa.<\/p>\n<ul>\n<li>Klassinen (regular fit) mitoitus<\/li>\n<li>Klassinen kuvio<\/li>\n<li>Joustinneulotut reunat<\/li>\n<li>OEKO\u2011TEX\u00ae\u2011sertifioitu lanka<\/li>\n<li>Valmistettu Euroopassa<\/li>\n<li>Materiaali: Neulottu kangas: 80 % villa, 20 % polyamidi<\/li>\n<li>Koko L: kokonaispituus 73 cm<\/li>\n<\/ul>\n<p><!--EndFragment --><\/p>\n","protected":false},"excerpt":{"rendered":"<p>Klassikkokuosinen villasekoiteneule<\/p>\n","protected":false},"featured_media":68285,"template":"","meta":{"_acf_changed":false},"pwb-brand":[836],"product_brand":[],"product_cat":[876,777,619],"product_tag":[],"woo-feed-brand":[],"class_list":{"0":"post-68866","1":"product","2":"type-product","3":"status-publish","4":"has-post-thumbnail","6":"pwb-brand-holebrook-fi","7":"product_cat-edullinen-hinta-miehet-fi","8":"product_cat-miehet","9":"product_cat-neuleet-miehet","11":"first","12":"instock","13":"sale","14":"taxable","15":"shipping-taxable","16":"purchasable","17":"product-type-variable","18":"wvs-archive-product-wrapper"},"acf":[],"brands":[{"id":836,"name":"Holebrook","slug":"holebrook-fi"}],"_links":{"self":[{"href":"https:\/\/nautical.store\/fi\/wp-json\/wp\/v2\/product\/68866","targetHints":{"allow":["GET"]}}],"collection":[{"href":"https:\/\/nautical.store\/fi\/wp-json\/wp\/v2\/product"}],"about":[{"href":"https:\/\/nautical.store\/fi\/wp-json\/wp\/v2\/types\/product"}],"wp:featuredmedia":[{"embeddable":true,"href":"https:\/\/nautical.store\/fi\/wp-json\/wp\/v2\/media\/68285"}],"wp:attachment":[{"href":"https:\/\/nautical.store\/fi\/wp-json\/wp\/v2\/media?parent=68866"}],"wp:term":[{"taxonomy":"pwb-brand","embeddable":true,"href":"https:\/\/nautical.store\/fi\/wp-json\/wp\/v2\/pwb-brand?post=68866"},{"taxonomy":"product_brand","embeddable":true,"href":"https:\/\/nautical.store\/fi\/wp-json\/wp\/v2\/product_brand?post=68866"},{"taxonomy":"product_cat","embeddable":true,"href":"https:\/\/nautical.store\/fi\/wp-json\/wp\/v2\/product_cat?post=68866"},{"taxonomy":"product_tag","embeddable":true,"href":"https:\/\/nautical.store\/fi\/wp-json\/wp\/v2\/product_tag?post=68866"},{"taxonomy":"woo-feed-brand","embeddable":true,"href":"https:\/\/nautical.store\/fi\/wp-json\/wp\/v2\/woo-feed-brand?post=68866"}],"curies":[{"name":"wp","href":"https:\/\/api.w.org\/{rel}","templated":true}]}}