{"id":68879,"date":"2024-09-09T12:13:01","date_gmt":"2024-09-09T09:13:01","guid":{"rendered":"https:\/\/nautical.store\/?post_type=product&#038;p=68879"},"modified":"2025-12-09T23:30:48","modified_gmt":"2025-12-09T21:30:48","slug":"matilda-cargo-housut","status":"publish","type":"product","link":"https:\/\/nautical.store\/fi\/tuote\/matilda-cargo-housut\/","title":{"rendered":"Matilda cargohousut"},"content":{"rendered":"<p>Matilda cargohousut ovat mukavat ja tyylikk\u00e4\u00e4t arkeen ja vapaa-aikaan.<br \/>\nVillasekoitekangas tuntuu laadukkaalta ja kest\u00e4\u00e4 hyvin k\u00e4ytt\u00f6\u00e4.<br \/>\nKorkea vy\u00f6t\u00e4r\u00f6 ja kiristysny\u00f6ri takaavat hyv\u00e4n istuvuuden.<br \/>\nRibbiresorilliset sivutaskut lis\u00e4\u00e4v\u00e4t rentoa ilmett\u00e4.<br \/>\nT\u00e4ydellinen pari Matilda turtle -neuleen kanssa.<br \/>\n\u2022 Materiaali: 32 % alpakkaa (fine), 32 % merinovillaa (extra fine), 34 % polyamidia, 2 % elastaania<br \/>\n\u2022 Korkea vy\u00f6t\u00e4r\u00f6<br \/>\n\u2022 Leve\u00e4t lahkeet<br \/>\n\u2022 Sivutaskut ribbiresorilla<br \/>\n\u2022 Yhteensopiva Matilda turtle -neuleen kanssa<br \/>\n\u2022 Koko S: lahkeen sis\u00e4pituus 72 cm, kokonaispituus 105 cm<\/p>\n","protected":false},"excerpt":{"rendered":"<p>Naisten neulotut housut merinovillasta ja alpakasta<\/p>\n","protected":false},"featured_media":68248,"template":"","meta":{"_acf_changed":false},"pwb-brand":[836],"product_brand":[],"product_cat":[877,640,827,601],"product_tag":[],"woo-feed-brand":[],"class_list":{"0":"post-68879","1":"product","2":"type-product","3":"status-publish","4":"has-post-thumbnail","6":"pwb-brand-holebrook-fi","7":"product_cat-edullinen-hinta-naiset","8":"product_cat-housut-fi","9":"product_cat-naiset","10":"product_cat-neuleet","12":"first","13":"instock","14":"sale","15":"taxable","16":"shipping-taxable","17":"purchasable","18":"product-type-variable","19":"wvs-archive-product-wrapper"},"acf":[],"brands":[{"id":836,"name":"Holebrook","slug":"holebrook-fi"}],"_links":{"self":[{"href":"https:\/\/nautical.store\/fi\/wp-json\/wp\/v2\/product\/68879","targetHints":{"allow":["GET"]}}],"collection":[{"href":"https:\/\/nautical.store\/fi\/wp-json\/wp\/v2\/product"}],"about":[{"href":"https:\/\/nautical.store\/fi\/wp-json\/wp\/v2\/types\/product"}],"wp:featuredmedia":[{"embeddable":true,"href":"https:\/\/nautical.store\/fi\/wp-json\/wp\/v2\/media\/68248"}],"wp:attachment":[{"href":"https:\/\/nautical.store\/fi\/wp-json\/wp\/v2\/media?parent=68879"}],"wp:term":[{"taxonomy":"pwb-brand","embeddable":true,"href":"https:\/\/nautical.store\/fi\/wp-json\/wp\/v2\/pwb-brand?post=68879"},{"taxonomy":"product_brand","embeddable":true,"href":"https:\/\/nautical.store\/fi\/wp-json\/wp\/v2\/product_brand?post=68879"},{"taxonomy":"product_cat","embeddable":true,"href":"https:\/\/nautical.store\/fi\/wp-json\/wp\/v2\/product_cat?post=68879"},{"taxonomy":"product_tag","embeddable":true,"href":"https:\/\/nautical.store\/fi\/wp-json\/wp\/v2\/product_tag?post=68879"},{"taxonomy":"woo-feed-brand","embeddable":true,"href":"https:\/\/nautical.store\/fi\/wp-json\/wp\/v2\/woo-feed-brand?post=68879"}],"curies":[{"name":"wp","href":"https:\/\/api.w.org\/{rel}","templated":true}]}}