{"id":68884,"date":"2024-09-09T12:14:16","date_gmt":"2024-09-09T09:14:16","guid":{"rendered":"https:\/\/nautical.store\/?post_type=product&#038;p=68884"},"modified":"2026-01-09T11:14:09","modified_gmt":"2026-01-09T09:14:09","slug":"matilda-turtle-sviiteri","status":"publish","type":"product","link":"https:\/\/nautical.store\/fi\/tuote\/matilda-turtle-sviiteri\/","title":{"rendered":"Matilda Turtle Neulepusero"},"content":{"rendered":"<p><!--StartFragment --><\/p>\n<p>Neulottu korkeakauluksinen neulepusero, valmistettu ilmavasta ja erityisen hienosta RWS\u2011sertifioidun merinovillan ja alpakavillan sekoitteesta. Joustinneulottu korkea kaulus ja hihansuut. Halkiot molemmilla sivuilla. Runsaat hihat ja laskettu olkalinja. Valmistettu Euroopassa.<\/p>\n<p>RWS (Responsible Wool Standard) \u2011sertifikaatti takaa el\u00e4inten hyvinvoinnin, villan vastuullisen k\u00e4sittelyn koko tuotantoprosessin ajan sek\u00e4 laidunten kest\u00e4v\u00e4n k\u00e4yt\u00f6n.<\/p>\n<p>&nbsp;<\/p>\n<ul>\n<li>Materiaali: 32% alpakan hienovilla, 32% extra fine merinovilla, 34% polyamidi, 2% elastaani<\/li>\n<li>Halkio molemmilla sivuilla: 26 cm<\/li>\n<li>V\u00e4lj\u00e4 mitoitus<\/li>\n<li>Leve\u00e4t hihat, joissa elegantit laskokset<\/li>\n<li>Joustinneulottu kaulus ja hihansuut<\/li>\n<li>Koko S: kokonaispituus 82 cm<\/li>\n<\/ul>\n<p><!--EndFragment --><\/p>\n","protected":false},"excerpt":{"rendered":"<p>Korkeakauluksinen merino\u2011 ja alpakavillasekoite\u00adneulepusero<\/p>\n","protected":false},"featured_media":68202,"template":"","meta":{"_acf_changed":false},"pwb-brand":[836],"product_brand":[],"product_cat":[877,827,601],"product_tag":[],"woo-feed-brand":[],"class_list":{"0":"post-68884","1":"product","2":"type-product","3":"status-publish","4":"has-post-thumbnail","6":"pwb-brand-holebrook-fi","7":"product_cat-edullinen-hinta-naiset","8":"product_cat-naiset","9":"product_cat-neuleet","11":"first","12":"instock","13":"sale","14":"taxable","15":"shipping-taxable","16":"purchasable","17":"product-type-variable","18":"wvs-archive-product-wrapper"},"acf":[],"brands":[{"id":836,"name":"Holebrook","slug":"holebrook-fi"}],"_links":{"self":[{"href":"https:\/\/nautical.store\/fi\/wp-json\/wp\/v2\/product\/68884","targetHints":{"allow":["GET"]}}],"collection":[{"href":"https:\/\/nautical.store\/fi\/wp-json\/wp\/v2\/product"}],"about":[{"href":"https:\/\/nautical.store\/fi\/wp-json\/wp\/v2\/types\/product"}],"wp:featuredmedia":[{"embeddable":true,"href":"https:\/\/nautical.store\/fi\/wp-json\/wp\/v2\/media\/68202"}],"wp:attachment":[{"href":"https:\/\/nautical.store\/fi\/wp-json\/wp\/v2\/media?parent=68884"}],"wp:term":[{"taxonomy":"pwb-brand","embeddable":true,"href":"https:\/\/nautical.store\/fi\/wp-json\/wp\/v2\/pwb-brand?post=68884"},{"taxonomy":"product_brand","embeddable":true,"href":"https:\/\/nautical.store\/fi\/wp-json\/wp\/v2\/product_brand?post=68884"},{"taxonomy":"product_cat","embeddable":true,"href":"https:\/\/nautical.store\/fi\/wp-json\/wp\/v2\/product_cat?post=68884"},{"taxonomy":"product_tag","embeddable":true,"href":"https:\/\/nautical.store\/fi\/wp-json\/wp\/v2\/product_tag?post=68884"},{"taxonomy":"woo-feed-brand","embeddable":true,"href":"https:\/\/nautical.store\/fi\/wp-json\/wp\/v2\/woo-feed-brand?post=68884"}],"curies":[{"name":"wp","href":"https:\/\/api.w.org\/{rel}","templated":true}]}}