{"id":69133,"date":"2024-09-18T22:31:24","date_gmt":"2024-09-18T19:31:24","guid":{"rendered":"https:\/\/nautical.store\/?post_type=product&#038;p=69133"},"modified":"2025-10-12T14:37:25","modified_gmt":"2025-10-12T11:37:25","slug":"crushed-satin-hame","status":"publish","type":"product","link":"https:\/\/nautical.store\/fi\/tuote\/crushed-satin-hame\/","title":{"rendered":"Crushed Satin Hame"},"content":{"rendered":"<p>Tyylik\u00e4s pitk\u00e4 hame pehme\u00e4st\u00e4 ja kiilt\u00e4v\u00e4st\u00e4 kankaasta. Hameen kaunis hohde korostaa sen hienostunutta pintaa ja tuo asuun ripauksen luksusta \u2013 sopii yht\u00e4 hyvin juhlaan kuin arkeen.<br \/>\nJoustava vy\u00f6t\u00e4r\u00f6 takaa mukavan istuvuuden ja antaa liikkumisen vapautta. T\u00e4ydellinen valinta sinulle, joka arvostat sek\u00e4 n\u00e4ytt\u00e4vyytt\u00e4 ett\u00e4 mukavuutta.<br \/>\n\u2022 Koko 38, pituus 101 cm<br \/>\n\u2022 100 % asetaattia<br \/>\n\u2022 Asetaatti on joustava materiaali, joka pit\u00e4\u00e4 hyvin muotonsa<\/p>\n","protected":false},"excerpt":{"rendered":"<p>Tyylik\u00e4s pitk\u00e4 hame pehme\u00e4st\u00e4 ja kiilt\u00e4v\u00e4st\u00e4 kankaasta. Hameen kaunis hohde korostaa sen hienostunutta pintaa ja tuo asuun ripauksen luksusta \u2013 sopii yht\u00e4 hyvin juhlaan kuin arkeen. Joustava vy\u00f6t\u00e4r\u00f6 takaa mukavan istuvuuden ja antaa liikkumisen vapautta. T\u00e4ydellinen valinta sinulle, joka arvostat sek\u00e4 n\u00e4ytt\u00e4vyytt\u00e4 ett\u00e4 mukavuutta. \u2022 Koko 38, pituus 101 cm \u2022 100 % asetaattia \u2022 [&hellip;]<\/p>\n","protected":false},"featured_media":69096,"template":"","meta":{"_acf_changed":false},"pwb-brand":[1640],"product_brand":[],"product_cat":[877,639,827,2183],"product_tag":[],"woo-feed-brand":[],"class_list":{"0":"post-69133","1":"product","2":"type-product","3":"status-publish","4":"has-post-thumbnail","6":"pwb-brand-esqualo-fi","7":"product_cat-edullinen-hinta-naiset","8":"product_cat-hameet","9":"product_cat-naiset","10":"product_cat-outlet-fi","12":"first","13":"instock","14":"sale","15":"taxable","16":"shipping-taxable","17":"purchasable","18":"product-type-variable","19":"wvs-archive-product-wrapper"},"acf":[],"brands":[{"id":1640,"name":"EsQualo","slug":"esqualo-fi"}],"_links":{"self":[{"href":"https:\/\/nautical.store\/fi\/wp-json\/wp\/v2\/product\/69133","targetHints":{"allow":["GET"]}}],"collection":[{"href":"https:\/\/nautical.store\/fi\/wp-json\/wp\/v2\/product"}],"about":[{"href":"https:\/\/nautical.store\/fi\/wp-json\/wp\/v2\/types\/product"}],"wp:featuredmedia":[{"embeddable":true,"href":"https:\/\/nautical.store\/fi\/wp-json\/wp\/v2\/media\/69096"}],"wp:attachment":[{"href":"https:\/\/nautical.store\/fi\/wp-json\/wp\/v2\/media?parent=69133"}],"wp:term":[{"taxonomy":"pwb-brand","embeddable":true,"href":"https:\/\/nautical.store\/fi\/wp-json\/wp\/v2\/pwb-brand?post=69133"},{"taxonomy":"product_brand","embeddable":true,"href":"https:\/\/nautical.store\/fi\/wp-json\/wp\/v2\/product_brand?post=69133"},{"taxonomy":"product_cat","embeddable":true,"href":"https:\/\/nautical.store\/fi\/wp-json\/wp\/v2\/product_cat?post=69133"},{"taxonomy":"product_tag","embeddable":true,"href":"https:\/\/nautical.store\/fi\/wp-json\/wp\/v2\/product_tag?post=69133"},{"taxonomy":"woo-feed-brand","embeddable":true,"href":"https:\/\/nautical.store\/fi\/wp-json\/wp\/v2\/woo-feed-brand?post=69133"}],"curies":[{"name":"wp","href":"https:\/\/api.w.org\/{rel}","templated":true}]}}